{"id":549,"date":"2023-04-14T13:50:57","date_gmt":"2023-04-14T13:50:57","guid":{"rendered":"https:\/\/www.cremonahotels.it\/?page_id=549"},"modified":"2023-04-14T13:52:44","modified_gmt":"2023-04-14T13:52:44","slug":"musees-diocese-de-cremone","status":"publish","type":"page","link":"https:\/\/www.cremonahotels.it\/fr\/cremona\/musees-diocese-de-cremone\/","title":{"rendered":"Mus\u00e9es &#8211; Dioc\u00e8se de Cr\u00e9mone"},"content":{"rendered":"<p>La naissance du Mus\u00e9e dioc\u00e9sain, install\u00e9 \u00e0 l&rsquo;int\u00e9rieur du palais \u00e9piscopal du XVIIIe si\u00e8cle, fait partie d&rsquo;un projet culturel plus large promu par le dioc\u00e8se de Cr\u00e9mone. Avec la cath\u00e9drale d\u00e9di\u00e9e \u00e0 Santa Maria Assunta, le mus\u00e9e vertical Torrazzo et le baptist\u00e8re, le mus\u00e9e veut raconter une partie importante de l&rsquo;histoire, de l&rsquo;art et de la spiritualit\u00e9 de Cr\u00e9mone.<\/p>\n<p><a href=\"https:\/\/www.museidiocesicremona.it\/home\/\" target=\"_blank\" rel=\"noopener\">Cliquez ici<\/a> pour des informations plus d\u00e9taill\u00e9es<\/p>\n","protected":false},"excerpt":{"rendered":"<p>La naissance du Mus\u00e9e dioc\u00e9sain, install\u00e9 \u00e0 l&rsquo;int\u00e9rieur du palais \u00e9piscopal du XVIIIe si\u00e8cle, fait partie d&rsquo;un projet culturel plus large promu par le dioc\u00e8se de Cr\u00e9mone. Avec la cath\u00e9drale d\u00e9di\u00e9e \u00e0 Santa Maria Assunta, le mus\u00e9e vertical Torrazzo et le baptist\u00e8re, le mus\u00e9e veut raconter une partie importante de l&rsquo;histoire, de l&rsquo;art et de [&hellip;]<\/p>\n","protected":false},"author":344,"featured_media":0,"parent":323,"menu_order":10,"comment_status":"closed","ping_status":"closed","template":"","meta":{"footnotes":""},"class_list":["post-549","page","type-page","status-publish","hentry"],"yoast_head":"<!-- This site is optimized with the Yoast SEO plugin v26.9 - https:\/\/yoast.com\/product\/yoast-seo-wordpress\/ -->\n<title>Mus\u00e9es - Dioc\u00e8se de Cr\u00e9mone &#8226; Cremona hotels &#8226;<\/title>\n<meta name=\"description\" content=\"La naissance du Mus\u00e9e dioc\u00e9sain, install\u00e9 \u00e0 l&#039;int\u00e9rieur du palais \u00e9piscopal du XVIIIe si\u00e8cle, fait partie d&#039;un projet culturel plus large promu par le dioc\u00e8se de Cr\u00e9mone. Avec la cath\u00e9drale d\u00e9di\u00e9e \u00e0 Santa Maria Assunta, le mus\u00e9e vertical Torrazzo et le baptist\u00e8re, le mus\u00e9e veut raconter une partie importante de l&#039;histoire, de l&#039;art et de la spiritualit\u00e9 de Cr\u00e9mone.  Cliquez ici pour des informations plus d\u00e9taill\u00e9es\" \/>\n<meta name=\"robots\" content=\"index, follow, max-snippet:-1, max-image-preview:large, max-video-preview:-1\" \/>\n<link rel=\"canonical\" href=\"https:\/\/www.cremonahotels.it\/fr\/cremona\/musees-diocese-de-cremone\/\" \/>\n<meta property=\"og:locale\" content=\"fr_FR\" \/>\n<meta property=\"og:type\" content=\"article\" \/>\n<meta property=\"og:title\" content=\"Mus\u00e9es - Dioc\u00e8se de Cr\u00e9mone &#8226; Cremona hotels &#8226;\" \/>\n<meta property=\"og:description\" content=\"La naissance du Mus\u00e9e dioc\u00e9sain, install\u00e9 \u00e0 l&#039;int\u00e9rieur du palais \u00e9piscopal du XVIIIe si\u00e8cle, fait partie d&#039;un projet culturel plus large promu par le dioc\u00e8se de Cr\u00e9mone. Avec la cath\u00e9drale d\u00e9di\u00e9e \u00e0 Santa Maria Assunta, le mus\u00e9e vertical Torrazzo et le baptist\u00e8re, le mus\u00e9e veut raconter une partie importante de l&#039;histoire, de l&#039;art et de la spiritualit\u00e9 de Cr\u00e9mone.  Cliquez ici pour des informations plus d\u00e9taill\u00e9es\" \/>\n<meta property=\"og:url\" content=\"https:\/\/www.cremonahotels.it\/fr\/cremona\/musees-diocese-de-cremone\/\" \/>\n<meta property=\"og:site_name\" content=\"Cremona hotels\" \/>\n<meta property=\"article:modified_time\" content=\"2023-04-14T13:52:44+00:00\" \/>\n<meta name=\"twitter:card\" content=\"summary_large_image\" \/>\n<script type=\"application\/ld+json\" class=\"yoast-schema-graph\">{\"@context\":\"https:\/\/schema.org\",\"@graph\":[{\"@type\":\"WebPage\",\"@id\":\"https:\/\/www.cremonahotels.it\/fr\/cremona\/musees-diocese-de-cremone\/\",\"url\":\"https:\/\/www.cremonahotels.it\/fr\/cremona\/musees-diocese-de-cremone\/\",\"name\":\"Mus\u00e9es - Dioc\u00e8se de Cr\u00e9mone &#8226; Cremona hotels &#8226;\",\"isPartOf\":{\"@id\":\"https:\/\/www.cremonahotels.it\/fr\/#website\"},\"datePublished\":\"2023-04-14T13:50:57+00:00\",\"dateModified\":\"2023-04-14T13:52:44+00:00\",\"description\":\"La naissance du Mus\u00e9e dioc\u00e9sain, install\u00e9 \u00e0 l'int\u00e9rieur du palais \u00e9piscopal du XVIIIe si\u00e8cle, fait partie d'un projet culturel plus large promu par le dioc\u00e8se de Cr\u00e9mone. Avec la cath\u00e9drale d\u00e9di\u00e9e \u00e0 Santa Maria Assunta, le mus\u00e9e vertical Torrazzo et le baptist\u00e8re, le mus\u00e9e veut raconter une partie importante de l'histoire, de l'art et de la spiritualit\u00e9 de Cr\u00e9mone. Cliquez ici pour des informations plus d\u00e9taill\u00e9es\",\"breadcrumb\":{\"@id\":\"https:\/\/www.cremonahotels.it\/fr\/cremona\/musees-diocese-de-cremone\/#breadcrumb\"},\"inLanguage\":\"fr-FR\",\"potentialAction\":[{\"@type\":\"ReadAction\",\"target\":[\"https:\/\/www.cremonahotels.it\/fr\/cremona\/musees-diocese-de-cremone\/\"]}]},{\"@type\":\"BreadcrumbList\",\"@id\":\"https:\/\/www.cremonahotels.it\/fr\/cremona\/musees-diocese-de-cremone\/#breadcrumb\",\"itemListElement\":[{\"@type\":\"ListItem\",\"position\":1,\"name\":\"Home\",\"item\":\"https:\/\/www.cremonahotels.it\/fr\/\"},{\"@type\":\"ListItem\",\"position\":2,\"name\":\"Cremona\",\"item\":\"https:\/\/www.cremonahotels.it\/fr\/cremona\/\"},{\"@type\":\"ListItem\",\"position\":3,\"name\":\"Mus\u00e9es &#8211; Dioc\u00e8se de Cr\u00e9mone\"}]},{\"@type\":\"WebSite\",\"@id\":\"https:\/\/www.cremonahotels.it\/fr\/#website\",\"url\":\"https:\/\/www.cremonahotels.it\/fr\/\",\"name\":\"Cremona hotels\",\"description\":\"Just another ms.decms.eu site\",\"potentialAction\":[{\"@type\":\"SearchAction\",\"target\":{\"@type\":\"EntryPoint\",\"urlTemplate\":\"https:\/\/www.cremonahotels.it\/fr\/?s={search_term_string}\"},\"query-input\":{\"@type\":\"PropertyValueSpecification\",\"valueRequired\":true,\"valueName\":\"search_term_string\"}}],\"inLanguage\":\"fr-FR\"}]}<\/script>\n<!-- \/ Yoast SEO plugin. -->","yoast_head_json":{"title":"Mus\u00e9es - Dioc\u00e8se de Cr\u00e9mone &#8226; Cremona hotels &#8226;","description":"La naissance du Mus\u00e9e dioc\u00e9sain, install\u00e9 \u00e0 l'int\u00e9rieur du palais \u00e9piscopal du XVIIIe si\u00e8cle, fait partie d'un projet culturel plus large promu par le dioc\u00e8se de Cr\u00e9mone. Avec la cath\u00e9drale d\u00e9di\u00e9e \u00e0 Santa Maria Assunta, le mus\u00e9e vertical Torrazzo et le baptist\u00e8re, le mus\u00e9e veut raconter une partie importante de l'histoire, de l'art et de la spiritualit\u00e9 de Cr\u00e9mone.  Cliquez ici pour des informations plus d\u00e9taill\u00e9es","robots":{"index":"index","follow":"follow","max-snippet":"max-snippet:-1","max-image-preview":"max-image-preview:large","max-video-preview":"max-video-preview:-1"},"canonical":"https:\/\/www.cremonahotels.it\/fr\/cremona\/musees-diocese-de-cremone\/","og_locale":"fr_FR","og_type":"article","og_title":"Mus\u00e9es - Dioc\u00e8se de Cr\u00e9mone &#8226; Cremona hotels &#8226;","og_description":"La naissance du Mus\u00e9e dioc\u00e9sain, install\u00e9 \u00e0 l'int\u00e9rieur du palais \u00e9piscopal du XVIIIe si\u00e8cle, fait partie d'un projet culturel plus large promu par le dioc\u00e8se de Cr\u00e9mone. Avec la cath\u00e9drale d\u00e9di\u00e9e \u00e0 Santa Maria Assunta, le mus\u00e9e vertical Torrazzo et le baptist\u00e8re, le mus\u00e9e veut raconter une partie importante de l'histoire, de l'art et de la spiritualit\u00e9 de Cr\u00e9mone.  Cliquez ici pour des informations plus d\u00e9taill\u00e9es","og_url":"https:\/\/www.cremonahotels.it\/fr\/cremona\/musees-diocese-de-cremone\/","og_site_name":"Cremona hotels","article_modified_time":"2023-04-14T13:52:44+00:00","twitter_card":"summary_large_image","schema":{"@context":"https:\/\/schema.org","@graph":[{"@type":"WebPage","@id":"https:\/\/www.cremonahotels.it\/fr\/cremona\/musees-diocese-de-cremone\/","url":"https:\/\/www.cremonahotels.it\/fr\/cremona\/musees-diocese-de-cremone\/","name":"Mus\u00e9es - Dioc\u00e8se de Cr\u00e9mone &#8226; Cremona hotels &#8226;","isPartOf":{"@id":"https:\/\/www.cremonahotels.it\/fr\/#website"},"datePublished":"2023-04-14T13:50:57+00:00","dateModified":"2023-04-14T13:52:44+00:00","description":"La naissance du Mus\u00e9e dioc\u00e9sain, install\u00e9 \u00e0 l'int\u00e9rieur du palais \u00e9piscopal du XVIIIe si\u00e8cle, fait partie d'un projet culturel plus large promu par le dioc\u00e8se de Cr\u00e9mone. Avec la cath\u00e9drale d\u00e9di\u00e9e \u00e0 Santa Maria Assunta, le mus\u00e9e vertical Torrazzo et le baptist\u00e8re, le mus\u00e9e veut raconter une partie importante de l'histoire, de l'art et de la spiritualit\u00e9 de Cr\u00e9mone. Cliquez ici pour des informations plus d\u00e9taill\u00e9es","breadcrumb":{"@id":"https:\/\/www.cremonahotels.it\/fr\/cremona\/musees-diocese-de-cremone\/#breadcrumb"},"inLanguage":"fr-FR","potentialAction":[{"@type":"ReadAction","target":["https:\/\/www.cremonahotels.it\/fr\/cremona\/musees-diocese-de-cremone\/"]}]},{"@type":"BreadcrumbList","@id":"https:\/\/www.cremonahotels.it\/fr\/cremona\/musees-diocese-de-cremone\/#breadcrumb","itemListElement":[{"@type":"ListItem","position":1,"name":"Home","item":"https:\/\/www.cremonahotels.it\/fr\/"},{"@type":"ListItem","position":2,"name":"Cremona","item":"https:\/\/www.cremonahotels.it\/fr\/cremona\/"},{"@type":"ListItem","position":3,"name":"Mus\u00e9es &#8211; Dioc\u00e8se de Cr\u00e9mone"}]},{"@type":"WebSite","@id":"https:\/\/www.cremonahotels.it\/fr\/#website","url":"https:\/\/www.cremonahotels.it\/fr\/","name":"Cremona hotels","description":"Just another ms.decms.eu site","potentialAction":[{"@type":"SearchAction","target":{"@type":"EntryPoint","urlTemplate":"https:\/\/www.cremonahotels.it\/fr\/?s={search_term_string}"},"query-input":{"@type":"PropertyValueSpecification","valueRequired":true,"valueName":"search_term_string"}}],"inLanguage":"fr-FR"}]}},"acf":[],"_links":{"self":[{"href":"https:\/\/www.cremonahotels.it\/fr\/wp-json\/wp\/v2\/pages\/549","targetHints":{"allow":["GET"]}}],"collection":[{"href":"https:\/\/www.cremonahotels.it\/fr\/wp-json\/wp\/v2\/pages"}],"about":[{"href":"https:\/\/www.cremonahotels.it\/fr\/wp-json\/wp\/v2\/types\/page"}],"author":[{"embeddable":true,"href":"https:\/\/www.cremonahotels.it\/fr\/wp-json\/wp\/v2\/users\/344"}],"replies":[{"embeddable":true,"href":"https:\/\/www.cremonahotels.it\/fr\/wp-json\/wp\/v2\/comments?post=549"}],"version-history":[{"count":0,"href":"https:\/\/www.cremonahotels.it\/fr\/wp-json\/wp\/v2\/pages\/549\/revisions"}],"up":[{"embeddable":true,"href":"https:\/\/www.cremonahotels.it\/fr\/wp-json\/wp\/v2\/pages\/323"}],"wp:attachment":[{"href":"https:\/\/www.cremonahotels.it\/fr\/wp-json\/wp\/v2\/media?parent=549"}],"curies":[{"name":"wp","href":"https:\/\/api.w.org\/{rel}","templated":true}]}}