{"id":543,"date":"2023-04-14T12:55:26","date_gmt":"2023-04-14T12:55:26","guid":{"rendered":"https:\/\/www.cremonahotels.it\/?page_id=543"},"modified":"2023-04-14T13:27:39","modified_gmt":"2023-04-14T13:27:39","slug":"aeronord-liees-aux-montgolfieres","status":"publish","type":"page","link":"https:\/\/www.cremonahotels.it\/fr\/cremona\/aeronord-liees-aux-montgolfieres\/","title":{"rendered":"Aeronord &#8211; li\u00e9es aux montgolfi\u00e8res"},"content":{"rendered":"<p>Aeronord est actif en Italie pour le transport de passagers et d&rsquo;autres activit\u00e9s li\u00e9es aux montgolfi\u00e8res depuis 1960. Nous proposons des vols exclusifs, r\u00e9serv\u00e9s \u00e0 un nombre limit\u00e9 de personnes et avec une attention particuli\u00e8re et personnalis\u00e9e pour chacun de nos passagers (notre exp\u00e9rience comprend le vol , transport d\u00e9di\u00e9 et pour conclure le petit d\u00e9jeuner ou l&rsquo;ap\u00e9ritif avec des produits typiques de la r\u00e9gion dans une ferme). Une exp\u00e9rience unique pour admirer les paysages de la Lombardie, la vall\u00e9e du Tessin, les villages de la r\u00e9gion de Crema d&rsquo;un point de vue absolument unique.<\/p>\n<p>Pour plus d&rsquo;infos et r\u00e9servation rendez-vous sur <a href=\"https:\/\/www.aeronordaerostati.it\/\" target=\"_blank\" rel=\"noopener\">Aeronord<\/a><\/p>\n","protected":false},"excerpt":{"rendered":"<p>Aeronord est actif en Italie pour le transport de passagers et d&rsquo;autres activit\u00e9s li\u00e9es aux montgolfi\u00e8res depuis 1960. Nous proposons des vols exclusifs, r\u00e9serv\u00e9s \u00e0 un nombre limit\u00e9 de personnes et avec une attention particuli\u00e8re et personnalis\u00e9e pour chacun de nos passagers (notre exp\u00e9rience comprend le vol , transport d\u00e9di\u00e9 et pour conclure le petit [&hellip;]<\/p>\n","protected":false},"author":344,"featured_media":0,"parent":323,"menu_order":11,"comment_status":"closed","ping_status":"closed","template":"","meta":{"footnotes":""},"class_list":["post-543","page","type-page","status-publish","hentry"],"yoast_head":"<!-- This site is optimized with the Yoast SEO plugin v26.9 - https:\/\/yoast.com\/product\/yoast-seo-wordpress\/ -->\n<title>Aeronord - li\u00e9es aux montgolfi\u00e8res &#8226; Cremona hotels &#8226;<\/title>\n<meta name=\"description\" content=\"Aeronord est actif en Italie pour le transport de passagers et d&#039;autres activit\u00e9s li\u00e9es aux montgolfi\u00e8res depuis 1960. Nous proposons des vols exclusifs, r\u00e9serv\u00e9s \u00e0 un nombre limit\u00e9 de personnes et avec une attention particuli\u00e8re et personnalis\u00e9e pour chacun de nos passagers (notre exp\u00e9rience comprend le vol , transport d\u00e9di\u00e9 et pour conclure le petit d\u00e9jeuner ou l&#039;ap\u00e9ritif avec des produits typiques de la r\u00e9gion dans une ferme)\" \/>\n<meta name=\"robots\" content=\"index, follow, max-snippet:-1, max-image-preview:large, max-video-preview:-1\" \/>\n<link rel=\"canonical\" href=\"https:\/\/www.cremonahotels.it\/fr\/cremona\/aeronord-liees-aux-montgolfieres\/\" \/>\n<meta property=\"og:locale\" content=\"fr_FR\" \/>\n<meta property=\"og:type\" content=\"article\" \/>\n<meta property=\"og:title\" content=\"Aeronord - li\u00e9es aux montgolfi\u00e8res &#8226; Cremona hotels &#8226;\" \/>\n<meta property=\"og:description\" content=\"Aeronord est actif en Italie pour le transport de passagers et d&#039;autres activit\u00e9s li\u00e9es aux montgolfi\u00e8res depuis 1960. Nous proposons des vols exclusifs, r\u00e9serv\u00e9s \u00e0 un nombre limit\u00e9 de personnes et avec une attention particuli\u00e8re et personnalis\u00e9e pour chacun de nos passagers (notre exp\u00e9rience comprend le vol , transport d\u00e9di\u00e9 et pour conclure le petit d\u00e9jeuner ou l&#039;ap\u00e9ritif avec des produits typiques de la r\u00e9gion dans une ferme)\" \/>\n<meta property=\"og:url\" content=\"https:\/\/www.cremonahotels.it\/fr\/cremona\/aeronord-liees-aux-montgolfieres\/\" \/>\n<meta property=\"og:site_name\" content=\"Cremona hotels\" \/>\n<meta property=\"article:modified_time\" content=\"2023-04-14T13:27:39+00:00\" \/>\n<meta name=\"twitter:card\" content=\"summary_large_image\" \/>\n<meta name=\"twitter:label1\" content=\"Dur\u00e9e de lecture estim\u00e9e\" \/>\n\t<meta name=\"twitter:data1\" content=\"1 minute\" \/>\n<script type=\"application\/ld+json\" class=\"yoast-schema-graph\">{\"@context\":\"https:\/\/schema.org\",\"@graph\":[{\"@type\":\"WebPage\",\"@id\":\"https:\/\/www.cremonahotels.it\/fr\/cremona\/aeronord-liees-aux-montgolfieres\/\",\"url\":\"https:\/\/www.cremonahotels.it\/fr\/cremona\/aeronord-liees-aux-montgolfieres\/\",\"name\":\"Aeronord - li\u00e9es aux montgolfi\u00e8res &#8226; Cremona hotels &#8226;\",\"isPartOf\":{\"@id\":\"https:\/\/www.cremonahotels.it\/fr\/#website\"},\"datePublished\":\"2023-04-14T12:55:26+00:00\",\"dateModified\":\"2023-04-14T13:27:39+00:00\",\"description\":\"Aeronord est actif en Italie pour le transport de passagers et d'autres activit\u00e9s li\u00e9es aux montgolfi\u00e8res depuis 1960. Nous proposons des vols exclusifs, r\u00e9serv\u00e9s \u00e0 un nombre limit\u00e9 de personnes et avec une attention particuli\u00e8re et personnalis\u00e9e pour chacun de nos passagers (notre exp\u00e9rience comprend le vol , transport d\u00e9di\u00e9 et pour conclure le petit d\u00e9jeuner ou l'ap\u00e9ritif avec des produits typiques de la r\u00e9gion dans une ferme)\",\"breadcrumb\":{\"@id\":\"https:\/\/www.cremonahotels.it\/fr\/cremona\/aeronord-liees-aux-montgolfieres\/#breadcrumb\"},\"inLanguage\":\"fr-FR\",\"potentialAction\":[{\"@type\":\"ReadAction\",\"target\":[\"https:\/\/www.cremonahotels.it\/fr\/cremona\/aeronord-liees-aux-montgolfieres\/\"]}]},{\"@type\":\"BreadcrumbList\",\"@id\":\"https:\/\/www.cremonahotels.it\/fr\/cremona\/aeronord-liees-aux-montgolfieres\/#breadcrumb\",\"itemListElement\":[{\"@type\":\"ListItem\",\"position\":1,\"name\":\"Home\",\"item\":\"https:\/\/www.cremonahotels.it\/fr\/\"},{\"@type\":\"ListItem\",\"position\":2,\"name\":\"Cremona\",\"item\":\"https:\/\/www.cremonahotels.it\/fr\/cremona\/\"},{\"@type\":\"ListItem\",\"position\":3,\"name\":\"Aeronord &#8211; li\u00e9es aux montgolfi\u00e8res\"}]},{\"@type\":\"WebSite\",\"@id\":\"https:\/\/www.cremonahotels.it\/fr\/#website\",\"url\":\"https:\/\/www.cremonahotels.it\/fr\/\",\"name\":\"Cremona hotels\",\"description\":\"Just another ms.decms.eu site\",\"potentialAction\":[{\"@type\":\"SearchAction\",\"target\":{\"@type\":\"EntryPoint\",\"urlTemplate\":\"https:\/\/www.cremonahotels.it\/fr\/?s={search_term_string}\"},\"query-input\":{\"@type\":\"PropertyValueSpecification\",\"valueRequired\":true,\"valueName\":\"search_term_string\"}}],\"inLanguage\":\"fr-FR\"}]}<\/script>\n<!-- \/ Yoast SEO plugin. -->","yoast_head_json":{"title":"Aeronord - li\u00e9es aux montgolfi\u00e8res &#8226; Cremona hotels &#8226;","description":"Aeronord est actif en Italie pour le transport de passagers et d'autres activit\u00e9s li\u00e9es aux montgolfi\u00e8res depuis 1960. Nous proposons des vols exclusifs, r\u00e9serv\u00e9s \u00e0 un nombre limit\u00e9 de personnes et avec une attention particuli\u00e8re et personnalis\u00e9e pour chacun de nos passagers (notre exp\u00e9rience comprend le vol , transport d\u00e9di\u00e9 et pour conclure le petit d\u00e9jeuner ou l'ap\u00e9ritif avec des produits typiques de la r\u00e9gion dans une ferme)","robots":{"index":"index","follow":"follow","max-snippet":"max-snippet:-1","max-image-preview":"max-image-preview:large","max-video-preview":"max-video-preview:-1"},"canonical":"https:\/\/www.cremonahotels.it\/fr\/cremona\/aeronord-liees-aux-montgolfieres\/","og_locale":"fr_FR","og_type":"article","og_title":"Aeronord - li\u00e9es aux montgolfi\u00e8res &#8226; Cremona hotels &#8226;","og_description":"Aeronord est actif en Italie pour le transport de passagers et d'autres activit\u00e9s li\u00e9es aux montgolfi\u00e8res depuis 1960. Nous proposons des vols exclusifs, r\u00e9serv\u00e9s \u00e0 un nombre limit\u00e9 de personnes et avec une attention particuli\u00e8re et personnalis\u00e9e pour chacun de nos passagers (notre exp\u00e9rience comprend le vol , transport d\u00e9di\u00e9 et pour conclure le petit d\u00e9jeuner ou l'ap\u00e9ritif avec des produits typiques de la r\u00e9gion dans une ferme)","og_url":"https:\/\/www.cremonahotels.it\/fr\/cremona\/aeronord-liees-aux-montgolfieres\/","og_site_name":"Cremona hotels","article_modified_time":"2023-04-14T13:27:39+00:00","twitter_card":"summary_large_image","twitter_misc":{"Dur\u00e9e de lecture estim\u00e9e":"1 minute"},"schema":{"@context":"https:\/\/schema.org","@graph":[{"@type":"WebPage","@id":"https:\/\/www.cremonahotels.it\/fr\/cremona\/aeronord-liees-aux-montgolfieres\/","url":"https:\/\/www.cremonahotels.it\/fr\/cremona\/aeronord-liees-aux-montgolfieres\/","name":"Aeronord - li\u00e9es aux montgolfi\u00e8res &#8226; Cremona hotels &#8226;","isPartOf":{"@id":"https:\/\/www.cremonahotels.it\/fr\/#website"},"datePublished":"2023-04-14T12:55:26+00:00","dateModified":"2023-04-14T13:27:39+00:00","description":"Aeronord est actif en Italie pour le transport de passagers et d'autres activit\u00e9s li\u00e9es aux montgolfi\u00e8res depuis 1960. Nous proposons des vols exclusifs, r\u00e9serv\u00e9s \u00e0 un nombre limit\u00e9 de personnes et avec une attention particuli\u00e8re et personnalis\u00e9e pour chacun de nos passagers (notre exp\u00e9rience comprend le vol , transport d\u00e9di\u00e9 et pour conclure le petit d\u00e9jeuner ou l'ap\u00e9ritif avec des produits typiques de la r\u00e9gion dans une ferme)","breadcrumb":{"@id":"https:\/\/www.cremonahotels.it\/fr\/cremona\/aeronord-liees-aux-montgolfieres\/#breadcrumb"},"inLanguage":"fr-FR","potentialAction":[{"@type":"ReadAction","target":["https:\/\/www.cremonahotels.it\/fr\/cremona\/aeronord-liees-aux-montgolfieres\/"]}]},{"@type":"BreadcrumbList","@id":"https:\/\/www.cremonahotels.it\/fr\/cremona\/aeronord-liees-aux-montgolfieres\/#breadcrumb","itemListElement":[{"@type":"ListItem","position":1,"name":"Home","item":"https:\/\/www.cremonahotels.it\/fr\/"},{"@type":"ListItem","position":2,"name":"Cremona","item":"https:\/\/www.cremonahotels.it\/fr\/cremona\/"},{"@type":"ListItem","position":3,"name":"Aeronord &#8211; li\u00e9es aux montgolfi\u00e8res"}]},{"@type":"WebSite","@id":"https:\/\/www.cremonahotels.it\/fr\/#website","url":"https:\/\/www.cremonahotels.it\/fr\/","name":"Cremona hotels","description":"Just another ms.decms.eu site","potentialAction":[{"@type":"SearchAction","target":{"@type":"EntryPoint","urlTemplate":"https:\/\/www.cremonahotels.it\/fr\/?s={search_term_string}"},"query-input":{"@type":"PropertyValueSpecification","valueRequired":true,"valueName":"search_term_string"}}],"inLanguage":"fr-FR"}]}},"acf":[],"_links":{"self":[{"href":"https:\/\/www.cremonahotels.it\/fr\/wp-json\/wp\/v2\/pages\/543","targetHints":{"allow":["GET"]}}],"collection":[{"href":"https:\/\/www.cremonahotels.it\/fr\/wp-json\/wp\/v2\/pages"}],"about":[{"href":"https:\/\/www.cremonahotels.it\/fr\/wp-json\/wp\/v2\/types\/page"}],"author":[{"embeddable":true,"href":"https:\/\/www.cremonahotels.it\/fr\/wp-json\/wp\/v2\/users\/344"}],"replies":[{"embeddable":true,"href":"https:\/\/www.cremonahotels.it\/fr\/wp-json\/wp\/v2\/comments?post=543"}],"version-history":[{"count":0,"href":"https:\/\/www.cremonahotels.it\/fr\/wp-json\/wp\/v2\/pages\/543\/revisions"}],"up":[{"embeddable":true,"href":"https:\/\/www.cremonahotels.it\/fr\/wp-json\/wp\/v2\/pages\/323"}],"wp:attachment":[{"href":"https:\/\/www.cremonahotels.it\/fr\/wp-json\/wp\/v2\/media?parent=543"}],"curies":[{"name":"wp","href":"https:\/\/api.w.org\/{rel}","templated":true}]}}