{"id":465,"date":"2021-11-07T17:26:48","date_gmt":"2021-11-07T17:26:48","guid":{"rendered":"https:\/\/www.cremonahotels.it\/?page_id=465"},"modified":"2021-11-07T17:35:23","modified_gmt":"2021-11-07T17:35:23","slug":"465-2","status":"publish","type":"page","link":"https:\/\/www.cremonahotels.it\/fr\/cremona\/465-2\/","title":{"rendered":"ASD MF QUARTER HORSE"},"content":{"rendered":"<p>Devenez un Cowboy aussi !!!<\/p>\n<p>Nous vous proposons des balades \u00e0 cheval accessibles \u00e0 TOUS !<br \/>\n&#8211; Cours pour les enfants \u00e0 partir de 7 ans<br \/>\n&#8211; Cours pour adultes<br \/>\n&#8211; Camps d&rsquo;\u00e9t\u00e9 pour les enfants de 5 \u00e0 12 ans<br \/>\n&#8211; Id\u00e9es cadeaux chevaux<\/p>\n<p>Pour informations et r\u00e9servations, contactez notre r\u00e9ception !<\/p>\n","protected":false},"excerpt":{"rendered":"<p>Devenez un Cowboy aussi !!! Nous vous proposons des balades \u00e0 cheval accessibles \u00e0 TOUS ! &#8211; Cours pour les enfants \u00e0 partir de 7 ans &#8211; Cours pour adultes &#8211; Camps d&rsquo;\u00e9t\u00e9 pour les enfants de 5 \u00e0 12 ans &#8211; Id\u00e9es cadeaux chevaux Pour informations et r\u00e9servations, contactez notre r\u00e9ception !<\/p>\n","protected":false},"author":344,"featured_media":0,"parent":323,"menu_order":3,"comment_status":"closed","ping_status":"closed","template":"","meta":{"footnotes":""},"class_list":["post-465","page","type-page","status-publish","hentry"],"yoast_head":"<!-- This site is optimized with the Yoast SEO plugin v26.9 - https:\/\/yoast.com\/product\/yoast-seo-wordpress\/ -->\n<title>ASD MF QUARTER HORSE &#8226; Cremona hotels &#8226;<\/title>\n<meta name=\"description\" content=\"Devenez un Cowboy aussi !!!  Nous vous proposons des balades \u00e0 cheval accessibles \u00e0 TOUS ! - Cours pour les enfants \u00e0 partir de 7 ans - Cours pour adultes - Camps d&#039;\u00e9t\u00e9 pour les enfants de 5 \u00e0 12 ans - Id\u00e9es cadeaux chevaux  Pour informations et r\u00e9servations, contactez notre r\u00e9ception !.\" \/>\n<meta name=\"robots\" content=\"index, follow, max-snippet:-1, max-image-preview:large, max-video-preview:-1\" \/>\n<link rel=\"canonical\" href=\"https:\/\/www.cremonahotels.it\/fr\/cremona\/465-2\/\" \/>\n<meta property=\"og:locale\" content=\"fr_FR\" \/>\n<meta property=\"og:type\" content=\"article\" \/>\n<meta property=\"og:title\" content=\"ASD MF QUARTER HORSE &#8226; Cremona hotels &#8226;\" \/>\n<meta property=\"og:description\" content=\"Devenez un Cowboy aussi !!!  Nous vous proposons des balades \u00e0 cheval accessibles \u00e0 TOUS ! - Cours pour les enfants \u00e0 partir de 7 ans - Cours pour adultes - Camps d&#039;\u00e9t\u00e9 pour les enfants de 5 \u00e0 12 ans - Id\u00e9es cadeaux chevaux  Pour informations et r\u00e9servations, contactez notre r\u00e9ception !.\" \/>\n<meta property=\"og:url\" content=\"https:\/\/www.cremonahotels.it\/fr\/cremona\/465-2\/\" \/>\n<meta property=\"og:site_name\" content=\"Cremona hotels\" \/>\n<meta property=\"article:modified_time\" content=\"2021-11-07T17:35:23+00:00\" \/>\n<meta name=\"twitter:card\" content=\"summary_large_image\" \/>\n<script type=\"application\/ld+json\" class=\"yoast-schema-graph\">{\"@context\":\"https:\/\/schema.org\",\"@graph\":[{\"@type\":\"WebPage\",\"@id\":\"https:\/\/www.cremonahotels.it\/fr\/cremona\/465-2\/\",\"url\":\"https:\/\/www.cremonahotels.it\/fr\/cremona\/465-2\/\",\"name\":\"ASD MF QUARTER HORSE &#8226; Cremona hotels &#8226;\",\"isPartOf\":{\"@id\":\"https:\/\/www.cremonahotels.it\/fr\/#website\"},\"datePublished\":\"2021-11-07T17:26:48+00:00\",\"dateModified\":\"2021-11-07T17:35:23+00:00\",\"description\":\"Devenez un Cowboy aussi !!! Nous vous proposons des balades \u00e0 cheval accessibles \u00e0 TOUS ! - Cours pour les enfants \u00e0 partir de 7 ans - Cours pour adultes - Camps d'\u00e9t\u00e9 pour les enfants de 5 \u00e0 12 ans - Id\u00e9es cadeaux chevaux Pour informations et r\u00e9servations, contactez notre r\u00e9ception !.\",\"breadcrumb\":{\"@id\":\"https:\/\/www.cremonahotels.it\/fr\/cremona\/465-2\/#breadcrumb\"},\"inLanguage\":\"fr-FR\",\"potentialAction\":[{\"@type\":\"ReadAction\",\"target\":[\"https:\/\/www.cremonahotels.it\/fr\/cremona\/465-2\/\"]}]},{\"@type\":\"BreadcrumbList\",\"@id\":\"https:\/\/www.cremonahotels.it\/fr\/cremona\/465-2\/#breadcrumb\",\"itemListElement\":[{\"@type\":\"ListItem\",\"position\":1,\"name\":\"Home\",\"item\":\"https:\/\/www.cremonahotels.it\/fr\/\"},{\"@type\":\"ListItem\",\"position\":2,\"name\":\"Cremona\",\"item\":\"https:\/\/www.cremonahotels.it\/fr\/cremona\/\"},{\"@type\":\"ListItem\",\"position\":3,\"name\":\"ASD MF QUARTER HORSE\"}]},{\"@type\":\"WebSite\",\"@id\":\"https:\/\/www.cremonahotels.it\/fr\/#website\",\"url\":\"https:\/\/www.cremonahotels.it\/fr\/\",\"name\":\"Cremona hotels\",\"description\":\"Just another ms.decms.eu site\",\"potentialAction\":[{\"@type\":\"SearchAction\",\"target\":{\"@type\":\"EntryPoint\",\"urlTemplate\":\"https:\/\/www.cremonahotels.it\/fr\/?s={search_term_string}\"},\"query-input\":{\"@type\":\"PropertyValueSpecification\",\"valueRequired\":true,\"valueName\":\"search_term_string\"}}],\"inLanguage\":\"fr-FR\"}]}<\/script>\n<!-- \/ Yoast SEO plugin. -->","yoast_head_json":{"title":"ASD MF QUARTER HORSE &#8226; Cremona hotels &#8226;","description":"Devenez un Cowboy aussi !!!  Nous vous proposons des balades \u00e0 cheval accessibles \u00e0 TOUS ! - Cours pour les enfants \u00e0 partir de 7 ans - Cours pour adultes - Camps d'\u00e9t\u00e9 pour les enfants de 5 \u00e0 12 ans - Id\u00e9es cadeaux chevaux  Pour informations et r\u00e9servations, contactez notre r\u00e9ception !.","robots":{"index":"index","follow":"follow","max-snippet":"max-snippet:-1","max-image-preview":"max-image-preview:large","max-video-preview":"max-video-preview:-1"},"canonical":"https:\/\/www.cremonahotels.it\/fr\/cremona\/465-2\/","og_locale":"fr_FR","og_type":"article","og_title":"ASD MF QUARTER HORSE &#8226; Cremona hotels &#8226;","og_description":"Devenez un Cowboy aussi !!!  Nous vous proposons des balades \u00e0 cheval accessibles \u00e0 TOUS ! - Cours pour les enfants \u00e0 partir de 7 ans - Cours pour adultes - Camps d'\u00e9t\u00e9 pour les enfants de 5 \u00e0 12 ans - Id\u00e9es cadeaux chevaux  Pour informations et r\u00e9servations, contactez notre r\u00e9ception !.","og_url":"https:\/\/www.cremonahotels.it\/fr\/cremona\/465-2\/","og_site_name":"Cremona hotels","article_modified_time":"2021-11-07T17:35:23+00:00","twitter_card":"summary_large_image","schema":{"@context":"https:\/\/schema.org","@graph":[{"@type":"WebPage","@id":"https:\/\/www.cremonahotels.it\/fr\/cremona\/465-2\/","url":"https:\/\/www.cremonahotels.it\/fr\/cremona\/465-2\/","name":"ASD MF QUARTER HORSE &#8226; Cremona hotels &#8226;","isPartOf":{"@id":"https:\/\/www.cremonahotels.it\/fr\/#website"},"datePublished":"2021-11-07T17:26:48+00:00","dateModified":"2021-11-07T17:35:23+00:00","description":"Devenez un Cowboy aussi !!! Nous vous proposons des balades \u00e0 cheval accessibles \u00e0 TOUS ! - Cours pour les enfants \u00e0 partir de 7 ans - Cours pour adultes - Camps d'\u00e9t\u00e9 pour les enfants de 5 \u00e0 12 ans - Id\u00e9es cadeaux chevaux Pour informations et r\u00e9servations, contactez notre r\u00e9ception !.","breadcrumb":{"@id":"https:\/\/www.cremonahotels.it\/fr\/cremona\/465-2\/#breadcrumb"},"inLanguage":"fr-FR","potentialAction":[{"@type":"ReadAction","target":["https:\/\/www.cremonahotels.it\/fr\/cremona\/465-2\/"]}]},{"@type":"BreadcrumbList","@id":"https:\/\/www.cremonahotels.it\/fr\/cremona\/465-2\/#breadcrumb","itemListElement":[{"@type":"ListItem","position":1,"name":"Home","item":"https:\/\/www.cremonahotels.it\/fr\/"},{"@type":"ListItem","position":2,"name":"Cremona","item":"https:\/\/www.cremonahotels.it\/fr\/cremona\/"},{"@type":"ListItem","position":3,"name":"ASD MF QUARTER HORSE"}]},{"@type":"WebSite","@id":"https:\/\/www.cremonahotels.it\/fr\/#website","url":"https:\/\/www.cremonahotels.it\/fr\/","name":"Cremona hotels","description":"Just another ms.decms.eu site","potentialAction":[{"@type":"SearchAction","target":{"@type":"EntryPoint","urlTemplate":"https:\/\/www.cremonahotels.it\/fr\/?s={search_term_string}"},"query-input":{"@type":"PropertyValueSpecification","valueRequired":true,"valueName":"search_term_string"}}],"inLanguage":"fr-FR"}]}},"acf":[],"_links":{"self":[{"href":"https:\/\/www.cremonahotels.it\/fr\/wp-json\/wp\/v2\/pages\/465","targetHints":{"allow":["GET"]}}],"collection":[{"href":"https:\/\/www.cremonahotels.it\/fr\/wp-json\/wp\/v2\/pages"}],"about":[{"href":"https:\/\/www.cremonahotels.it\/fr\/wp-json\/wp\/v2\/types\/page"}],"author":[{"embeddable":true,"href":"https:\/\/www.cremonahotels.it\/fr\/wp-json\/wp\/v2\/users\/344"}],"replies":[{"embeddable":true,"href":"https:\/\/www.cremonahotels.it\/fr\/wp-json\/wp\/v2\/comments?post=465"}],"version-history":[{"count":0,"href":"https:\/\/www.cremonahotels.it\/fr\/wp-json\/wp\/v2\/pages\/465\/revisions"}],"up":[{"embeddable":true,"href":"https:\/\/www.cremonahotels.it\/fr\/wp-json\/wp\/v2\/pages\/323"}],"wp:attachment":[{"href":"https:\/\/www.cremonahotels.it\/fr\/wp-json\/wp\/v2\/media?parent=465"}],"curies":[{"name":"wp","href":"https:\/\/api.w.org\/{rel}","templated":true}]}}