{"id":323,"date":"2021-09-17T12:28:15","date_gmt":"2021-09-17T12:28:15","guid":{"rendered":"https:\/\/cremona-hotels.ms.decms.eu\/?page_id=323"},"modified":"2023-02-12T11:46:41","modified_gmt":"2023-02-12T11:46:41","slug":"cremona","status":"publish","type":"page","link":"https:\/\/www.cremonahotels.it\/fr\/cremona\/","title":{"rendered":"Cremona"},"content":{"rendered":"<p>Entour\u00e9e d&rsquo;une nature luxuriante le long du fleuve P\u00f4, Cr\u00e9mone est une petite capitale de la musique, avec le Mus\u00e9e du Violon, le Th\u00e9\u00e2tre Ponchielli, les ateliers des ma\u00eetres luthiers et leurs savoirs anciens, aujourd&rsquo;hui patrimoine de l&rsquo;Unesco.<\/p>\n<p><a href=\"https:\/\/www.turismocremona.it\/en\">Cliquez ici<\/a> pour d\u00e9couvrir Cr\u00e9mone et ses environs<\/p>\n<p>N&rsquo;h\u00e9sitez pas \u00e0 contacter notre r\u00e9ception pour plus d&rsquo;informations<\/p>\n","protected":false},"excerpt":{"rendered":"<p>Entour\u00e9e d&rsquo;une nature luxuriante le long du fleuve P\u00f4, Cr\u00e9mone est une petite capitale de la musique, avec le Mus\u00e9e du Violon, le Th\u00e9\u00e2tre Ponchielli, les ateliers des ma\u00eetres luthiers et leurs savoirs anciens, aujourd&rsquo;hui patrimoine de l&rsquo;Unesco. Cliquez ici pour d\u00e9couvrir Cr\u00e9mone et ses environs N&rsquo;h\u00e9sitez pas \u00e0 contacter notre r\u00e9ception pour plus d&rsquo;informations<\/p>\n","protected":false},"author":344,"featured_media":0,"parent":0,"menu_order":70,"comment_status":"closed","ping_status":"closed","template":"","meta":{"footnotes":""},"class_list":["post-323","page","type-page","status-publish","hentry"],"yoast_head":"<!-- This site is optimized with the Yoast SEO plugin v26.9 - https:\/\/yoast.com\/product\/yoast-seo-wordpress\/ -->\n<title>Cremona &#8226; Cremona hotels &#8226;<\/title>\n<meta name=\"description\" content=\"Entour\u00e9e d&#039;une nature luxuriante le long du fleuve P\u00f4, Cr\u00e9mone est une petite capitale de la musique, avec le Mus\u00e9e du Violon, le Th\u00e9\u00e2tre Ponchielli, les ateliers des ma\u00eetres luthiers et leurs savoirs anciens, aujourd&#039;hui patrimoine de l&#039;Unesco.  Cliquez ici pour d\u00e9couvrir Cr\u00e9mone et ses environs  N&#039;h\u00e9sitez pas \u00e0 contacter notre r\u00e9ception pour plus d&#039;informations.\" \/>\n<meta name=\"robots\" content=\"index, follow, max-snippet:-1, max-image-preview:large, max-video-preview:-1\" \/>\n<link rel=\"canonical\" href=\"https:\/\/www.cremonahotels.it\/fr\/cremona\/\" \/>\n<meta property=\"og:locale\" content=\"fr_FR\" \/>\n<meta property=\"og:type\" content=\"article\" \/>\n<meta property=\"og:title\" content=\"Cremona &#8226; Cremona hotels &#8226;\" \/>\n<meta property=\"og:description\" content=\"Entour\u00e9e d&#039;une nature luxuriante le long du fleuve P\u00f4, Cr\u00e9mone est une petite capitale de la musique, avec le Mus\u00e9e du Violon, le Th\u00e9\u00e2tre Ponchielli, les ateliers des ma\u00eetres luthiers et leurs savoirs anciens, aujourd&#039;hui patrimoine de l&#039;Unesco.  Cliquez ici pour d\u00e9couvrir Cr\u00e9mone et ses environs  N&#039;h\u00e9sitez pas \u00e0 contacter notre r\u00e9ception pour plus d&#039;informations.\" \/>\n<meta property=\"og:url\" content=\"https:\/\/www.cremonahotels.it\/fr\/cremona\/\" \/>\n<meta property=\"og:site_name\" content=\"Cremona hotels\" \/>\n<meta property=\"article:modified_time\" content=\"2023-02-12T11:46:41+00:00\" \/>\n<meta name=\"twitter:card\" content=\"summary_large_image\" \/>\n<meta name=\"twitter:label1\" content=\"Dur\u00e9e de lecture estim\u00e9e\" \/>\n\t<meta name=\"twitter:data1\" content=\"1 minute\" \/>\n<script type=\"application\/ld+json\" class=\"yoast-schema-graph\">{\"@context\":\"https:\/\/schema.org\",\"@graph\":[{\"@type\":\"WebPage\",\"@id\":\"https:\/\/www.cremonahotels.it\/fr\/cremona\/\",\"url\":\"https:\/\/www.cremonahotels.it\/fr\/cremona\/\",\"name\":\"Cremona &#8226; Cremona hotels &#8226;\",\"isPartOf\":{\"@id\":\"https:\/\/www.cremonahotels.it\/fr\/#website\"},\"datePublished\":\"2021-09-17T12:28:15+00:00\",\"dateModified\":\"2023-02-12T11:46:41+00:00\",\"description\":\"Entour\u00e9e d'une nature luxuriante le long du fleuve P\u00f4, Cr\u00e9mone est une petite capitale de la musique, avec le Mus\u00e9e du Violon, le Th\u00e9\u00e2tre Ponchielli, les ateliers des ma\u00eetres luthiers et leurs savoirs anciens, aujourd'hui patrimoine de l'Unesco. Cliquez ici pour d\u00e9couvrir Cr\u00e9mone et ses environs N'h\u00e9sitez pas \u00e0 contacter notre r\u00e9ception pour plus d'informations.\",\"breadcrumb\":{\"@id\":\"https:\/\/www.cremonahotels.it\/fr\/cremona\/#breadcrumb\"},\"inLanguage\":\"fr-FR\",\"potentialAction\":[{\"@type\":\"ReadAction\",\"target\":[\"https:\/\/www.cremonahotels.it\/fr\/cremona\/\"]}]},{\"@type\":\"BreadcrumbList\",\"@id\":\"https:\/\/www.cremonahotels.it\/fr\/cremona\/#breadcrumb\",\"itemListElement\":[{\"@type\":\"ListItem\",\"position\":1,\"name\":\"Home\",\"item\":\"https:\/\/www.cremonahotels.it\/fr\/\"},{\"@type\":\"ListItem\",\"position\":2,\"name\":\"Cremona\"}]},{\"@type\":\"WebSite\",\"@id\":\"https:\/\/www.cremonahotels.it\/fr\/#website\",\"url\":\"https:\/\/www.cremonahotels.it\/fr\/\",\"name\":\"Cremona hotels\",\"description\":\"Just another ms.decms.eu site\",\"potentialAction\":[{\"@type\":\"SearchAction\",\"target\":{\"@type\":\"EntryPoint\",\"urlTemplate\":\"https:\/\/www.cremonahotels.it\/fr\/?s={search_term_string}\"},\"query-input\":{\"@type\":\"PropertyValueSpecification\",\"valueRequired\":true,\"valueName\":\"search_term_string\"}}],\"inLanguage\":\"fr-FR\"}]}<\/script>\n<!-- \/ Yoast SEO plugin. -->","yoast_head_json":{"title":"Cremona &#8226; Cremona hotels &#8226;","description":"Entour\u00e9e d'une nature luxuriante le long du fleuve P\u00f4, Cr\u00e9mone est une petite capitale de la musique, avec le Mus\u00e9e du Violon, le Th\u00e9\u00e2tre Ponchielli, les ateliers des ma\u00eetres luthiers et leurs savoirs anciens, aujourd'hui patrimoine de l'Unesco.  Cliquez ici pour d\u00e9couvrir Cr\u00e9mone et ses environs  N'h\u00e9sitez pas \u00e0 contacter notre r\u00e9ception pour plus d'informations.","robots":{"index":"index","follow":"follow","max-snippet":"max-snippet:-1","max-image-preview":"max-image-preview:large","max-video-preview":"max-video-preview:-1"},"canonical":"https:\/\/www.cremonahotels.it\/fr\/cremona\/","og_locale":"fr_FR","og_type":"article","og_title":"Cremona &#8226; Cremona hotels &#8226;","og_description":"Entour\u00e9e d'une nature luxuriante le long du fleuve P\u00f4, Cr\u00e9mone est une petite capitale de la musique, avec le Mus\u00e9e du Violon, le Th\u00e9\u00e2tre Ponchielli, les ateliers des ma\u00eetres luthiers et leurs savoirs anciens, aujourd'hui patrimoine de l'Unesco.  Cliquez ici pour d\u00e9couvrir Cr\u00e9mone et ses environs  N'h\u00e9sitez pas \u00e0 contacter notre r\u00e9ception pour plus d'informations.","og_url":"https:\/\/www.cremonahotels.it\/fr\/cremona\/","og_site_name":"Cremona hotels","article_modified_time":"2023-02-12T11:46:41+00:00","twitter_card":"summary_large_image","twitter_misc":{"Dur\u00e9e de lecture estim\u00e9e":"1 minute"},"schema":{"@context":"https:\/\/schema.org","@graph":[{"@type":"WebPage","@id":"https:\/\/www.cremonahotels.it\/fr\/cremona\/","url":"https:\/\/www.cremonahotels.it\/fr\/cremona\/","name":"Cremona &#8226; Cremona hotels &#8226;","isPartOf":{"@id":"https:\/\/www.cremonahotels.it\/fr\/#website"},"datePublished":"2021-09-17T12:28:15+00:00","dateModified":"2023-02-12T11:46:41+00:00","description":"Entour\u00e9e d'une nature luxuriante le long du fleuve P\u00f4, Cr\u00e9mone est une petite capitale de la musique, avec le Mus\u00e9e du Violon, le Th\u00e9\u00e2tre Ponchielli, les ateliers des ma\u00eetres luthiers et leurs savoirs anciens, aujourd'hui patrimoine de l'Unesco. Cliquez ici pour d\u00e9couvrir Cr\u00e9mone et ses environs N'h\u00e9sitez pas \u00e0 contacter notre r\u00e9ception pour plus d'informations.","breadcrumb":{"@id":"https:\/\/www.cremonahotels.it\/fr\/cremona\/#breadcrumb"},"inLanguage":"fr-FR","potentialAction":[{"@type":"ReadAction","target":["https:\/\/www.cremonahotels.it\/fr\/cremona\/"]}]},{"@type":"BreadcrumbList","@id":"https:\/\/www.cremonahotels.it\/fr\/cremona\/#breadcrumb","itemListElement":[{"@type":"ListItem","position":1,"name":"Home","item":"https:\/\/www.cremonahotels.it\/fr\/"},{"@type":"ListItem","position":2,"name":"Cremona"}]},{"@type":"WebSite","@id":"https:\/\/www.cremonahotels.it\/fr\/#website","url":"https:\/\/www.cremonahotels.it\/fr\/","name":"Cremona hotels","description":"Just another ms.decms.eu site","potentialAction":[{"@type":"SearchAction","target":{"@type":"EntryPoint","urlTemplate":"https:\/\/www.cremonahotels.it\/fr\/?s={search_term_string}"},"query-input":{"@type":"PropertyValueSpecification","valueRequired":true,"valueName":"search_term_string"}}],"inLanguage":"fr-FR"}]}},"acf":[],"_links":{"self":[{"href":"https:\/\/www.cremonahotels.it\/fr\/wp-json\/wp\/v2\/pages\/323","targetHints":{"allow":["GET"]}}],"collection":[{"href":"https:\/\/www.cremonahotels.it\/fr\/wp-json\/wp\/v2\/pages"}],"about":[{"href":"https:\/\/www.cremonahotels.it\/fr\/wp-json\/wp\/v2\/types\/page"}],"author":[{"embeddable":true,"href":"https:\/\/www.cremonahotels.it\/fr\/wp-json\/wp\/v2\/users\/344"}],"replies":[{"embeddable":true,"href":"https:\/\/www.cremonahotels.it\/fr\/wp-json\/wp\/v2\/comments?post=323"}],"version-history":[{"count":0,"href":"https:\/\/www.cremonahotels.it\/fr\/wp-json\/wp\/v2\/pages\/323\/revisions"}],"wp:attachment":[{"href":"https:\/\/www.cremonahotels.it\/fr\/wp-json\/wp\/v2\/media?parent=323"}],"curies":[{"name":"wp","href":"https:\/\/api.w.org\/{rel}","templated":true}]}}