{"id":317,"date":"2021-09-17T12:25:19","date_gmt":"2021-09-17T12:25:19","guid":{"rendered":"https:\/\/cremona-hotels.ms.decms.eu\/?page_id=317"},"modified":"2021-09-17T13:43:00","modified_gmt":"2021-09-17T13:43:00","slug":"parking","status":"publish","type":"page","link":"https:\/\/www.cremonahotels.it\/fr\/service\/parking\/","title":{"rendered":"Parking"},"content":{"rendered":"<p>Si vous s\u00e9journez \u00e0 l\u2019<strong>Hotel Continental<\/strong>, vous pouvez garer votre voiture au parking \u00ab\u00a0Croce Rossa\u00a0\u00bb, \u00e0 100 m\u00e8tres de l\u2019hotel. Le parking est gratuit, public et non surveill\u00e9.<\/p>\n<p>Si vous s\u00e9journez \u00e0 l\u2019<strong>Hotel Impero<\/strong>, ou \u00e0 l\u2019 <strong>Hotel<\/strong> <strong>Astoria<\/strong>, vous pouvez garer votre voiture dans le parking souterrain et surveill\u00e9 de Piazza Marconi. Quand vous faites le check out, demandez \u00e0 la r\u00e9ception le ticket pour utiliser la convention.<\/p>\n<p>Si vous s\u00e9journez \u00e0 l<strong>\u2019Hotel DelleArti<\/strong>, vous pouvez garer la voiture dans le garage priv\u00e9 de l\u2019hotel (sur r\u00e9servation), ou dans le parking souterrain et surveill\u00e9 de Piazza Marconi.<\/p>\n","protected":false},"excerpt":{"rendered":"<p>Si vous s\u00e9journez \u00e0 l\u2019Hotel Continental, vous pouvez garer votre voiture au parking \u00ab\u00a0Croce Rossa\u00a0\u00bb, \u00e0 100 m\u00e8tres de l\u2019hotel. Le parking est gratuit, public et non surveill\u00e9. Si vous s\u00e9journez \u00e0 l\u2019Hotel Impero, ou \u00e0 l\u2019 Hotel Astoria, vous pouvez garer votre voiture dans le parking souterrain et surveill\u00e9 de Piazza Marconi. Quand vous [&hellip;]<\/p>\n","protected":false},"author":344,"featured_media":0,"parent":308,"menu_order":30,"comment_status":"closed","ping_status":"closed","template":"","meta":{"footnotes":""},"class_list":["post-317","page","type-page","status-publish","hentry"],"yoast_head":"<!-- This site is optimized with the Yoast SEO plugin v26.9 - https:\/\/yoast.com\/product\/yoast-seo-wordpress\/ -->\n<title>Parking &#8226; Cremona hotels &#8226;<\/title>\n<meta name=\"description\" content=\"Si vous s\u00e9journez \u00e0 l\u2019Hotel Continental, vous pouvez garer votre voiture au parking \u00ab\u00a0Croce Rossa\u00a0\u00bb, \u00e0 100 m\u00e8tres de l\u2019hotel. Le parking est gratuit, public et non surveill\u00e9.  Si vous s\u00e9journez \u00e0 l\u2019Hotel Impero, ou \u00e0 l\u2019 Hotel Astoria, vous pouvez garer votre voiture dans le parking souterrain et surveill\u00e9 de Piazza Marconi\" \/>\n<meta name=\"robots\" content=\"index, follow, max-snippet:-1, max-image-preview:large, max-video-preview:-1\" \/>\n<link rel=\"canonical\" href=\"https:\/\/www.cremonahotels.it\/fr\/service\/parking\/\" \/>\n<meta property=\"og:locale\" content=\"fr_FR\" \/>\n<meta property=\"og:type\" content=\"article\" \/>\n<meta property=\"og:title\" content=\"Parking &#8226; Cremona hotels &#8226;\" \/>\n<meta property=\"og:description\" content=\"Si vous s\u00e9journez \u00e0 l\u2019Hotel Continental, vous pouvez garer votre voiture au parking \u00ab\u00a0Croce Rossa\u00a0\u00bb, \u00e0 100 m\u00e8tres de l\u2019hotel. Le parking est gratuit, public et non surveill\u00e9.  Si vous s\u00e9journez \u00e0 l\u2019Hotel Impero, ou \u00e0 l\u2019 Hotel Astoria, vous pouvez garer votre voiture dans le parking souterrain et surveill\u00e9 de Piazza Marconi\" \/>\n<meta property=\"og:url\" content=\"https:\/\/www.cremonahotels.it\/fr\/service\/parking\/\" \/>\n<meta property=\"og:site_name\" content=\"Cremona hotels\" \/>\n<meta property=\"article:modified_time\" content=\"2021-09-17T13:43:00+00:00\" \/>\n<meta name=\"twitter:card\" content=\"summary_large_image\" \/>\n<meta name=\"twitter:label1\" content=\"Dur\u00e9e de lecture estim\u00e9e\" \/>\n\t<meta name=\"twitter:data1\" content=\"1 minute\" \/>\n<script type=\"application\/ld+json\" class=\"yoast-schema-graph\">{\"@context\":\"https:\/\/schema.org\",\"@graph\":[{\"@type\":\"WebPage\",\"@id\":\"https:\/\/www.cremonahotels.it\/fr\/service\/parking\/\",\"url\":\"https:\/\/www.cremonahotels.it\/fr\/service\/parking\/\",\"name\":\"Parking &#8226; Cremona hotels &#8226;\",\"isPartOf\":{\"@id\":\"https:\/\/www.cremonahotels.it\/fr\/#website\"},\"datePublished\":\"2021-09-17T12:25:19+00:00\",\"dateModified\":\"2021-09-17T13:43:00+00:00\",\"description\":\"Si vous s\u00e9journez \u00e0 l\u2019Hotel Continental, vous pouvez garer votre voiture au parking \u00ab\u00a0Croce Rossa\u00a0\u00bb, \u00e0 100 m\u00e8tres de l\u2019hotel. Le parking est gratuit, public et non surveill\u00e9. Si vous s\u00e9journez \u00e0 l\u2019Hotel Impero, ou \u00e0 l\u2019 Hotel Astoria, vous pouvez garer votre voiture dans le parking souterrain et surveill\u00e9 de Piazza Marconi\",\"breadcrumb\":{\"@id\":\"https:\/\/www.cremonahotels.it\/fr\/service\/parking\/#breadcrumb\"},\"inLanguage\":\"fr-FR\",\"potentialAction\":[{\"@type\":\"ReadAction\",\"target\":[\"https:\/\/www.cremonahotels.it\/fr\/service\/parking\/\"]}]},{\"@type\":\"BreadcrumbList\",\"@id\":\"https:\/\/www.cremonahotels.it\/fr\/service\/parking\/#breadcrumb\",\"itemListElement\":[{\"@type\":\"ListItem\",\"position\":1,\"name\":\"Home\",\"item\":\"https:\/\/www.cremonahotels.it\/fr\/\"},{\"@type\":\"ListItem\",\"position\":2,\"name\":\"Service\",\"item\":\"https:\/\/www.cremonahotels.it\/fr\/service\/\"},{\"@type\":\"ListItem\",\"position\":3,\"name\":\"Parking\"}]},{\"@type\":\"WebSite\",\"@id\":\"https:\/\/www.cremonahotels.it\/fr\/#website\",\"url\":\"https:\/\/www.cremonahotels.it\/fr\/\",\"name\":\"Cremona hotels\",\"description\":\"Just another ms.decms.eu site\",\"potentialAction\":[{\"@type\":\"SearchAction\",\"target\":{\"@type\":\"EntryPoint\",\"urlTemplate\":\"https:\/\/www.cremonahotels.it\/fr\/?s={search_term_string}\"},\"query-input\":{\"@type\":\"PropertyValueSpecification\",\"valueRequired\":true,\"valueName\":\"search_term_string\"}}],\"inLanguage\":\"fr-FR\"}]}<\/script>\n<!-- \/ Yoast SEO plugin. -->","yoast_head_json":{"title":"Parking &#8226; Cremona hotels &#8226;","description":"Si vous s\u00e9journez \u00e0 l\u2019Hotel Continental, vous pouvez garer votre voiture au parking \u00ab\u00a0Croce Rossa\u00a0\u00bb, \u00e0 100 m\u00e8tres de l\u2019hotel. Le parking est gratuit, public et non surveill\u00e9.  Si vous s\u00e9journez \u00e0 l\u2019Hotel Impero, ou \u00e0 l\u2019 Hotel Astoria, vous pouvez garer votre voiture dans le parking souterrain et surveill\u00e9 de Piazza Marconi","robots":{"index":"index","follow":"follow","max-snippet":"max-snippet:-1","max-image-preview":"max-image-preview:large","max-video-preview":"max-video-preview:-1"},"canonical":"https:\/\/www.cremonahotels.it\/fr\/service\/parking\/","og_locale":"fr_FR","og_type":"article","og_title":"Parking &#8226; Cremona hotels &#8226;","og_description":"Si vous s\u00e9journez \u00e0 l\u2019Hotel Continental, vous pouvez garer votre voiture au parking \u00ab\u00a0Croce Rossa\u00a0\u00bb, \u00e0 100 m\u00e8tres de l\u2019hotel. Le parking est gratuit, public et non surveill\u00e9.  Si vous s\u00e9journez \u00e0 l\u2019Hotel Impero, ou \u00e0 l\u2019 Hotel Astoria, vous pouvez garer votre voiture dans le parking souterrain et surveill\u00e9 de Piazza Marconi","og_url":"https:\/\/www.cremonahotels.it\/fr\/service\/parking\/","og_site_name":"Cremona hotels","article_modified_time":"2021-09-17T13:43:00+00:00","twitter_card":"summary_large_image","twitter_misc":{"Dur\u00e9e de lecture estim\u00e9e":"1 minute"},"schema":{"@context":"https:\/\/schema.org","@graph":[{"@type":"WebPage","@id":"https:\/\/www.cremonahotels.it\/fr\/service\/parking\/","url":"https:\/\/www.cremonahotels.it\/fr\/service\/parking\/","name":"Parking &#8226; Cremona hotels &#8226;","isPartOf":{"@id":"https:\/\/www.cremonahotels.it\/fr\/#website"},"datePublished":"2021-09-17T12:25:19+00:00","dateModified":"2021-09-17T13:43:00+00:00","description":"Si vous s\u00e9journez \u00e0 l\u2019Hotel Continental, vous pouvez garer votre voiture au parking \u00ab\u00a0Croce Rossa\u00a0\u00bb, \u00e0 100 m\u00e8tres de l\u2019hotel. Le parking est gratuit, public et non surveill\u00e9. Si vous s\u00e9journez \u00e0 l\u2019Hotel Impero, ou \u00e0 l\u2019 Hotel Astoria, vous pouvez garer votre voiture dans le parking souterrain et surveill\u00e9 de Piazza Marconi","breadcrumb":{"@id":"https:\/\/www.cremonahotels.it\/fr\/service\/parking\/#breadcrumb"},"inLanguage":"fr-FR","potentialAction":[{"@type":"ReadAction","target":["https:\/\/www.cremonahotels.it\/fr\/service\/parking\/"]}]},{"@type":"BreadcrumbList","@id":"https:\/\/www.cremonahotels.it\/fr\/service\/parking\/#breadcrumb","itemListElement":[{"@type":"ListItem","position":1,"name":"Home","item":"https:\/\/www.cremonahotels.it\/fr\/"},{"@type":"ListItem","position":2,"name":"Service","item":"https:\/\/www.cremonahotels.it\/fr\/service\/"},{"@type":"ListItem","position":3,"name":"Parking"}]},{"@type":"WebSite","@id":"https:\/\/www.cremonahotels.it\/fr\/#website","url":"https:\/\/www.cremonahotels.it\/fr\/","name":"Cremona hotels","description":"Just another ms.decms.eu site","potentialAction":[{"@type":"SearchAction","target":{"@type":"EntryPoint","urlTemplate":"https:\/\/www.cremonahotels.it\/fr\/?s={search_term_string}"},"query-input":{"@type":"PropertyValueSpecification","valueRequired":true,"valueName":"search_term_string"}}],"inLanguage":"fr-FR"}]}},"acf":[],"_links":{"self":[{"href":"https:\/\/www.cremonahotels.it\/fr\/wp-json\/wp\/v2\/pages\/317","targetHints":{"allow":["GET"]}}],"collection":[{"href":"https:\/\/www.cremonahotels.it\/fr\/wp-json\/wp\/v2\/pages"}],"about":[{"href":"https:\/\/www.cremonahotels.it\/fr\/wp-json\/wp\/v2\/types\/page"}],"author":[{"embeddable":true,"href":"https:\/\/www.cremonahotels.it\/fr\/wp-json\/wp\/v2\/users\/344"}],"replies":[{"embeddable":true,"href":"https:\/\/www.cremonahotels.it\/fr\/wp-json\/wp\/v2\/comments?post=317"}],"version-history":[{"count":0,"href":"https:\/\/www.cremonahotels.it\/fr\/wp-json\/wp\/v2\/pages\/317\/revisions"}],"up":[{"embeddable":true,"href":"https:\/\/www.cremonahotels.it\/fr\/wp-json\/wp\/v2\/pages\/308"}],"wp:attachment":[{"href":"https:\/\/www.cremonahotels.it\/fr\/wp-json\/wp\/v2\/media?parent=317"}],"curies":[{"name":"wp","href":"https:\/\/api.w.org\/{rel}","templated":true}]}}