{"id":314,"date":"2021-09-17T12:23:32","date_gmt":"2021-09-17T12:23:32","guid":{"rendered":"https:\/\/cremona-hotels.ms.decms.eu\/?page_id=314"},"modified":"2021-09-17T13:41:02","modified_gmt":"2021-09-17T13:41:02","slug":"bien-etre","status":"publish","type":"page","link":"https:\/\/www.cremonahotels.it\/fr\/service\/bien-etre\/","title":{"rendered":"Bien-\u00eatre"},"content":{"rendered":"<p><strong>Salle de gym f\u00e9minine Elasticamente, chez l\u2019Hotel Impero<\/strong>\u00a0: les clients de l\u2019Hotel Impero pourront utiliser la salle de gym et la zone bien-\u00eatre\u00a0 du DelleArti Design Hotel, \u00e0 200 m\u00e8tres<\/p>\n<p><strong>Salle de gym Hotel Continental\u00a0: <\/strong>l\u2019hotel a une salle de gym panoramique au quatri\u00e8me \u00e9tage, elle est ouverte de 8.00 heures \u00e0 21.00 heures<\/p>\n<p><strong>Salle de gym DelleArti<\/strong>: l\u2019hotel a une zone bien \u00eatre et une petite salle de gym avec les derniers \u00e9quipements TechnoGym. Il y a aussi une \u00a0cabine infrarouges Physiotherm .Le principe Physiotherm, gr\u00e2ce \u00e0 la technologie innov\u00e9e \u00e0 infrarouges, agit comme traitement thermique tr\u00e8s d\u00e9licat, efficace et sur. Les deux composants les plus importants sont les lampes en c\u00e9ramique remplies de sable de lave et la technique \u00e0 infrarouges \u00e0 basse temp\u00e9rature.<\/p>\n","protected":false},"excerpt":{"rendered":"<p>Salle de gym f\u00e9minine Elasticamente, chez l\u2019Hotel Impero\u00a0: les clients de l\u2019Hotel Impero pourront utiliser la salle de gym et la zone bien-\u00eatre\u00a0 du DelleArti Design Hotel, \u00e0 200 m\u00e8tres Salle de gym Hotel Continental\u00a0: l\u2019hotel a une salle de gym panoramique au quatri\u00e8me \u00e9tage, elle est ouverte de 8.00 heures \u00e0 21.00 heures Salle [&hellip;]<\/p>\n","protected":false},"author":344,"featured_media":0,"parent":308,"menu_order":20,"comment_status":"closed","ping_status":"closed","template":"","meta":{"footnotes":""},"class_list":["post-314","page","type-page","status-publish","hentry"],"yoast_head":"<!-- This site is optimized with the Yoast SEO plugin v26.9 - https:\/\/yoast.com\/product\/yoast-seo-wordpress\/ -->\n<title>Bien-\u00eatre &#8226; Cremona hotels &#8226;<\/title>\n<meta name=\"description\" content=\"Salle de gym f\u00e9minine Elasticamente, chez l\u2019Hotel Impero\u00a0: les clients de l\u2019Hotel Impero pourront utiliser la salle de gym et la zone bien-\u00eatre\u00a0 du DelleArti Design Hotel, \u00e0 200 m\u00e8tres  Salle de gym Hotel Continental\u00a0: l\u2019hotel a une salle de gym panoramique au quatri\u00e8me \u00e9tage, elle est ouverte de 8.00 heures \u00e0 21.00 heures  Salle de gym DelleArti: l\u2019hotel a une zone bien \u00eatre et une petite salle de gym avec les derniers \u00e9quipements TechnoGym. Il y a aussi une \u00a0cabine infrarouges Physiotherm .Le principe Physiotherm, gr\u00e2ce \u00e0 la technologie innov\u00e9e \u00e0 infrarouges, agit comme traitement thermique tr\u00e8s d\u00e9licat, efficace et sur\" \/>\n<meta name=\"robots\" content=\"index, follow, max-snippet:-1, max-image-preview:large, max-video-preview:-1\" \/>\n<link rel=\"canonical\" href=\"https:\/\/www.cremonahotels.it\/fr\/service\/bien-etre\/\" \/>\n<meta property=\"og:locale\" content=\"fr_FR\" \/>\n<meta property=\"og:type\" content=\"article\" \/>\n<meta property=\"og:title\" content=\"Bien-\u00eatre &#8226; Cremona hotels &#8226;\" \/>\n<meta property=\"og:description\" content=\"Salle de gym f\u00e9minine Elasticamente, chez l\u2019Hotel Impero\u00a0: les clients de l\u2019Hotel Impero pourront utiliser la salle de gym et la zone bien-\u00eatre\u00a0 du DelleArti Design Hotel, \u00e0 200 m\u00e8tres  Salle de gym Hotel Continental\u00a0: l\u2019hotel a une salle de gym panoramique au quatri\u00e8me \u00e9tage, elle est ouverte de 8.00 heures \u00e0 21.00 heures  Salle de gym DelleArti: l\u2019hotel a une zone bien \u00eatre et une petite salle de gym avec les derniers \u00e9quipements TechnoGym. Il y a aussi une \u00a0cabine infrarouges Physiotherm .Le principe Physiotherm, gr\u00e2ce \u00e0 la technologie innov\u00e9e \u00e0 infrarouges, agit comme traitement thermique tr\u00e8s d\u00e9licat, efficace et sur\" \/>\n<meta property=\"og:url\" content=\"https:\/\/www.cremonahotels.it\/fr\/service\/bien-etre\/\" \/>\n<meta property=\"og:site_name\" content=\"Cremona hotels\" \/>\n<meta property=\"article:modified_time\" content=\"2021-09-17T13:41:02+00:00\" \/>\n<meta name=\"twitter:card\" content=\"summary_large_image\" \/>\n<meta name=\"twitter:label1\" content=\"Dur\u00e9e de lecture estim\u00e9e\" \/>\n\t<meta name=\"twitter:data1\" content=\"1 minute\" \/>\n<script type=\"application\/ld+json\" class=\"yoast-schema-graph\">{\"@context\":\"https:\/\/schema.org\",\"@graph\":[{\"@type\":\"WebPage\",\"@id\":\"https:\/\/www.cremonahotels.it\/fr\/service\/bien-etre\/\",\"url\":\"https:\/\/www.cremonahotels.it\/fr\/service\/bien-etre\/\",\"name\":\"Bien-\u00eatre &#8226; Cremona hotels &#8226;\",\"isPartOf\":{\"@id\":\"https:\/\/www.cremonahotels.it\/fr\/#website\"},\"datePublished\":\"2021-09-17T12:23:32+00:00\",\"dateModified\":\"2021-09-17T13:41:02+00:00\",\"description\":\"Salle de gym f\u00e9minine Elasticamente, chez l\u2019Hotel Impero\u00a0: les clients de l\u2019Hotel Impero pourront utiliser la salle de gym et la zone bien-\u00eatre\u00a0 du DelleArti Design Hotel, \u00e0 200 m\u00e8tres Salle de gym Hotel Continental\u00a0: l\u2019hotel a une salle de gym panoramique au quatri\u00e8me \u00e9tage, elle est ouverte de 8.00 heures \u00e0 21.00 heures Salle de gym DelleArti: l\u2019hotel a une zone bien \u00eatre et une petite salle de gym avec les derniers \u00e9quipements TechnoGym. Il y a aussi une \u00a0cabine infrarouges Physiotherm .Le principe Physiotherm, gr\u00e2ce \u00e0 la technologie innov\u00e9e \u00e0 infrarouges, agit comme traitement thermique tr\u00e8s d\u00e9licat, efficace et sur\",\"breadcrumb\":{\"@id\":\"https:\/\/www.cremonahotels.it\/fr\/service\/bien-etre\/#breadcrumb\"},\"inLanguage\":\"fr-FR\",\"potentialAction\":[{\"@type\":\"ReadAction\",\"target\":[\"https:\/\/www.cremonahotels.it\/fr\/service\/bien-etre\/\"]}]},{\"@type\":\"BreadcrumbList\",\"@id\":\"https:\/\/www.cremonahotels.it\/fr\/service\/bien-etre\/#breadcrumb\",\"itemListElement\":[{\"@type\":\"ListItem\",\"position\":1,\"name\":\"Home\",\"item\":\"https:\/\/www.cremonahotels.it\/fr\/\"},{\"@type\":\"ListItem\",\"position\":2,\"name\":\"Service\",\"item\":\"https:\/\/www.cremonahotels.it\/fr\/service\/\"},{\"@type\":\"ListItem\",\"position\":3,\"name\":\"Bien-\u00eatre\"}]},{\"@type\":\"WebSite\",\"@id\":\"https:\/\/www.cremonahotels.it\/fr\/#website\",\"url\":\"https:\/\/www.cremonahotels.it\/fr\/\",\"name\":\"Cremona hotels\",\"description\":\"Just another ms.decms.eu site\",\"potentialAction\":[{\"@type\":\"SearchAction\",\"target\":{\"@type\":\"EntryPoint\",\"urlTemplate\":\"https:\/\/www.cremonahotels.it\/fr\/?s={search_term_string}\"},\"query-input\":{\"@type\":\"PropertyValueSpecification\",\"valueRequired\":true,\"valueName\":\"search_term_string\"}}],\"inLanguage\":\"fr-FR\"}]}<\/script>\n<!-- \/ Yoast SEO plugin. -->","yoast_head_json":{"title":"Bien-\u00eatre &#8226; Cremona hotels &#8226;","description":"Salle de gym f\u00e9minine Elasticamente, chez l\u2019Hotel Impero\u00a0: les clients de l\u2019Hotel Impero pourront utiliser la salle de gym et la zone bien-\u00eatre\u00a0 du DelleArti Design Hotel, \u00e0 200 m\u00e8tres  Salle de gym Hotel Continental\u00a0: l\u2019hotel a une salle de gym panoramique au quatri\u00e8me \u00e9tage, elle est ouverte de 8.00 heures \u00e0 21.00 heures  Salle de gym DelleArti: l\u2019hotel a une zone bien \u00eatre et une petite salle de gym avec les derniers \u00e9quipements TechnoGym. Il y a aussi une \u00a0cabine infrarouges Physiotherm .Le principe Physiotherm, gr\u00e2ce \u00e0 la technologie innov\u00e9e \u00e0 infrarouges, agit comme traitement thermique tr\u00e8s d\u00e9licat, efficace et sur","robots":{"index":"index","follow":"follow","max-snippet":"max-snippet:-1","max-image-preview":"max-image-preview:large","max-video-preview":"max-video-preview:-1"},"canonical":"https:\/\/www.cremonahotels.it\/fr\/service\/bien-etre\/","og_locale":"fr_FR","og_type":"article","og_title":"Bien-\u00eatre &#8226; Cremona hotels &#8226;","og_description":"Salle de gym f\u00e9minine Elasticamente, chez l\u2019Hotel Impero\u00a0: les clients de l\u2019Hotel Impero pourront utiliser la salle de gym et la zone bien-\u00eatre\u00a0 du DelleArti Design Hotel, \u00e0 200 m\u00e8tres  Salle de gym Hotel Continental\u00a0: l\u2019hotel a une salle de gym panoramique au quatri\u00e8me \u00e9tage, elle est ouverte de 8.00 heures \u00e0 21.00 heures  Salle de gym DelleArti: l\u2019hotel a une zone bien \u00eatre et une petite salle de gym avec les derniers \u00e9quipements TechnoGym. Il y a aussi une \u00a0cabine infrarouges Physiotherm .Le principe Physiotherm, gr\u00e2ce \u00e0 la technologie innov\u00e9e \u00e0 infrarouges, agit comme traitement thermique tr\u00e8s d\u00e9licat, efficace et sur","og_url":"https:\/\/www.cremonahotels.it\/fr\/service\/bien-etre\/","og_site_name":"Cremona hotels","article_modified_time":"2021-09-17T13:41:02+00:00","twitter_card":"summary_large_image","twitter_misc":{"Dur\u00e9e de lecture estim\u00e9e":"1 minute"},"schema":{"@context":"https:\/\/schema.org","@graph":[{"@type":"WebPage","@id":"https:\/\/www.cremonahotels.it\/fr\/service\/bien-etre\/","url":"https:\/\/www.cremonahotels.it\/fr\/service\/bien-etre\/","name":"Bien-\u00eatre &#8226; Cremona hotels &#8226;","isPartOf":{"@id":"https:\/\/www.cremonahotels.it\/fr\/#website"},"datePublished":"2021-09-17T12:23:32+00:00","dateModified":"2021-09-17T13:41:02+00:00","description":"Salle de gym f\u00e9minine Elasticamente, chez l\u2019Hotel Impero\u00a0: les clients de l\u2019Hotel Impero pourront utiliser la salle de gym et la zone bien-\u00eatre\u00a0 du DelleArti Design Hotel, \u00e0 200 m\u00e8tres Salle de gym Hotel Continental\u00a0: l\u2019hotel a une salle de gym panoramique au quatri\u00e8me \u00e9tage, elle est ouverte de 8.00 heures \u00e0 21.00 heures Salle de gym DelleArti: l\u2019hotel a une zone bien \u00eatre et une petite salle de gym avec les derniers \u00e9quipements TechnoGym. Il y a aussi une \u00a0cabine infrarouges Physiotherm .Le principe Physiotherm, gr\u00e2ce \u00e0 la technologie innov\u00e9e \u00e0 infrarouges, agit comme traitement thermique tr\u00e8s d\u00e9licat, efficace et sur","breadcrumb":{"@id":"https:\/\/www.cremonahotels.it\/fr\/service\/bien-etre\/#breadcrumb"},"inLanguage":"fr-FR","potentialAction":[{"@type":"ReadAction","target":["https:\/\/www.cremonahotels.it\/fr\/service\/bien-etre\/"]}]},{"@type":"BreadcrumbList","@id":"https:\/\/www.cremonahotels.it\/fr\/service\/bien-etre\/#breadcrumb","itemListElement":[{"@type":"ListItem","position":1,"name":"Home","item":"https:\/\/www.cremonahotels.it\/fr\/"},{"@type":"ListItem","position":2,"name":"Service","item":"https:\/\/www.cremonahotels.it\/fr\/service\/"},{"@type":"ListItem","position":3,"name":"Bien-\u00eatre"}]},{"@type":"WebSite","@id":"https:\/\/www.cremonahotels.it\/fr\/#website","url":"https:\/\/www.cremonahotels.it\/fr\/","name":"Cremona hotels","description":"Just another ms.decms.eu site","potentialAction":[{"@type":"SearchAction","target":{"@type":"EntryPoint","urlTemplate":"https:\/\/www.cremonahotels.it\/fr\/?s={search_term_string}"},"query-input":{"@type":"PropertyValueSpecification","valueRequired":true,"valueName":"search_term_string"}}],"inLanguage":"fr-FR"}]}},"acf":[],"_links":{"self":[{"href":"https:\/\/www.cremonahotels.it\/fr\/wp-json\/wp\/v2\/pages\/314","targetHints":{"allow":["GET"]}}],"collection":[{"href":"https:\/\/www.cremonahotels.it\/fr\/wp-json\/wp\/v2\/pages"}],"about":[{"href":"https:\/\/www.cremonahotels.it\/fr\/wp-json\/wp\/v2\/types\/page"}],"author":[{"embeddable":true,"href":"https:\/\/www.cremonahotels.it\/fr\/wp-json\/wp\/v2\/users\/344"}],"replies":[{"embeddable":true,"href":"https:\/\/www.cremonahotels.it\/fr\/wp-json\/wp\/v2\/comments?post=314"}],"version-history":[{"count":0,"href":"https:\/\/www.cremonahotels.it\/fr\/wp-json\/wp\/v2\/pages\/314\/revisions"}],"up":[{"embeddable":true,"href":"https:\/\/www.cremonahotels.it\/fr\/wp-json\/wp\/v2\/pages\/308"}],"wp:attachment":[{"href":"https:\/\/www.cremonahotels.it\/fr\/wp-json\/wp\/v2\/media?parent=314"}],"curies":[{"name":"wp","href":"https:\/\/api.w.org\/{rel}","templated":true}]}}