{"id":311,"date":"2021-09-17T12:17:25","date_gmt":"2021-09-17T12:17:25","guid":{"rendered":"https:\/\/cremona-hotels.ms.decms.eu\/?page_id=311"},"modified":"2025-07-08T13:21:20","modified_gmt":"2025-07-08T13:21:20","slug":"restaurant","status":"publish","type":"page","link":"https:\/\/www.cremonahotels.it\/fr\/service\/restaurant\/","title":{"rendered":"Restaurant"},"content":{"rendered":"<p><strong><u>AlQuarto &#8211; <\/u><u>Rooftop Garden Restaurant\u00a0 \u00e0 l\u2019Hotel Continental<\/u><\/strong><\/p>\n<p><span style=\"color: #ff0000\">LE RESTAURANT QUARTO SERA OUVERT JUSQU&rsquo;AU 30\/08\/2025<\/span><\/p>\n<p>Nous vous attendons pour des d\u00e9licieux plats m\u00e9diterran\u00e9ens tr\u00e8s frais, une verre des meilleurs vins et un cocktail sous les \u00e9toiles. Un bijou charmant au quatri\u00e8me \u00e9tage de l\u2019hotel Continental, le mieux de la vie \u00e0 Cr\u00e9mone, \u00e9l\u00e9gant et \u00e0 appr\u00e9cier avec les cheveux\u00a0 au vent sur la terrasse.<\/p>\n<p>Une ambiance moderne et lumineuse avec une grande terrasse panoramique qui regarde vers la Cath\u00e9drale et le Torrazzo. Stefano Minchillo, chef du restaurant, propose de la cuisine m\u00e9diterran\u00e9enne surtout \u00e0 base de poisson.<\/p>\n<p>La terrasse et le restaurant sont ouverts de 18h45 \u00e0 minuit<\/p>\n<p><strong>Ferm\u00e9:<\/strong> dimanche<\/p>\n<p>Tel: +39 3318955792<br \/>\n<a href=\"https:\/\/www.alquartoristorante.com\/\">www.alquartoristorante.com<\/a><\/p>\n<p><strong>PIZZERIA D\u2019AUTORE<\/strong>, situ\u00e9e \u00e0 l\u2019int\u00e9rieur de l\u2019<strong>H\u00f4tel Continental<\/strong>,<\/p>\n<p>est bien plus qu\u2019une simple pizzeria : c\u2019est un lieu o\u00f9 la passion pour l\u2019art de la pizza rencontre l\u2019excellence des ingr\u00e9dients et la cr\u00e9ativit\u00e9 d\u2019un ma\u00eetre pizzaiolo. Chaque pizza est pens\u00e9e comme une v\u00e9ritable \u0153uvre d\u2019auteur, avec des p\u00e2tes \u00e0 longue fermentation, des farines soigneusement s\u00e9lectionn\u00e9es et des garnitures qui subliment les saveurs du terroir, tout en s\u2019ouvrant \u00e0 des influences gastronomiques.<\/p>\n<p>L\u2019ambiance raffin\u00e9e et chaleureuse, alli\u00e9e \u00e0 un service soign\u00e9 et attentionn\u00e9, fait de <strong>Pizzeria D\u2019AUTORE<\/strong> le choix id\u00e9al pour vivre une exp\u00e9rience culinaire unique au c\u0153ur de Cr\u00e9mone \u2014 entre tradition, innovation et une touche d\u2019\u00e9l\u00e9gance.<\/p>\n<p>La pizzeria est ouverte pour le d\u00e9jeuner et le d\u00eener. Ferm\u00e9e le mardi.<\/p>\n<p><strong>T\u00e9l. : +<\/strong>39 333-3797950<\/p>\n<div id=\"tw-container\" class=\"\" data-cp=\"1\" data-is-ver=\"false\" data-nnttsvi=\"1\" data-sm=\"1\" data-sugg-time=\"500\" data-sugg-url=\"https:\/\/clients1.google.com\/complete\/search\" data-uilc=\"it\">\n<div id=\"tw-ob\" class=\"tw-src-ltr\">\n<div class=\"oSioSc\">\n<div id=\"tw-target\">\n<div id=\"kAz1tf\" class=\"g9WsWb\">\n<div id=\"tw-target-text-container\" class=\"tw-ta-container F0azHf tw-nfl\">\n<p><strong>Hamburgeria Bufet Burger \u00e0 l\u2019H\u00f4tel Astoria<\/strong><br \/>\nAu rez-de-chauss\u00e9e, vous pourrez d\u00e9guster de d\u00e9licieux hamburgers et de la bi\u00e8re.<br \/>\nOuvert de 7h00 \u00e0 14h00 et de 19h00 \u00e0 22h30, le samedi et le dimanche jusqu&rsquo;\u00e0 23h00<\/p>\n<p><strong>Hotel Continental et DelleArti ont un bar \u00e0 disposition des clients de l\u2019hotel.<\/strong><\/p>\n<\/div>\n<\/div>\n<\/div>\n<\/div>\n<\/div>\n<\/div>\n","protected":false},"excerpt":{"rendered":"<p>AlQuarto &#8211; Rooftop Garden Restaurant\u00a0 \u00e0 l\u2019Hotel Continental LE RESTAURANT QUARTO SERA OUVERT JUSQU&rsquo;AU 30\/08\/2025 Nous vous attendons pour des d\u00e9licieux plats m\u00e9diterran\u00e9ens tr\u00e8s frais, une verre des meilleurs vins et un cocktail sous les \u00e9toiles. Un bijou charmant au quatri\u00e8me \u00e9tage de l\u2019hotel Continental, le mieux de la vie \u00e0 Cr\u00e9mone, \u00e9l\u00e9gant et \u00e0 [&hellip;]<\/p>\n","protected":false},"author":344,"featured_media":0,"parent":308,"menu_order":10,"comment_status":"closed","ping_status":"closed","template":"","meta":{"footnotes":""},"class_list":["post-311","page","type-page","status-publish","hentry"],"yoast_head":"<!-- This site is optimized with the Yoast SEO plugin v26.9 - https:\/\/yoast.com\/product\/yoast-seo-wordpress\/ -->\n<title>Restaurant &#8226; Cremona hotels &#8226;<\/title>\n<meta name=\"description\" content=\"AlQuarto - Rooftop Garden Restaurant\u00a0 \u00e0 l\u2019Hotel Continental  LE RESTAURANT QUARTO SERA OUVERT JUSQU&#039;AU 30\/08\/2025  Nous vous attendons pour des d\u00e9licieux plats m\u00e9diterran\u00e9ens tr\u00e8s frais, une verre des meilleurs vins et un cocktail sous les \u00e9toiles. Un bijou charmant au quatri\u00e8me \u00e9tage de l\u2019hotel Continental, le mieux de la vie \u00e0 Cr\u00e9mone, \u00e9l\u00e9gant et \u00e0 appr\u00e9cier avec les cheveux\u00a0 au vent sur la terrasse.  Une ambiance moderne et lumineuse avec une grande terrasse panoramique qui regarde vers la Cath\u00e9drale et le Torrazzo\" \/>\n<meta name=\"robots\" content=\"index, follow, max-snippet:-1, max-image-preview:large, max-video-preview:-1\" \/>\n<link rel=\"canonical\" href=\"https:\/\/www.cremonahotels.it\/fr\/service\/restaurant\/\" \/>\n<meta property=\"og:locale\" content=\"fr_FR\" \/>\n<meta property=\"og:type\" content=\"article\" \/>\n<meta property=\"og:title\" content=\"Restaurant &#8226; Cremona hotels &#8226;\" \/>\n<meta property=\"og:description\" content=\"AlQuarto - Rooftop Garden Restaurant\u00a0 \u00e0 l\u2019Hotel Continental  LE RESTAURANT QUARTO SERA OUVERT JUSQU&#039;AU 30\/08\/2025  Nous vous attendons pour des d\u00e9licieux plats m\u00e9diterran\u00e9ens tr\u00e8s frais, une verre des meilleurs vins et un cocktail sous les \u00e9toiles. Un bijou charmant au quatri\u00e8me \u00e9tage de l\u2019hotel Continental, le mieux de la vie \u00e0 Cr\u00e9mone, \u00e9l\u00e9gant et \u00e0 appr\u00e9cier avec les cheveux\u00a0 au vent sur la terrasse.  Une ambiance moderne et lumineuse avec une grande terrasse panoramique qui regarde vers la Cath\u00e9drale et le Torrazzo\" \/>\n<meta property=\"og:url\" content=\"https:\/\/www.cremonahotels.it\/fr\/service\/restaurant\/\" \/>\n<meta property=\"og:site_name\" content=\"Cremona hotels\" \/>\n<meta property=\"article:modified_time\" content=\"2025-07-08T13:21:20+00:00\" \/>\n<meta name=\"twitter:card\" content=\"summary_large_image\" \/>\n<meta name=\"twitter:label1\" content=\"Dur\u00e9e de lecture estim\u00e9e\" \/>\n\t<meta name=\"twitter:data1\" content=\"2 minutes\" \/>\n<script type=\"application\/ld+json\" class=\"yoast-schema-graph\">{\"@context\":\"https:\/\/schema.org\",\"@graph\":[{\"@type\":\"WebPage\",\"@id\":\"https:\/\/www.cremonahotels.it\/fr\/service\/restaurant\/\",\"url\":\"https:\/\/www.cremonahotels.it\/fr\/service\/restaurant\/\",\"name\":\"Restaurant &#8226; Cremona hotels &#8226;\",\"isPartOf\":{\"@id\":\"https:\/\/www.cremonahotels.it\/fr\/#website\"},\"datePublished\":\"2021-09-17T12:17:25+00:00\",\"dateModified\":\"2025-07-08T13:21:20+00:00\",\"description\":\"AlQuarto - Rooftop Garden Restaurant\u00a0 \u00e0 l\u2019Hotel Continental LE RESTAURANT QUARTO SERA OUVERT JUSQU'AU 30\/08\/2025 Nous vous attendons pour des d\u00e9licieux plats m\u00e9diterran\u00e9ens tr\u00e8s frais, une verre des meilleurs vins et un cocktail sous les \u00e9toiles. Un bijou charmant au quatri\u00e8me \u00e9tage de l\u2019hotel Continental, le mieux de la vie \u00e0 Cr\u00e9mone, \u00e9l\u00e9gant et \u00e0 appr\u00e9cier avec les cheveux\u00a0 au vent sur la terrasse. Une ambiance moderne et lumineuse avec une grande terrasse panoramique qui regarde vers la Cath\u00e9drale et le Torrazzo\",\"breadcrumb\":{\"@id\":\"https:\/\/www.cremonahotels.it\/fr\/service\/restaurant\/#breadcrumb\"},\"inLanguage\":\"fr-FR\",\"potentialAction\":[{\"@type\":\"ReadAction\",\"target\":[\"https:\/\/www.cremonahotels.it\/fr\/service\/restaurant\/\"]}]},{\"@type\":\"BreadcrumbList\",\"@id\":\"https:\/\/www.cremonahotels.it\/fr\/service\/restaurant\/#breadcrumb\",\"itemListElement\":[{\"@type\":\"ListItem\",\"position\":1,\"name\":\"Home\",\"item\":\"https:\/\/www.cremonahotels.it\/fr\/\"},{\"@type\":\"ListItem\",\"position\":2,\"name\":\"Service\",\"item\":\"https:\/\/www.cremonahotels.it\/fr\/service\/\"},{\"@type\":\"ListItem\",\"position\":3,\"name\":\"Restaurant\"}]},{\"@type\":\"WebSite\",\"@id\":\"https:\/\/www.cremonahotels.it\/fr\/#website\",\"url\":\"https:\/\/www.cremonahotels.it\/fr\/\",\"name\":\"Cremona hotels\",\"description\":\"Just another ms.decms.eu site\",\"potentialAction\":[{\"@type\":\"SearchAction\",\"target\":{\"@type\":\"EntryPoint\",\"urlTemplate\":\"https:\/\/www.cremonahotels.it\/fr\/?s={search_term_string}\"},\"query-input\":{\"@type\":\"PropertyValueSpecification\",\"valueRequired\":true,\"valueName\":\"search_term_string\"}}],\"inLanguage\":\"fr-FR\"}]}<\/script>\n<!-- \/ Yoast SEO plugin. -->","yoast_head_json":{"title":"Restaurant &#8226; Cremona hotels &#8226;","description":"AlQuarto - Rooftop Garden Restaurant\u00a0 \u00e0 l\u2019Hotel Continental  LE RESTAURANT QUARTO SERA OUVERT JUSQU'AU 30\/08\/2025  Nous vous attendons pour des d\u00e9licieux plats m\u00e9diterran\u00e9ens tr\u00e8s frais, une verre des meilleurs vins et un cocktail sous les \u00e9toiles. Un bijou charmant au quatri\u00e8me \u00e9tage de l\u2019hotel Continental, le mieux de la vie \u00e0 Cr\u00e9mone, \u00e9l\u00e9gant et \u00e0 appr\u00e9cier avec les cheveux\u00a0 au vent sur la terrasse.  Une ambiance moderne et lumineuse avec une grande terrasse panoramique qui regarde vers la Cath\u00e9drale et le Torrazzo","robots":{"index":"index","follow":"follow","max-snippet":"max-snippet:-1","max-image-preview":"max-image-preview:large","max-video-preview":"max-video-preview:-1"},"canonical":"https:\/\/www.cremonahotels.it\/fr\/service\/restaurant\/","og_locale":"fr_FR","og_type":"article","og_title":"Restaurant &#8226; Cremona hotels &#8226;","og_description":"AlQuarto - Rooftop Garden Restaurant\u00a0 \u00e0 l\u2019Hotel Continental  LE RESTAURANT QUARTO SERA OUVERT JUSQU'AU 30\/08\/2025  Nous vous attendons pour des d\u00e9licieux plats m\u00e9diterran\u00e9ens tr\u00e8s frais, une verre des meilleurs vins et un cocktail sous les \u00e9toiles. Un bijou charmant au quatri\u00e8me \u00e9tage de l\u2019hotel Continental, le mieux de la vie \u00e0 Cr\u00e9mone, \u00e9l\u00e9gant et \u00e0 appr\u00e9cier avec les cheveux\u00a0 au vent sur la terrasse.  Une ambiance moderne et lumineuse avec une grande terrasse panoramique qui regarde vers la Cath\u00e9drale et le Torrazzo","og_url":"https:\/\/www.cremonahotels.it\/fr\/service\/restaurant\/","og_site_name":"Cremona hotels","article_modified_time":"2025-07-08T13:21:20+00:00","twitter_card":"summary_large_image","twitter_misc":{"Dur\u00e9e de lecture estim\u00e9e":"2 minutes"},"schema":{"@context":"https:\/\/schema.org","@graph":[{"@type":"WebPage","@id":"https:\/\/www.cremonahotels.it\/fr\/service\/restaurant\/","url":"https:\/\/www.cremonahotels.it\/fr\/service\/restaurant\/","name":"Restaurant &#8226; Cremona hotels &#8226;","isPartOf":{"@id":"https:\/\/www.cremonahotels.it\/fr\/#website"},"datePublished":"2021-09-17T12:17:25+00:00","dateModified":"2025-07-08T13:21:20+00:00","description":"AlQuarto - Rooftop Garden Restaurant\u00a0 \u00e0 l\u2019Hotel Continental LE RESTAURANT QUARTO SERA OUVERT JUSQU'AU 30\/08\/2025 Nous vous attendons pour des d\u00e9licieux plats m\u00e9diterran\u00e9ens tr\u00e8s frais, une verre des meilleurs vins et un cocktail sous les \u00e9toiles. Un bijou charmant au quatri\u00e8me \u00e9tage de l\u2019hotel Continental, le mieux de la vie \u00e0 Cr\u00e9mone, \u00e9l\u00e9gant et \u00e0 appr\u00e9cier avec les cheveux\u00a0 au vent sur la terrasse. Une ambiance moderne et lumineuse avec une grande terrasse panoramique qui regarde vers la Cath\u00e9drale et le Torrazzo","breadcrumb":{"@id":"https:\/\/www.cremonahotels.it\/fr\/service\/restaurant\/#breadcrumb"},"inLanguage":"fr-FR","potentialAction":[{"@type":"ReadAction","target":["https:\/\/www.cremonahotels.it\/fr\/service\/restaurant\/"]}]},{"@type":"BreadcrumbList","@id":"https:\/\/www.cremonahotels.it\/fr\/service\/restaurant\/#breadcrumb","itemListElement":[{"@type":"ListItem","position":1,"name":"Home","item":"https:\/\/www.cremonahotels.it\/fr\/"},{"@type":"ListItem","position":2,"name":"Service","item":"https:\/\/www.cremonahotels.it\/fr\/service\/"},{"@type":"ListItem","position":3,"name":"Restaurant"}]},{"@type":"WebSite","@id":"https:\/\/www.cremonahotels.it\/fr\/#website","url":"https:\/\/www.cremonahotels.it\/fr\/","name":"Cremona hotels","description":"Just another ms.decms.eu site","potentialAction":[{"@type":"SearchAction","target":{"@type":"EntryPoint","urlTemplate":"https:\/\/www.cremonahotels.it\/fr\/?s={search_term_string}"},"query-input":{"@type":"PropertyValueSpecification","valueRequired":true,"valueName":"search_term_string"}}],"inLanguage":"fr-FR"}]}},"acf":[],"_links":{"self":[{"href":"https:\/\/www.cremonahotels.it\/fr\/wp-json\/wp\/v2\/pages\/311","targetHints":{"allow":["GET"]}}],"collection":[{"href":"https:\/\/www.cremonahotels.it\/fr\/wp-json\/wp\/v2\/pages"}],"about":[{"href":"https:\/\/www.cremonahotels.it\/fr\/wp-json\/wp\/v2\/types\/page"}],"author":[{"embeddable":true,"href":"https:\/\/www.cremonahotels.it\/fr\/wp-json\/wp\/v2\/users\/344"}],"replies":[{"embeddable":true,"href":"https:\/\/www.cremonahotels.it\/fr\/wp-json\/wp\/v2\/comments?post=311"}],"version-history":[{"count":0,"href":"https:\/\/www.cremonahotels.it\/fr\/wp-json\/wp\/v2\/pages\/311\/revisions"}],"up":[{"embeddable":true,"href":"https:\/\/www.cremonahotels.it\/fr\/wp-json\/wp\/v2\/pages\/308"}],"wp:attachment":[{"href":"https:\/\/www.cremonahotels.it\/fr\/wp-json\/wp\/v2\/media?parent=311"}],"curies":[{"name":"wp","href":"https:\/\/api.w.org\/{rel}","templated":true}]}}