{"id":305,"date":"2021-09-17T12:11:56","date_gmt":"2021-09-17T12:11:56","guid":{"rendered":"https:\/\/cremona-hotels.ms.decms.eu\/?page_id=305"},"modified":"2024-02-19T10:47:22","modified_gmt":"2024-02-19T10:47:22","slug":"reunion","status":"publish","type":"page","link":"https:\/\/www.cremonahotels.it\/fr\/reunion\/","title":{"rendered":"R\u00e9union"},"content":{"rendered":"<p>L\u2019<strong>Hotel Continental\u00a0<\/strong> se trouve dans une position strat\u00e9gique \u00e0 l\u2019entr\u00e9e de la ville, point de rencontre entre le centre historique, l\u2019autoroute, le quartier de la foire, le stade Zini, le PalaRadi et la gare routi\u00e8re, et\u00a0 face au parking municipale gratuit des autobus touristiques et le plus grand parking gratuit pour les voitures.<\/p>\n<p>Le Centre R\u00e9unions de l\u2019<strong>Hotel Continental<\/strong> met \u00e0 disposition la \u00ab Salle Stradivari \u00bbpour \u00a0r\u00e9unions, cours de formation et \u00e9v\u00e8nements. La salle accueille jusqu\u2019\u00e0 100 personnes.<\/p>\n<p>Il y a aussi une salle (Boardroom) pour de \u00a0petites r\u00e9unions, de 20 personnes maximum. Toutes les salles se trouvent au quatri\u00e8me \u00e9tage, donc elles ont de la lumi\u00e8re naturelle et sont \u00e9quip\u00e9es avec les derni\u00e8res technologies disponibles.<\/p>\n<p>La salle de r\u00e9union du <strong>Dellearti Design Hotel<\/strong> se trouve dans la salle de l\u2019exposition de la galerie d\u2019art contemporaine dans l\u2019hotel . La salle a une capacit\u00e9 maximale de 60 personnes et peut \u00eatre \u00e9quip\u00e9e,\u00a0 sur demande, avec tous les syst\u00e8mes et \u00e9quipements.<\/p>\n<p>La salle voisine, pour 20 personnes environ, permet di diviser la r\u00e9union en groups de travail\u00a0 et peut \u00eatre utilis\u00e9e seulement pour de petites r\u00e9unions.<\/p>\n<p>Dans tous les h\u00f4tels nous avons la possibilit\u00e9 de organiser\u00a0 \u00a0pause-caf\u00e9, d\u00e9jeuner et diner.<\/p>\n<p><u>Pour des informations\u00a0:<\/u><\/p>\n<p>e-mail:<a href=\"mailto:corporate@cremonahotels.it\">corporate@cremonahotels.it<\/a><\/p>\n<p>tel: 0372-434141 ext 2<\/p>\n","protected":false},"excerpt":{"rendered":"<p>L\u2019Hotel Continental\u00a0 se trouve dans une position strat\u00e9gique \u00e0 l\u2019entr\u00e9e de la ville, point de rencontre entre le centre historique, l\u2019autoroute, le quartier de la foire, le stade Zini, le PalaRadi et la gare routi\u00e8re, et\u00a0 face au parking municipale gratuit des autobus touristiques et le plus grand parking gratuit pour les voitures. Le Centre [&hellip;]<\/p>\n","protected":false},"author":344,"featured_media":0,"parent":0,"menu_order":40,"comment_status":"closed","ping_status":"closed","template":"","meta":{"footnotes":""},"class_list":["post-305","page","type-page","status-publish","hentry"],"yoast_head":"<!-- This site is optimized with the Yoast SEO plugin v26.9 - https:\/\/yoast.com\/product\/yoast-seo-wordpress\/ -->\n<title>R\u00e9union &#8226; Cremona hotels &#8226;<\/title>\n<meta name=\"description\" content=\"L\u2019Hotel Continental\u00a0 se trouve dans une position strat\u00e9gique \u00e0 l\u2019entr\u00e9e de la ville, point de rencontre entre le centre historique, l\u2019autoroute, le quartier de la foire, le stade Zini, le PalaRadi et la gare routi\u00e8re, et\u00a0 face au parking municipale gratuit des autobus touristiques et le plus grand parking gratuit pour les voitures.  Le Centre R\u00e9unions de l\u2019Hotel Continental met \u00e0 disposition la \u00ab Salle Stradivari \u00bbpour \u00a0r\u00e9unions, cours de formation et \u00e9v\u00e8nements. La salle accueille jusqu\u2019\u00e0 100 personnes.  Il y a aussi une salle (Boardroom) pour de \u00a0petites r\u00e9unions, de 20 personnes maximum\" \/>\n<meta name=\"robots\" content=\"index, follow, max-snippet:-1, max-image-preview:large, max-video-preview:-1\" \/>\n<link rel=\"canonical\" href=\"https:\/\/www.cremonahotels.it\/fr\/reunion\/\" \/>\n<meta property=\"og:locale\" content=\"fr_FR\" \/>\n<meta property=\"og:type\" content=\"article\" \/>\n<meta property=\"og:title\" content=\"R\u00e9union &#8226; Cremona hotels &#8226;\" \/>\n<meta property=\"og:description\" content=\"L\u2019Hotel Continental\u00a0 se trouve dans une position strat\u00e9gique \u00e0 l\u2019entr\u00e9e de la ville, point de rencontre entre le centre historique, l\u2019autoroute, le quartier de la foire, le stade Zini, le PalaRadi et la gare routi\u00e8re, et\u00a0 face au parking municipale gratuit des autobus touristiques et le plus grand parking gratuit pour les voitures.  Le Centre R\u00e9unions de l\u2019Hotel Continental met \u00e0 disposition la \u00ab Salle Stradivari \u00bbpour \u00a0r\u00e9unions, cours de formation et \u00e9v\u00e8nements. La salle accueille jusqu\u2019\u00e0 100 personnes.  Il y a aussi une salle (Boardroom) pour de \u00a0petites r\u00e9unions, de 20 personnes maximum\" \/>\n<meta property=\"og:url\" content=\"https:\/\/www.cremonahotels.it\/fr\/reunion\/\" \/>\n<meta property=\"og:site_name\" content=\"Cremona hotels\" \/>\n<meta property=\"article:modified_time\" content=\"2024-02-19T10:47:22+00:00\" \/>\n<meta name=\"twitter:card\" content=\"summary_large_image\" \/>\n<meta name=\"twitter:label1\" content=\"Dur\u00e9e de lecture estim\u00e9e\" \/>\n\t<meta name=\"twitter:data1\" content=\"1 minute\" \/>\n<script type=\"application\/ld+json\" class=\"yoast-schema-graph\">{\"@context\":\"https:\/\/schema.org\",\"@graph\":[{\"@type\":\"WebPage\",\"@id\":\"https:\/\/www.cremonahotels.it\/fr\/reunion\/\",\"url\":\"https:\/\/www.cremonahotels.it\/fr\/reunion\/\",\"name\":\"R\u00e9union &#8226; Cremona hotels &#8226;\",\"isPartOf\":{\"@id\":\"https:\/\/www.cremonahotels.it\/fr\/#website\"},\"datePublished\":\"2021-09-17T12:11:56+00:00\",\"dateModified\":\"2024-02-19T10:47:22+00:00\",\"description\":\"L\u2019Hotel Continental\u00a0 se trouve dans une position strat\u00e9gique \u00e0 l\u2019entr\u00e9e de la ville, point de rencontre entre le centre historique, l\u2019autoroute, le quartier de la foire, le stade Zini, le PalaRadi et la gare routi\u00e8re, et\u00a0 face au parking municipale gratuit des autobus touristiques et le plus grand parking gratuit pour les voitures. Le Centre R\u00e9unions de l\u2019Hotel Continental met \u00e0 disposition la \u00ab Salle Stradivari \u00bbpour \u00a0r\u00e9unions, cours de formation et \u00e9v\u00e8nements. La salle accueille jusqu\u2019\u00e0 100 personnes. Il y a aussi une salle (Boardroom) pour de \u00a0petites r\u00e9unions, de 20 personnes maximum\",\"breadcrumb\":{\"@id\":\"https:\/\/www.cremonahotels.it\/fr\/reunion\/#breadcrumb\"},\"inLanguage\":\"fr-FR\",\"potentialAction\":[{\"@type\":\"ReadAction\",\"target\":[\"https:\/\/www.cremonahotels.it\/fr\/reunion\/\"]}]},{\"@type\":\"BreadcrumbList\",\"@id\":\"https:\/\/www.cremonahotels.it\/fr\/reunion\/#breadcrumb\",\"itemListElement\":[{\"@type\":\"ListItem\",\"position\":1,\"name\":\"Home\",\"item\":\"https:\/\/www.cremonahotels.it\/fr\/\"},{\"@type\":\"ListItem\",\"position\":2,\"name\":\"R\u00e9union\"}]},{\"@type\":\"WebSite\",\"@id\":\"https:\/\/www.cremonahotels.it\/fr\/#website\",\"url\":\"https:\/\/www.cremonahotels.it\/fr\/\",\"name\":\"Cremona hotels\",\"description\":\"Just another ms.decms.eu site\",\"potentialAction\":[{\"@type\":\"SearchAction\",\"target\":{\"@type\":\"EntryPoint\",\"urlTemplate\":\"https:\/\/www.cremonahotels.it\/fr\/?s={search_term_string}\"},\"query-input\":{\"@type\":\"PropertyValueSpecification\",\"valueRequired\":true,\"valueName\":\"search_term_string\"}}],\"inLanguage\":\"fr-FR\"}]}<\/script>\n<!-- \/ Yoast SEO plugin. -->","yoast_head_json":{"title":"R\u00e9union &#8226; Cremona hotels &#8226;","description":"L\u2019Hotel Continental\u00a0 se trouve dans une position strat\u00e9gique \u00e0 l\u2019entr\u00e9e de la ville, point de rencontre entre le centre historique, l\u2019autoroute, le quartier de la foire, le stade Zini, le PalaRadi et la gare routi\u00e8re, et\u00a0 face au parking municipale gratuit des autobus touristiques et le plus grand parking gratuit pour les voitures.  Le Centre R\u00e9unions de l\u2019Hotel Continental met \u00e0 disposition la \u00ab Salle Stradivari \u00bbpour \u00a0r\u00e9unions, cours de formation et \u00e9v\u00e8nements. La salle accueille jusqu\u2019\u00e0 100 personnes.  Il y a aussi une salle (Boardroom) pour de \u00a0petites r\u00e9unions, de 20 personnes maximum","robots":{"index":"index","follow":"follow","max-snippet":"max-snippet:-1","max-image-preview":"max-image-preview:large","max-video-preview":"max-video-preview:-1"},"canonical":"https:\/\/www.cremonahotels.it\/fr\/reunion\/","og_locale":"fr_FR","og_type":"article","og_title":"R\u00e9union &#8226; Cremona hotels &#8226;","og_description":"L\u2019Hotel Continental\u00a0 se trouve dans une position strat\u00e9gique \u00e0 l\u2019entr\u00e9e de la ville, point de rencontre entre le centre historique, l\u2019autoroute, le quartier de la foire, le stade Zini, le PalaRadi et la gare routi\u00e8re, et\u00a0 face au parking municipale gratuit des autobus touristiques et le plus grand parking gratuit pour les voitures.  Le Centre R\u00e9unions de l\u2019Hotel Continental met \u00e0 disposition la \u00ab Salle Stradivari \u00bbpour \u00a0r\u00e9unions, cours de formation et \u00e9v\u00e8nements. La salle accueille jusqu\u2019\u00e0 100 personnes.  Il y a aussi une salle (Boardroom) pour de \u00a0petites r\u00e9unions, de 20 personnes maximum","og_url":"https:\/\/www.cremonahotels.it\/fr\/reunion\/","og_site_name":"Cremona hotels","article_modified_time":"2024-02-19T10:47:22+00:00","twitter_card":"summary_large_image","twitter_misc":{"Dur\u00e9e de lecture estim\u00e9e":"1 minute"},"schema":{"@context":"https:\/\/schema.org","@graph":[{"@type":"WebPage","@id":"https:\/\/www.cremonahotels.it\/fr\/reunion\/","url":"https:\/\/www.cremonahotels.it\/fr\/reunion\/","name":"R\u00e9union &#8226; Cremona hotels &#8226;","isPartOf":{"@id":"https:\/\/www.cremonahotels.it\/fr\/#website"},"datePublished":"2021-09-17T12:11:56+00:00","dateModified":"2024-02-19T10:47:22+00:00","description":"L\u2019Hotel Continental\u00a0 se trouve dans une position strat\u00e9gique \u00e0 l\u2019entr\u00e9e de la ville, point de rencontre entre le centre historique, l\u2019autoroute, le quartier de la foire, le stade Zini, le PalaRadi et la gare routi\u00e8re, et\u00a0 face au parking municipale gratuit des autobus touristiques et le plus grand parking gratuit pour les voitures. Le Centre R\u00e9unions de l\u2019Hotel Continental met \u00e0 disposition la \u00ab Salle Stradivari \u00bbpour \u00a0r\u00e9unions, cours de formation et \u00e9v\u00e8nements. La salle accueille jusqu\u2019\u00e0 100 personnes. Il y a aussi une salle (Boardroom) pour de \u00a0petites r\u00e9unions, de 20 personnes maximum","breadcrumb":{"@id":"https:\/\/www.cremonahotels.it\/fr\/reunion\/#breadcrumb"},"inLanguage":"fr-FR","potentialAction":[{"@type":"ReadAction","target":["https:\/\/www.cremonahotels.it\/fr\/reunion\/"]}]},{"@type":"BreadcrumbList","@id":"https:\/\/www.cremonahotels.it\/fr\/reunion\/#breadcrumb","itemListElement":[{"@type":"ListItem","position":1,"name":"Home","item":"https:\/\/www.cremonahotels.it\/fr\/"},{"@type":"ListItem","position":2,"name":"R\u00e9union"}]},{"@type":"WebSite","@id":"https:\/\/www.cremonahotels.it\/fr\/#website","url":"https:\/\/www.cremonahotels.it\/fr\/","name":"Cremona hotels","description":"Just another ms.decms.eu site","potentialAction":[{"@type":"SearchAction","target":{"@type":"EntryPoint","urlTemplate":"https:\/\/www.cremonahotels.it\/fr\/?s={search_term_string}"},"query-input":{"@type":"PropertyValueSpecification","valueRequired":true,"valueName":"search_term_string"}}],"inLanguage":"fr-FR"}]}},"acf":[],"_links":{"self":[{"href":"https:\/\/www.cremonahotels.it\/fr\/wp-json\/wp\/v2\/pages\/305","targetHints":{"allow":["GET"]}}],"collection":[{"href":"https:\/\/www.cremonahotels.it\/fr\/wp-json\/wp\/v2\/pages"}],"about":[{"href":"https:\/\/www.cremonahotels.it\/fr\/wp-json\/wp\/v2\/types\/page"}],"author":[{"embeddable":true,"href":"https:\/\/www.cremonahotels.it\/fr\/wp-json\/wp\/v2\/users\/344"}],"replies":[{"embeddable":true,"href":"https:\/\/www.cremonahotels.it\/fr\/wp-json\/wp\/v2\/comments?post=305"}],"version-history":[{"count":0,"href":"https:\/\/www.cremonahotels.it\/fr\/wp-json\/wp\/v2\/pages\/305\/revisions"}],"wp:attachment":[{"href":"https:\/\/www.cremonahotels.it\/fr\/wp-json\/wp\/v2\/media?parent=305"}],"curies":[{"name":"wp","href":"https:\/\/api.w.org\/{rel}","templated":true}]}}