{"id":302,"date":"2021-09-17T12:04:40","date_gmt":"2021-09-17T12:04:40","guid":{"rendered":"https:\/\/cremona-hotels.ms.decms.eu\/?page_id=302"},"modified":"2023-04-10T17:09:26","modified_gmt":"2023-04-10T17:09:26","slug":"localisation","status":"publish","type":"page","link":"https:\/\/www.cremonahotels.it\/fr\/localisation\/","title":{"rendered":"O\u00f9 nous sommes"},"content":{"rendered":"<p>Nos h\u00f4tels se trouvent dans le c\u0153ur de Cr\u00e9mone, \u00e0 quelques pas l\u2019un de l\u2019autre.<\/p>\n<p>On peut facilement arriver \u00e0 Cr\u00e9mone en autoroute,\u00a0 sortant du p\u00e9age de Cr\u00e9mone, \u00e0 4 km du centre de la ville ou du p\u00e9age de Castelvetro Piacentino, \u00e0 7 km de la ville de Cr\u00e9mone.<\/p>\n<p>La gare routi\u00e8re, qui se trouve \u00e0 1 km de nos h\u00f4tels, est connect\u00e9e\u00a0 aux principaux centres de la Lombardie et du Nord Italie.<\/p>\n<p>Les a\u00e9roports de Milano Linate e Bergamo Orio al Serio sont loin environ 100 km de la ville et l\u2019a\u00e9roport de Milano Malpensa est loin 150 km. L\u2019hotel met \u00e0 votre disposition des services de transfert (avec suppl\u00e9ment)<\/p>\n<p><img loading=\"lazy\" decoding=\"async\" class=\"alignnone size-medium wp-image-534\" src=\"https:\/\/www.cremonahotels.it\/wp-content\/uploads\/sites\/324\/2023\/04\/trainline-1-300x56.png\" alt=\"\" width=\"300\" height=\"56\" srcset=\"https:\/\/www.cremonahotels.it\/wp-content\/uploads\/sites\/324\/2023\/04\/trainline-1-300x56.png 300w, https:\/\/www.cremonahotels.it\/wp-content\/uploads\/sites\/324\/2023\/04\/trainline-1.png 324w\" sizes=\"auto, (max-width: 300px) 100vw, 300px\" \/><\/p>\n<p>Planifier votre voyage en train, <a href=\"https:\/\/www.thetrainline.com\/fr\" target=\"_blank\" rel=\"noopener\">cliquez ici<\/a><\/p>\n","protected":false},"excerpt":{"rendered":"<p>Nos h\u00f4tels se trouvent dans le c\u0153ur de Cr\u00e9mone, \u00e0 quelques pas l\u2019un de l\u2019autre. On peut facilement arriver \u00e0 Cr\u00e9mone en autoroute,\u00a0 sortant du p\u00e9age de Cr\u00e9mone, \u00e0 4 km du centre de la ville ou du p\u00e9age de Castelvetro Piacentino, \u00e0 7 km de la ville de Cr\u00e9mone. La gare routi\u00e8re, qui se [&hellip;]<\/p>\n","protected":false},"author":344,"featured_media":0,"parent":0,"menu_order":30,"comment_status":"closed","ping_status":"closed","template":"","meta":{"footnotes":""},"class_list":["post-302","page","type-page","status-publish","hentry"],"yoast_head":"<!-- This site is optimized with the Yoast SEO plugin v26.9 - https:\/\/yoast.com\/product\/yoast-seo-wordpress\/ -->\n<title>O\u00f9 nous sommes &#8226; Cremona hotels &#8226;<\/title>\n<meta name=\"description\" content=\"Nos h\u00f4tels se trouvent dans le c\u0153ur de Cr\u00e9mone, \u00e0 quelques pas l\u2019un de l\u2019autre.  On peut facilement arriver \u00e0 Cr\u00e9mone en autoroute,\u00a0 sortant du p\u00e9age de Cr\u00e9mone, \u00e0 4 km du centre de la ville ou du p\u00e9age de Castelvetro Piacentino, \u00e0 7 km de la ville de Cr\u00e9mone.  La gare routi\u00e8re, qui se trouve \u00e0 1 km de nos h\u00f4tels, est connect\u00e9e\u00a0 aux principaux centres de la Lombardie et du Nord Italie.  Les a\u00e9roports de Milano Linate e Bergamo Orio al Serio sont loin environ 100 km de la ville et l\u2019a\u00e9roport de Milano Malpensa est loin 150 km. L\u2019hotel met \u00e0 votre disposition des services de transfert (avec suppl\u00e9ment)    Planifier votre voyage en train, cliquez ici\" \/>\n<meta name=\"robots\" content=\"index, follow, max-snippet:-1, max-image-preview:large, max-video-preview:-1\" \/>\n<link rel=\"canonical\" href=\"https:\/\/www.cremonahotels.it\/fr\/localisation\/\" \/>\n<meta property=\"og:locale\" content=\"fr_FR\" \/>\n<meta property=\"og:type\" content=\"article\" \/>\n<meta property=\"og:title\" content=\"O\u00f9 nous sommes &#8226; Cremona hotels &#8226;\" \/>\n<meta property=\"og:description\" content=\"Nos h\u00f4tels se trouvent dans le c\u0153ur de Cr\u00e9mone, \u00e0 quelques pas l\u2019un de l\u2019autre.  On peut facilement arriver \u00e0 Cr\u00e9mone en autoroute,\u00a0 sortant du p\u00e9age de Cr\u00e9mone, \u00e0 4 km du centre de la ville ou du p\u00e9age de Castelvetro Piacentino, \u00e0 7 km de la ville de Cr\u00e9mone.  La gare routi\u00e8re, qui se trouve \u00e0 1 km de nos h\u00f4tels, est connect\u00e9e\u00a0 aux principaux centres de la Lombardie et du Nord Italie.  Les a\u00e9roports de Milano Linate e Bergamo Orio al Serio sont loin environ 100 km de la ville et l\u2019a\u00e9roport de Milano Malpensa est loin 150 km. L\u2019hotel met \u00e0 votre disposition des services de transfert (avec suppl\u00e9ment)    Planifier votre voyage en train, cliquez ici\" \/>\n<meta property=\"og:url\" content=\"https:\/\/www.cremonahotels.it\/fr\/localisation\/\" \/>\n<meta property=\"og:site_name\" content=\"Cremona hotels\" \/>\n<meta property=\"article:modified_time\" content=\"2023-04-10T17:09:26+00:00\" \/>\n<meta property=\"og:image\" content=\"https:\/\/www.cremonahotels.it\/wp-content\/uploads\/sites\/324\/2023\/04\/trainline-1-300x56.png\" \/>\n<meta name=\"twitter:card\" content=\"summary_large_image\" \/>\n<meta name=\"twitter:label1\" content=\"Dur\u00e9e de lecture estim\u00e9e\" \/>\n\t<meta name=\"twitter:data1\" content=\"1 minute\" \/>\n<script type=\"application\/ld+json\" class=\"yoast-schema-graph\">{\"@context\":\"https:\/\/schema.org\",\"@graph\":[{\"@type\":\"WebPage\",\"@id\":\"https:\/\/www.cremonahotels.it\/fr\/localisation\/\",\"url\":\"https:\/\/www.cremonahotels.it\/fr\/localisation\/\",\"name\":\"O\u00f9 nous sommes &#8226; Cremona hotels &#8226;\",\"isPartOf\":{\"@id\":\"https:\/\/www.cremonahotels.it\/fr\/#website\"},\"primaryImageOfPage\":{\"@id\":\"https:\/\/www.cremonahotels.it\/fr\/localisation\/#primaryimage\"},\"image\":{\"@id\":\"https:\/\/www.cremonahotels.it\/fr\/localisation\/#primaryimage\"},\"thumbnailUrl\":\"https:\/\/www.cremonahotels.it\/wp-content\/uploads\/sites\/324\/2023\/04\/trainline-1-300x56.png\",\"datePublished\":\"2021-09-17T12:04:40+00:00\",\"dateModified\":\"2023-04-10T17:09:26+00:00\",\"description\":\"Nos h\u00f4tels se trouvent dans le c\u0153ur de Cr\u00e9mone, \u00e0 quelques pas l\u2019un de l\u2019autre. On peut facilement arriver \u00e0 Cr\u00e9mone en autoroute,\u00a0 sortant du p\u00e9age de Cr\u00e9mone, \u00e0 4 km du centre de la ville ou du p\u00e9age de Castelvetro Piacentino, \u00e0 7 km de la ville de Cr\u00e9mone. La gare routi\u00e8re, qui se trouve \u00e0 1 km de nos h\u00f4tels, est connect\u00e9e\u00a0 aux principaux centres de la Lombardie et du Nord Italie. Les a\u00e9roports de Milano Linate e Bergamo Orio al Serio sont loin environ 100 km de la ville et l\u2019a\u00e9roport de Milano Malpensa est loin 150 km. L\u2019hotel met \u00e0 votre disposition des services de transfert (avec suppl\u00e9ment) Planifier votre voyage en train, cliquez ici\",\"breadcrumb\":{\"@id\":\"https:\/\/www.cremonahotels.it\/fr\/localisation\/#breadcrumb\"},\"inLanguage\":\"fr-FR\",\"potentialAction\":[{\"@type\":\"ReadAction\",\"target\":[\"https:\/\/www.cremonahotels.it\/fr\/localisation\/\"]}]},{\"@type\":\"ImageObject\",\"inLanguage\":\"fr-FR\",\"@id\":\"https:\/\/www.cremonahotels.it\/fr\/localisation\/#primaryimage\",\"url\":\"https:\/\/www.cremonahotels.it\/wp-content\/uploads\/sites\/324\/2023\/04\/trainline-1-300x56.png\",\"contentUrl\":\"https:\/\/www.cremonahotels.it\/wp-content\/uploads\/sites\/324\/2023\/04\/trainline-1-300x56.png\"},{\"@type\":\"BreadcrumbList\",\"@id\":\"https:\/\/www.cremonahotels.it\/fr\/localisation\/#breadcrumb\",\"itemListElement\":[{\"@type\":\"ListItem\",\"position\":1,\"name\":\"Home\",\"item\":\"https:\/\/www.cremonahotels.it\/fr\/\"},{\"@type\":\"ListItem\",\"position\":2,\"name\":\"O\u00f9 nous sommes\"}]},{\"@type\":\"WebSite\",\"@id\":\"https:\/\/www.cremonahotels.it\/fr\/#website\",\"url\":\"https:\/\/www.cremonahotels.it\/fr\/\",\"name\":\"Cremona hotels\",\"description\":\"Just another ms.decms.eu site\",\"potentialAction\":[{\"@type\":\"SearchAction\",\"target\":{\"@type\":\"EntryPoint\",\"urlTemplate\":\"https:\/\/www.cremonahotels.it\/fr\/?s={search_term_string}\"},\"query-input\":{\"@type\":\"PropertyValueSpecification\",\"valueRequired\":true,\"valueName\":\"search_term_string\"}}],\"inLanguage\":\"fr-FR\"}]}<\/script>\n<!-- \/ Yoast SEO plugin. -->","yoast_head_json":{"title":"O\u00f9 nous sommes &#8226; Cremona hotels &#8226;","description":"Nos h\u00f4tels se trouvent dans le c\u0153ur de Cr\u00e9mone, \u00e0 quelques pas l\u2019un de l\u2019autre.  On peut facilement arriver \u00e0 Cr\u00e9mone en autoroute,\u00a0 sortant du p\u00e9age de Cr\u00e9mone, \u00e0 4 km du centre de la ville ou du p\u00e9age de Castelvetro Piacentino, \u00e0 7 km de la ville de Cr\u00e9mone.  La gare routi\u00e8re, qui se trouve \u00e0 1 km de nos h\u00f4tels, est connect\u00e9e\u00a0 aux principaux centres de la Lombardie et du Nord Italie.  Les a\u00e9roports de Milano Linate e Bergamo Orio al Serio sont loin environ 100 km de la ville et l\u2019a\u00e9roport de Milano Malpensa est loin 150 km. L\u2019hotel met \u00e0 votre disposition des services de transfert (avec suppl\u00e9ment)    Planifier votre voyage en train, cliquez ici","robots":{"index":"index","follow":"follow","max-snippet":"max-snippet:-1","max-image-preview":"max-image-preview:large","max-video-preview":"max-video-preview:-1"},"canonical":"https:\/\/www.cremonahotels.it\/fr\/localisation\/","og_locale":"fr_FR","og_type":"article","og_title":"O\u00f9 nous sommes &#8226; Cremona hotels &#8226;","og_description":"Nos h\u00f4tels se trouvent dans le c\u0153ur de Cr\u00e9mone, \u00e0 quelques pas l\u2019un de l\u2019autre.  On peut facilement arriver \u00e0 Cr\u00e9mone en autoroute,\u00a0 sortant du p\u00e9age de Cr\u00e9mone, \u00e0 4 km du centre de la ville ou du p\u00e9age de Castelvetro Piacentino, \u00e0 7 km de la ville de Cr\u00e9mone.  La gare routi\u00e8re, qui se trouve \u00e0 1 km de nos h\u00f4tels, est connect\u00e9e\u00a0 aux principaux centres de la Lombardie et du Nord Italie.  Les a\u00e9roports de Milano Linate e Bergamo Orio al Serio sont loin environ 100 km de la ville et l\u2019a\u00e9roport de Milano Malpensa est loin 150 km. L\u2019hotel met \u00e0 votre disposition des services de transfert (avec suppl\u00e9ment)    Planifier votre voyage en train, cliquez ici","og_url":"https:\/\/www.cremonahotels.it\/fr\/localisation\/","og_site_name":"Cremona hotels","article_modified_time":"2023-04-10T17:09:26+00:00","og_image":[{"url":"https:\/\/www.cremonahotels.it\/wp-content\/uploads\/sites\/324\/2023\/04\/trainline-1-300x56.png","type":"","width":"","height":""}],"twitter_card":"summary_large_image","twitter_misc":{"Dur\u00e9e de lecture estim\u00e9e":"1 minute"},"schema":{"@context":"https:\/\/schema.org","@graph":[{"@type":"WebPage","@id":"https:\/\/www.cremonahotels.it\/fr\/localisation\/","url":"https:\/\/www.cremonahotels.it\/fr\/localisation\/","name":"O\u00f9 nous sommes &#8226; Cremona hotels &#8226;","isPartOf":{"@id":"https:\/\/www.cremonahotels.it\/fr\/#website"},"primaryImageOfPage":{"@id":"https:\/\/www.cremonahotels.it\/fr\/localisation\/#primaryimage"},"image":{"@id":"https:\/\/www.cremonahotels.it\/fr\/localisation\/#primaryimage"},"thumbnailUrl":"https:\/\/www.cremonahotels.it\/wp-content\/uploads\/sites\/324\/2023\/04\/trainline-1-300x56.png","datePublished":"2021-09-17T12:04:40+00:00","dateModified":"2023-04-10T17:09:26+00:00","description":"Nos h\u00f4tels se trouvent dans le c\u0153ur de Cr\u00e9mone, \u00e0 quelques pas l\u2019un de l\u2019autre. On peut facilement arriver \u00e0 Cr\u00e9mone en autoroute,\u00a0 sortant du p\u00e9age de Cr\u00e9mone, \u00e0 4 km du centre de la ville ou du p\u00e9age de Castelvetro Piacentino, \u00e0 7 km de la ville de Cr\u00e9mone. La gare routi\u00e8re, qui se trouve \u00e0 1 km de nos h\u00f4tels, est connect\u00e9e\u00a0 aux principaux centres de la Lombardie et du Nord Italie. Les a\u00e9roports de Milano Linate e Bergamo Orio al Serio sont loin environ 100 km de la ville et l\u2019a\u00e9roport de Milano Malpensa est loin 150 km. L\u2019hotel met \u00e0 votre disposition des services de transfert (avec suppl\u00e9ment) Planifier votre voyage en train, cliquez ici","breadcrumb":{"@id":"https:\/\/www.cremonahotels.it\/fr\/localisation\/#breadcrumb"},"inLanguage":"fr-FR","potentialAction":[{"@type":"ReadAction","target":["https:\/\/www.cremonahotels.it\/fr\/localisation\/"]}]},{"@type":"ImageObject","inLanguage":"fr-FR","@id":"https:\/\/www.cremonahotels.it\/fr\/localisation\/#primaryimage","url":"https:\/\/www.cremonahotels.it\/wp-content\/uploads\/sites\/324\/2023\/04\/trainline-1-300x56.png","contentUrl":"https:\/\/www.cremonahotels.it\/wp-content\/uploads\/sites\/324\/2023\/04\/trainline-1-300x56.png"},{"@type":"BreadcrumbList","@id":"https:\/\/www.cremonahotels.it\/fr\/localisation\/#breadcrumb","itemListElement":[{"@type":"ListItem","position":1,"name":"Home","item":"https:\/\/www.cremonahotels.it\/fr\/"},{"@type":"ListItem","position":2,"name":"O\u00f9 nous sommes"}]},{"@type":"WebSite","@id":"https:\/\/www.cremonahotels.it\/fr\/#website","url":"https:\/\/www.cremonahotels.it\/fr\/","name":"Cremona hotels","description":"Just another ms.decms.eu site","potentialAction":[{"@type":"SearchAction","target":{"@type":"EntryPoint","urlTemplate":"https:\/\/www.cremonahotels.it\/fr\/?s={search_term_string}"},"query-input":{"@type":"PropertyValueSpecification","valueRequired":true,"valueName":"search_term_string"}}],"inLanguage":"fr-FR"}]}},"acf":[],"_links":{"self":[{"href":"https:\/\/www.cremonahotels.it\/fr\/wp-json\/wp\/v2\/pages\/302","targetHints":{"allow":["GET"]}}],"collection":[{"href":"https:\/\/www.cremonahotels.it\/fr\/wp-json\/wp\/v2\/pages"}],"about":[{"href":"https:\/\/www.cremonahotels.it\/fr\/wp-json\/wp\/v2\/types\/page"}],"author":[{"embeddable":true,"href":"https:\/\/www.cremonahotels.it\/fr\/wp-json\/wp\/v2\/users\/344"}],"replies":[{"embeddable":true,"href":"https:\/\/www.cremonahotels.it\/fr\/wp-json\/wp\/v2\/comments?post=302"}],"version-history":[{"count":0,"href":"https:\/\/www.cremonahotels.it\/fr\/wp-json\/wp\/v2\/pages\/302\/revisions"}],"wp:attachment":[{"href":"https:\/\/www.cremonahotels.it\/fr\/wp-json\/wp\/v2\/media?parent=302"}],"curies":[{"name":"wp","href":"https:\/\/api.w.org\/{rel}","templated":true}]}}