{"id":3,"date":"2021-07-05T08:27:53","date_gmt":"2021-07-05T08:27:53","guid":{"rendered":"https:\/\/cremona-hotels.ms.decms.eu\/?page_id=3"},"modified":"2024-01-29T11:05:23","modified_gmt":"2024-01-29T11:05:23","slug":"homepage","status":"publish","type":"page","link":"https:\/\/www.cremonahotels.it\/fr\/","title":{"rendered":"Accueil"},"content":{"rendered":"<p>Nos quatre h\u00f4tels offrent les services les plus modernes, avec 172 chambres et junior suites qui combinent parfaitement qualit\u00e9, \u00e9l\u00e9gance et confort.<\/p>\n<p>Projet\u00e9es pour garantir des standards de qualit\u00e9, pour satisfaire le client le plus exigeant, pour des voyages d\u2019affaires ou d\u2019agr\u00e9ment.<\/p>\n<p>Cremonahotels est une r\u00e9f\u00e9rence dans le cadre des h\u00f4tels de notre ville et le point de d\u00e9part pour vivre Cr\u00e9mone. Tout \u00e7a en appr\u00e9ciant\u00a0 la grande offre culturelle de la ville et des positions excellentes .<\/p>\n<p>Toutes nos quatre structures, avec des caract\u00e8res singuliers et exclusifs, se trouvent dans le centre historique de la ville, \u00e0 quelques pas des principaux lieus d\u2019int\u00e9r\u00eat\u00a0: Piazza del Duomo, Torrazzo, Museo del Violino, Teatro Ponchielli, ateliers des luthiers, Museo Diocesano, Universit\u00e9 et Stadio Zini.<\/p>\n<p>On peut facilement arriver \u00e0 nos h\u00f4tels en voiture, autobus ou \u00e0 pieds de la gare routi\u00e8re, nous offrons un service\u00a0 de navette aussi (a\u00e9roport, gare, villes proches \u2013 sur r\u00e9servation).<\/p>\n<p>Nous disposons aussi d\u2019un garage priv\u00e9 couvert \u00e0 l\u2019hotel DelleArti, seulement sur r\u00e9servation et avec suppl\u00e9ment et nous sommes conventionn\u00e9s avec le garage SABA de Piazza Marconi dans les proximit\u00e9s de Astoria, DelleArti et Impero. Nous disposons aussi de lumineuses salles de r\u00e9unions pour n\u2019importe quelle n\u00e9cessit\u00e9, \u00e0 l\u2019hotel Continental et DelleArti.<\/p>\n","protected":false},"excerpt":{"rendered":"<p>Nos quatre h\u00f4tels offrent les services les plus modernes, avec 172 chambres et junior suites qui combinent parfaitement qualit\u00e9, \u00e9l\u00e9gance et confort. Projet\u00e9es pour garantir des standards de qualit\u00e9, pour satisfaire le client le plus exigeant, pour des voyages d\u2019affaires ou d\u2019agr\u00e9ment. Cremonahotels est une r\u00e9f\u00e9rence dans le cadre des h\u00f4tels de notre ville et [&hellip;]<\/p>\n","protected":false},"author":17,"featured_media":0,"parent":0,"menu_order":0,"comment_status":"closed","ping_status":"closed","template":"","meta":{"footnotes":""},"class_list":["post-3","page","type-page","status-publish","hentry"],"yoast_head":"<!-- This site is optimized with the Yoast SEO plugin v26.9 - https:\/\/yoast.com\/product\/yoast-seo-wordpress\/ -->\n<title>Accueil &#8226; Cremona hotels &#8226; 4 h\u00f4tels dans le centre historique de Cr\u00e9mone<\/title>\n<meta name=\"description\" content=\"Nos quatre h\u00f4tels offrent les services les plus modernes, avec 172 chambres et junior suites qui combinent parfaitement qualit\u00e9, \u00e9l\u00e9gance et confort.  Projet\u00e9es pour garantir des standards de qualit\u00e9, pour satisfaire le client le plus exigeant, pour des voyages d\u2019affaires ou d\u2019agr\u00e9ment.  Cremonahotels est une r\u00e9f\u00e9rence dans le cadre des h\u00f4tels de notre ville et le point de d\u00e9part pour vivre Cr\u00e9mone. Tout \u00e7a en appr\u00e9ciant\u00a0 la grande offre culturelle de la ville et des positions excellentes .  Toutes nos quatre structures, avec des caract\u00e8res singuliers et exclusifs, se trouvent dans le centre historique de la ville, \u00e0 quelques pas des principaux lieus d\u2019int\u00e9r\u00eat\u00a0: Piazza del Duomo, Torrazzo, Museo del Violino, Teatro Ponchielli, ateliers des luthiers, Museo Diocesano, Universit\u00e9 et Stadio Zini.  On peut facilement arriver \u00e0 nos h\u00f4tels en voiture, autobus ou \u00e0 pieds de la gare routi\u00e8re, nous offrons un service\u00a0 de navette aussi (a\u00e9roport, gare, villes proches \u2013 sur r\u00e9servation).  Nous disposons aussi d\u2019un garage priv\u00e9 couvert \u00e0 l\u2019hotel DelleArti, seulement sur r\u00e9servation et avec suppl\u00e9ment et nous sommes conventionn\u00e9s avec le garage SABA de Piazza Marconi dans les proximit\u00e9s de Astoria, DelleArti et Impero\" \/>\n<meta name=\"robots\" content=\"index, follow, max-snippet:-1, max-image-preview:large, max-video-preview:-1\" \/>\n<link rel=\"canonical\" href=\"https:\/\/www.cremonahotels.it\/fr\/\" \/>\n<meta property=\"og:locale\" content=\"fr_FR\" \/>\n<meta property=\"og:type\" content=\"article\" \/>\n<meta property=\"og:title\" content=\"Accueil &#8226; Cremona hotels &#8226; 4 h\u00f4tels dans le centre historique de Cr\u00e9mone\" \/>\n<meta property=\"og:description\" content=\"Nos quatre h\u00f4tels offrent les services les plus modernes, avec 172 chambres et junior suites qui combinent parfaitement qualit\u00e9, \u00e9l\u00e9gance et confort.  Projet\u00e9es pour garantir des standards de qualit\u00e9, pour satisfaire le client le plus exigeant, pour des voyages d\u2019affaires ou d\u2019agr\u00e9ment.  Cremonahotels est une r\u00e9f\u00e9rence dans le cadre des h\u00f4tels de notre ville et le point de d\u00e9part pour vivre Cr\u00e9mone. Tout \u00e7a en appr\u00e9ciant\u00a0 la grande offre culturelle de la ville et des positions excellentes .  Toutes nos quatre structures, avec des caract\u00e8res singuliers et exclusifs, se trouvent dans le centre historique de la ville, \u00e0 quelques pas des principaux lieus d\u2019int\u00e9r\u00eat\u00a0: Piazza del Duomo, Torrazzo, Museo del Violino, Teatro Ponchielli, ateliers des luthiers, Museo Diocesano, Universit\u00e9 et Stadio Zini.  On peut facilement arriver \u00e0 nos h\u00f4tels en voiture, autobus ou \u00e0 pieds de la gare routi\u00e8re, nous offrons un service\u00a0 de navette aussi (a\u00e9roport, gare, villes proches \u2013 sur r\u00e9servation).  Nous disposons aussi d\u2019un garage priv\u00e9 couvert \u00e0 l\u2019hotel DelleArti, seulement sur r\u00e9servation et avec suppl\u00e9ment et nous sommes conventionn\u00e9s avec le garage SABA de Piazza Marconi dans les proximit\u00e9s de Astoria, DelleArti et Impero\" \/>\n<meta property=\"og:url\" content=\"https:\/\/www.cremonahotels.it\/fr\/\" \/>\n<meta property=\"og:site_name\" content=\"Cremona hotels\" \/>\n<meta property=\"article:modified_time\" content=\"2024-01-29T11:05:23+00:00\" \/>\n<meta name=\"twitter:card\" content=\"summary_large_image\" \/>\n<meta name=\"twitter:label1\" content=\"Dur\u00e9e de lecture estim\u00e9e\" \/>\n\t<meta name=\"twitter:data1\" content=\"1 minute\" \/>\n<script type=\"application\/ld+json\" class=\"yoast-schema-graph\">{\"@context\":\"https:\/\/schema.org\",\"@graph\":[{\"@type\":\"WebPage\",\"@id\":\"https:\/\/www.cremonahotels.it\/fr\/\",\"url\":\"https:\/\/www.cremonahotels.it\/fr\/\",\"name\":\"Accueil &#8226; Cremona hotels &#8226; 4 h\u00f4tels dans le centre historique de Cr\u00e9mone\",\"isPartOf\":{\"@id\":\"https:\/\/www.cremonahotels.it\/fr\/#website\"},\"datePublished\":\"2021-07-05T08:27:53+00:00\",\"dateModified\":\"2024-01-29T11:05:23+00:00\",\"description\":\"Nos quatre h\u00f4tels offrent les services les plus modernes, avec 172 chambres et junior suites qui combinent parfaitement qualit\u00e9, \u00e9l\u00e9gance et confort. Projet\u00e9es pour garantir des standards de qualit\u00e9, pour satisfaire le client le plus exigeant, pour des voyages d\u2019affaires ou d\u2019agr\u00e9ment. Cremonahotels est une r\u00e9f\u00e9rence dans le cadre des h\u00f4tels de notre ville et le point de d\u00e9part pour vivre Cr\u00e9mone. Tout \u00e7a en appr\u00e9ciant\u00a0 la grande offre culturelle de la ville et des positions excellentes . Toutes nos quatre structures, avec des caract\u00e8res singuliers et exclusifs, se trouvent dans le centre historique de la ville, \u00e0 quelques pas des principaux lieus d\u2019int\u00e9r\u00eat\u00a0: Piazza del Duomo, Torrazzo, Museo del Violino, Teatro Ponchielli, ateliers des luthiers, Museo Diocesano, Universit\u00e9 et Stadio Zini. On peut facilement arriver \u00e0 nos h\u00f4tels en voiture, autobus ou \u00e0 pieds de la gare routi\u00e8re, nous offrons un service\u00a0 de navette aussi (a\u00e9roport, gare, villes proches \u2013 sur r\u00e9servation). Nous disposons aussi d\u2019un garage priv\u00e9 couvert \u00e0 l\u2019hotel DelleArti, seulement sur r\u00e9servation et avec suppl\u00e9ment et nous sommes conventionn\u00e9s avec le garage SABA de Piazza Marconi dans les proximit\u00e9s de Astoria, DelleArti et Impero\",\"breadcrumb\":{\"@id\":\"https:\/\/www.cremonahotels.it\/fr\/#breadcrumb\"},\"inLanguage\":\"fr-FR\",\"potentialAction\":[{\"@type\":\"ReadAction\",\"target\":[\"https:\/\/www.cremonahotels.it\/fr\/\"]}]},{\"@type\":\"BreadcrumbList\",\"@id\":\"https:\/\/www.cremonahotels.it\/fr\/#breadcrumb\",\"itemListElement\":[{\"@type\":\"ListItem\",\"position\":1,\"name\":\"Home\",\"item\":\"https:\/\/www.cremonahotels.it\/fr\/\"},{\"@type\":\"ListItem\",\"position\":2,\"name\":\"Accueil\"}]},{\"@type\":\"WebSite\",\"@id\":\"https:\/\/www.cremonahotels.it\/fr\/#website\",\"url\":\"https:\/\/www.cremonahotels.it\/fr\/\",\"name\":\"Cremona hotels\",\"description\":\"Just another ms.decms.eu site\",\"potentialAction\":[{\"@type\":\"SearchAction\",\"target\":{\"@type\":\"EntryPoint\",\"urlTemplate\":\"https:\/\/www.cremonahotels.it\/fr\/?s={search_term_string}\"},\"query-input\":{\"@type\":\"PropertyValueSpecification\",\"valueRequired\":true,\"valueName\":\"search_term_string\"}}],\"inLanguage\":\"fr-FR\"}]}<\/script>\n<!-- \/ Yoast SEO plugin. -->","yoast_head_json":{"title":"Accueil &#8226; Cremona hotels &#8226; 4 h\u00f4tels dans le centre historique de Cr\u00e9mone","description":"Nos quatre h\u00f4tels offrent les services les plus modernes, avec 172 chambres et junior suites qui combinent parfaitement qualit\u00e9, \u00e9l\u00e9gance et confort.  Projet\u00e9es pour garantir des standards de qualit\u00e9, pour satisfaire le client le plus exigeant, pour des voyages d\u2019affaires ou d\u2019agr\u00e9ment.  Cremonahotels est une r\u00e9f\u00e9rence dans le cadre des h\u00f4tels de notre ville et le point de d\u00e9part pour vivre Cr\u00e9mone. Tout \u00e7a en appr\u00e9ciant\u00a0 la grande offre culturelle de la ville et des positions excellentes .  Toutes nos quatre structures, avec des caract\u00e8res singuliers et exclusifs, se trouvent dans le centre historique de la ville, \u00e0 quelques pas des principaux lieus d\u2019int\u00e9r\u00eat\u00a0: Piazza del Duomo, Torrazzo, Museo del Violino, Teatro Ponchielli, ateliers des luthiers, Museo Diocesano, Universit\u00e9 et Stadio Zini.  On peut facilement arriver \u00e0 nos h\u00f4tels en voiture, autobus ou \u00e0 pieds de la gare routi\u00e8re, nous offrons un service\u00a0 de navette aussi (a\u00e9roport, gare, villes proches \u2013 sur r\u00e9servation).  Nous disposons aussi d\u2019un garage priv\u00e9 couvert \u00e0 l\u2019hotel DelleArti, seulement sur r\u00e9servation et avec suppl\u00e9ment et nous sommes conventionn\u00e9s avec le garage SABA de Piazza Marconi dans les proximit\u00e9s de Astoria, DelleArti et Impero","robots":{"index":"index","follow":"follow","max-snippet":"max-snippet:-1","max-image-preview":"max-image-preview:large","max-video-preview":"max-video-preview:-1"},"canonical":"https:\/\/www.cremonahotels.it\/fr\/","og_locale":"fr_FR","og_type":"article","og_title":"Accueil &#8226; Cremona hotels &#8226; 4 h\u00f4tels dans le centre historique de Cr\u00e9mone","og_description":"Nos quatre h\u00f4tels offrent les services les plus modernes, avec 172 chambres et junior suites qui combinent parfaitement qualit\u00e9, \u00e9l\u00e9gance et confort.  Projet\u00e9es pour garantir des standards de qualit\u00e9, pour satisfaire le client le plus exigeant, pour des voyages d\u2019affaires ou d\u2019agr\u00e9ment.  Cremonahotels est une r\u00e9f\u00e9rence dans le cadre des h\u00f4tels de notre ville et le point de d\u00e9part pour vivre Cr\u00e9mone. Tout \u00e7a en appr\u00e9ciant\u00a0 la grande offre culturelle de la ville et des positions excellentes .  Toutes nos quatre structures, avec des caract\u00e8res singuliers et exclusifs, se trouvent dans le centre historique de la ville, \u00e0 quelques pas des principaux lieus d\u2019int\u00e9r\u00eat\u00a0: Piazza del Duomo, Torrazzo, Museo del Violino, Teatro Ponchielli, ateliers des luthiers, Museo Diocesano, Universit\u00e9 et Stadio Zini.  On peut facilement arriver \u00e0 nos h\u00f4tels en voiture, autobus ou \u00e0 pieds de la gare routi\u00e8re, nous offrons un service\u00a0 de navette aussi (a\u00e9roport, gare, villes proches \u2013 sur r\u00e9servation).  Nous disposons aussi d\u2019un garage priv\u00e9 couvert \u00e0 l\u2019hotel DelleArti, seulement sur r\u00e9servation et avec suppl\u00e9ment et nous sommes conventionn\u00e9s avec le garage SABA de Piazza Marconi dans les proximit\u00e9s de Astoria, DelleArti et Impero","og_url":"https:\/\/www.cremonahotels.it\/fr\/","og_site_name":"Cremona hotels","article_modified_time":"2024-01-29T11:05:23+00:00","twitter_card":"summary_large_image","twitter_misc":{"Dur\u00e9e de lecture estim\u00e9e":"1 minute"},"schema":{"@context":"https:\/\/schema.org","@graph":[{"@type":"WebPage","@id":"https:\/\/www.cremonahotels.it\/fr\/","url":"https:\/\/www.cremonahotels.it\/fr\/","name":"Accueil &#8226; Cremona hotels &#8226; 4 h\u00f4tels dans le centre historique de Cr\u00e9mone","isPartOf":{"@id":"https:\/\/www.cremonahotels.it\/fr\/#website"},"datePublished":"2021-07-05T08:27:53+00:00","dateModified":"2024-01-29T11:05:23+00:00","description":"Nos quatre h\u00f4tels offrent les services les plus modernes, avec 172 chambres et junior suites qui combinent parfaitement qualit\u00e9, \u00e9l\u00e9gance et confort. Projet\u00e9es pour garantir des standards de qualit\u00e9, pour satisfaire le client le plus exigeant, pour des voyages d\u2019affaires ou d\u2019agr\u00e9ment. Cremonahotels est une r\u00e9f\u00e9rence dans le cadre des h\u00f4tels de notre ville et le point de d\u00e9part pour vivre Cr\u00e9mone. Tout \u00e7a en appr\u00e9ciant\u00a0 la grande offre culturelle de la ville et des positions excellentes . Toutes nos quatre structures, avec des caract\u00e8res singuliers et exclusifs, se trouvent dans le centre historique de la ville, \u00e0 quelques pas des principaux lieus d\u2019int\u00e9r\u00eat\u00a0: Piazza del Duomo, Torrazzo, Museo del Violino, Teatro Ponchielli, ateliers des luthiers, Museo Diocesano, Universit\u00e9 et Stadio Zini. On peut facilement arriver \u00e0 nos h\u00f4tels en voiture, autobus ou \u00e0 pieds de la gare routi\u00e8re, nous offrons un service\u00a0 de navette aussi (a\u00e9roport, gare, villes proches \u2013 sur r\u00e9servation). Nous disposons aussi d\u2019un garage priv\u00e9 couvert \u00e0 l\u2019hotel DelleArti, seulement sur r\u00e9servation et avec suppl\u00e9ment et nous sommes conventionn\u00e9s avec le garage SABA de Piazza Marconi dans les proximit\u00e9s de Astoria, DelleArti et Impero","breadcrumb":{"@id":"https:\/\/www.cremonahotels.it\/fr\/#breadcrumb"},"inLanguage":"fr-FR","potentialAction":[{"@type":"ReadAction","target":["https:\/\/www.cremonahotels.it\/fr\/"]}]},{"@type":"BreadcrumbList","@id":"https:\/\/www.cremonahotels.it\/fr\/#breadcrumb","itemListElement":[{"@type":"ListItem","position":1,"name":"Home","item":"https:\/\/www.cremonahotels.it\/fr\/"},{"@type":"ListItem","position":2,"name":"Accueil"}]},{"@type":"WebSite","@id":"https:\/\/www.cremonahotels.it\/fr\/#website","url":"https:\/\/www.cremonahotels.it\/fr\/","name":"Cremona hotels","description":"Just another ms.decms.eu site","potentialAction":[{"@type":"SearchAction","target":{"@type":"EntryPoint","urlTemplate":"https:\/\/www.cremonahotels.it\/fr\/?s={search_term_string}"},"query-input":{"@type":"PropertyValueSpecification","valueRequired":true,"valueName":"search_term_string"}}],"inLanguage":"fr-FR"}]}},"acf":[],"_links":{"self":[{"href":"https:\/\/www.cremonahotels.it\/fr\/wp-json\/wp\/v2\/pages\/3","targetHints":{"allow":["GET"]}}],"collection":[{"href":"https:\/\/www.cremonahotels.it\/fr\/wp-json\/wp\/v2\/pages"}],"about":[{"href":"https:\/\/www.cremonahotels.it\/fr\/wp-json\/wp\/v2\/types\/page"}],"author":[{"embeddable":true,"href":"https:\/\/www.cremonahotels.it\/fr\/wp-json\/wp\/v2\/users\/17"}],"replies":[{"embeddable":true,"href":"https:\/\/www.cremonahotels.it\/fr\/wp-json\/wp\/v2\/comments?post=3"}],"version-history":[{"count":0,"href":"https:\/\/www.cremonahotels.it\/fr\/wp-json\/wp\/v2\/pages\/3\/revisions"}],"wp:attachment":[{"href":"https:\/\/www.cremonahotels.it\/fr\/wp-json\/wp\/v2\/media?parent=3"}],"curies":[{"name":"wp","href":"https:\/\/api.w.org\/{rel}","templated":true}]}}