{"id":550,"date":"2023-04-14T13:51:55","date_gmt":"2023-04-14T13:51:55","guid":{"rendered":"https:\/\/www.cremonahotels.it\/?page_id=550"},"modified":"2023-04-14T13:53:04","modified_gmt":"2023-04-14T13:53:04","slug":"museen-dioezese-cremona","status":"publish","type":"page","link":"https:\/\/www.cremonahotels.it\/de\/cremona\/museen-dioezese-cremona\/","title":{"rendered":"Museen &#8211; Di\u00f6zese Cremona"},"content":{"rendered":"<p>Die Entstehung des Di\u00f6zesanmuseums, das im Bischofspalast aus dem 18. Jahrhundert untergebracht ist, ist Teil eines umfassenderen Kulturprojekts, das von der Di\u00f6zese Cremona gef\u00f6rdert wird. Zusammen mit der Kathedrale, die Santa Maria Assunta gewidmet ist, dem Torrazzo Vertical Museum und dem Baptisterium m\u00f6chte das Museum einen wichtigen Teil der Geschichte, Kunst und Spiritualit\u00e4t von Cremona erz\u00e4hlen<\/p>\n<p><a href=\"https:\/\/www.museidiocesicremona.it\/home\/\" target=\"_blank\" rel=\"noopener\">Klicken Sie<\/a> hier f\u00fcr weitere Informationen<\/p>\n","protected":false},"excerpt":{"rendered":"<p>Die Entstehung des Di\u00f6zesanmuseums, das im Bischofspalast aus dem 18. Jahrhundert untergebracht ist, ist Teil eines umfassenderen Kulturprojekts, das von der Di\u00f6zese Cremona gef\u00f6rdert wird. Zusammen mit der Kathedrale, die Santa Maria Assunta gewidmet ist, dem Torrazzo Vertical Museum und dem Baptisterium m\u00f6chte das Museum einen wichtigen Teil der Geschichte, Kunst und Spiritualit\u00e4t von Cremona [&hellip;]<\/p>\n","protected":false},"author":344,"featured_media":0,"parent":324,"menu_order":10,"comment_status":"closed","ping_status":"closed","template":"","meta":{"footnotes":""},"class_list":["post-550","page","type-page","status-publish","hentry"],"yoast_head":"<!-- This site is optimized with the Yoast SEO plugin v26.9 - https:\/\/yoast.com\/product\/yoast-seo-wordpress\/ -->\n<title>Museen - Di\u00f6zese Cremona &#8226; Cremona hotels &#8226;<\/title>\n<meta name=\"description\" content=\"Die Entstehung des Di\u00f6zesanmuseums, das im Bischofspalast aus dem 18. Jahrhundert untergebracht ist, ist Teil eines umfassenderen Kulturprojekts, das von der Di\u00f6zese Cremona gef\u00f6rdert wird\" \/>\n<meta name=\"robots\" content=\"index, follow, max-snippet:-1, max-image-preview:large, max-video-preview:-1\" \/>\n<link rel=\"canonical\" href=\"https:\/\/www.cremonahotels.it\/de\/cremona\/museen-dioezese-cremona\/\" \/>\n<meta property=\"og:locale\" content=\"de_DE\" \/>\n<meta property=\"og:type\" content=\"article\" \/>\n<meta property=\"og:title\" content=\"Museen - Di\u00f6zese Cremona &#8226; Cremona hotels &#8226;\" \/>\n<meta property=\"og:description\" content=\"Die Entstehung des Di\u00f6zesanmuseums, das im Bischofspalast aus dem 18. Jahrhundert untergebracht ist, ist Teil eines umfassenderen Kulturprojekts, das von der Di\u00f6zese Cremona gef\u00f6rdert wird\" \/>\n<meta property=\"og:url\" content=\"https:\/\/www.cremonahotels.it\/de\/cremona\/museen-dioezese-cremona\/\" \/>\n<meta property=\"og:site_name\" content=\"Cremona hotels\" \/>\n<meta property=\"article:modified_time\" content=\"2023-04-14T13:53:04+00:00\" \/>\n<meta name=\"twitter:card\" content=\"summary_large_image\" \/>\n<script type=\"application\/ld+json\" class=\"yoast-schema-graph\">{\"@context\":\"https:\/\/schema.org\",\"@graph\":[{\"@type\":\"WebPage\",\"@id\":\"https:\/\/www.cremonahotels.it\/de\/cremona\/museen-dioezese-cremona\/\",\"url\":\"https:\/\/www.cremonahotels.it\/de\/cremona\/museen-dioezese-cremona\/\",\"name\":\"Museen - Di\u00f6zese Cremona &#8226; Cremona hotels &#8226;\",\"isPartOf\":{\"@id\":\"https:\/\/www.cremonahotels.it\/de\/#website\"},\"datePublished\":\"2023-04-14T13:51:55+00:00\",\"dateModified\":\"2023-04-14T13:53:04+00:00\",\"description\":\"Die Entstehung des Di\u00f6zesanmuseums, das im Bischofspalast aus dem 18. Jahrhundert untergebracht ist, ist Teil eines umfassenderen Kulturprojekts, das von der Di\u00f6zese Cremona gef\u00f6rdert wird\",\"breadcrumb\":{\"@id\":\"https:\/\/www.cremonahotels.it\/de\/cremona\/museen-dioezese-cremona\/#breadcrumb\"},\"inLanguage\":\"de-DE\",\"potentialAction\":[{\"@type\":\"ReadAction\",\"target\":[\"https:\/\/www.cremonahotels.it\/de\/cremona\/museen-dioezese-cremona\/\"]}]},{\"@type\":\"BreadcrumbList\",\"@id\":\"https:\/\/www.cremonahotels.it\/de\/cremona\/museen-dioezese-cremona\/#breadcrumb\",\"itemListElement\":[{\"@type\":\"ListItem\",\"position\":1,\"name\":\"Home\",\"item\":\"https:\/\/www.cremonahotels.it\/de\/\"},{\"@type\":\"ListItem\",\"position\":2,\"name\":\"Cremona\",\"item\":\"https:\/\/www.cremonahotels.it\/de\/cremona\/\"},{\"@type\":\"ListItem\",\"position\":3,\"name\":\"Museen &#8211; Di\u00f6zese Cremona\"}]},{\"@type\":\"WebSite\",\"@id\":\"https:\/\/www.cremonahotels.it\/de\/#website\",\"url\":\"https:\/\/www.cremonahotels.it\/de\/\",\"name\":\"Cremona hotels\",\"description\":\"Just another ms.decms.eu site\",\"potentialAction\":[{\"@type\":\"SearchAction\",\"target\":{\"@type\":\"EntryPoint\",\"urlTemplate\":\"https:\/\/www.cremonahotels.it\/de\/?s={search_term_string}\"},\"query-input\":{\"@type\":\"PropertyValueSpecification\",\"valueRequired\":true,\"valueName\":\"search_term_string\"}}],\"inLanguage\":\"de-DE\"}]}<\/script>\n<!-- \/ Yoast SEO plugin. -->","yoast_head_json":{"title":"Museen - Di\u00f6zese Cremona &#8226; Cremona hotels &#8226;","description":"Die Entstehung des Di\u00f6zesanmuseums, das im Bischofspalast aus dem 18. Jahrhundert untergebracht ist, ist Teil eines umfassenderen Kulturprojekts, das von der Di\u00f6zese Cremona gef\u00f6rdert wird","robots":{"index":"index","follow":"follow","max-snippet":"max-snippet:-1","max-image-preview":"max-image-preview:large","max-video-preview":"max-video-preview:-1"},"canonical":"https:\/\/www.cremonahotels.it\/de\/cremona\/museen-dioezese-cremona\/","og_locale":"de_DE","og_type":"article","og_title":"Museen - Di\u00f6zese Cremona &#8226; Cremona hotels &#8226;","og_description":"Die Entstehung des Di\u00f6zesanmuseums, das im Bischofspalast aus dem 18. Jahrhundert untergebracht ist, ist Teil eines umfassenderen Kulturprojekts, das von der Di\u00f6zese Cremona gef\u00f6rdert wird","og_url":"https:\/\/www.cremonahotels.it\/de\/cremona\/museen-dioezese-cremona\/","og_site_name":"Cremona hotels","article_modified_time":"2023-04-14T13:53:04+00:00","twitter_card":"summary_large_image","schema":{"@context":"https:\/\/schema.org","@graph":[{"@type":"WebPage","@id":"https:\/\/www.cremonahotels.it\/de\/cremona\/museen-dioezese-cremona\/","url":"https:\/\/www.cremonahotels.it\/de\/cremona\/museen-dioezese-cremona\/","name":"Museen - Di\u00f6zese Cremona &#8226; Cremona hotels &#8226;","isPartOf":{"@id":"https:\/\/www.cremonahotels.it\/de\/#website"},"datePublished":"2023-04-14T13:51:55+00:00","dateModified":"2023-04-14T13:53:04+00:00","description":"Die Entstehung des Di\u00f6zesanmuseums, das im Bischofspalast aus dem 18. Jahrhundert untergebracht ist, ist Teil eines umfassenderen Kulturprojekts, das von der Di\u00f6zese Cremona gef\u00f6rdert wird","breadcrumb":{"@id":"https:\/\/www.cremonahotels.it\/de\/cremona\/museen-dioezese-cremona\/#breadcrumb"},"inLanguage":"de-DE","potentialAction":[{"@type":"ReadAction","target":["https:\/\/www.cremonahotels.it\/de\/cremona\/museen-dioezese-cremona\/"]}]},{"@type":"BreadcrumbList","@id":"https:\/\/www.cremonahotels.it\/de\/cremona\/museen-dioezese-cremona\/#breadcrumb","itemListElement":[{"@type":"ListItem","position":1,"name":"Home","item":"https:\/\/www.cremonahotels.it\/de\/"},{"@type":"ListItem","position":2,"name":"Cremona","item":"https:\/\/www.cremonahotels.it\/de\/cremona\/"},{"@type":"ListItem","position":3,"name":"Museen &#8211; Di\u00f6zese Cremona"}]},{"@type":"WebSite","@id":"https:\/\/www.cremonahotels.it\/de\/#website","url":"https:\/\/www.cremonahotels.it\/de\/","name":"Cremona hotels","description":"Just another ms.decms.eu site","potentialAction":[{"@type":"SearchAction","target":{"@type":"EntryPoint","urlTemplate":"https:\/\/www.cremonahotels.it\/de\/?s={search_term_string}"},"query-input":{"@type":"PropertyValueSpecification","valueRequired":true,"valueName":"search_term_string"}}],"inLanguage":"de-DE"}]}},"acf":[],"_links":{"self":[{"href":"https:\/\/www.cremonahotels.it\/de\/wp-json\/wp\/v2\/pages\/550","targetHints":{"allow":["GET"]}}],"collection":[{"href":"https:\/\/www.cremonahotels.it\/de\/wp-json\/wp\/v2\/pages"}],"about":[{"href":"https:\/\/www.cremonahotels.it\/de\/wp-json\/wp\/v2\/types\/page"}],"author":[{"embeddable":true,"href":"https:\/\/www.cremonahotels.it\/de\/wp-json\/wp\/v2\/users\/344"}],"replies":[{"embeddable":true,"href":"https:\/\/www.cremonahotels.it\/de\/wp-json\/wp\/v2\/comments?post=550"}],"version-history":[{"count":0,"href":"https:\/\/www.cremonahotels.it\/de\/wp-json\/wp\/v2\/pages\/550\/revisions"}],"up":[{"embeddable":true,"href":"https:\/\/www.cremonahotels.it\/de\/wp-json\/wp\/v2\/pages\/324"}],"wp:attachment":[{"href":"https:\/\/www.cremonahotels.it\/de\/wp-json\/wp\/v2\/media?parent=550"}],"curies":[{"name":"wp","href":"https:\/\/api.w.org\/{rel}","templated":true}]}}