{"id":466,"date":"2021-11-07T17:26:58","date_gmt":"2021-11-07T17:26:58","guid":{"rendered":"https:\/\/www.cremonahotels.it\/?page_id=466"},"modified":"2023-02-08T17:43:42","modified_gmt":"2023-02-08T17:43:42","slug":"466-2","status":"publish","type":"page","link":"https:\/\/www.cremonahotels.it\/de\/cremona\/466-2\/","title":{"rendered":"ASD MF QUARTER HORSE"},"content":{"rendered":"<p>Werde auch ein Cowboy !!!<\/p>\n<p>Wir bieten Reiten f\u00fcr ALLE zug\u00e4nglich!<br \/>\n&#8211; Kurse f\u00fcr Kinder ab 7 Jahren<br \/>\n&#8211; Kurse f\u00fcr Erwachsene<br \/>\n&#8211; Sommercamps f\u00fcr Kinder von 5 bis 12 Jahren<br \/>\n&#8211; Geschenkideen f\u00fcr Pferde<\/p>\n<p>F\u00fcr Informationen und Reservierungen wenden Sie sich bitte an unsere Rezeption!<\/p>\n","protected":false},"excerpt":{"rendered":"<p>Werde auch ein Cowboy !!! Wir bieten Reiten f\u00fcr ALLE zug\u00e4nglich! &#8211; Kurse f\u00fcr Kinder ab 7 Jahren &#8211; Kurse f\u00fcr Erwachsene &#8211; Sommercamps f\u00fcr Kinder von 5 bis 12 Jahren &#8211; Geschenkideen f\u00fcr Pferde F\u00fcr Informationen und Reservierungen wenden Sie sich bitte an unsere Rezeption!<\/p>\n","protected":false},"author":344,"featured_media":0,"parent":324,"menu_order":3,"comment_status":"closed","ping_status":"closed","template":"","meta":{"footnotes":""},"class_list":["post-466","page","type-page","status-publish","hentry"],"yoast_head":"<!-- This site is optimized with the Yoast SEO plugin v26.9 - https:\/\/yoast.com\/product\/yoast-seo-wordpress\/ -->\n<title>ASD MF QUARTER HORSE &#8226; Cremona hotels &#8226;<\/title>\n<meta name=\"description\" content=\"Werde auch ein Cowboy !!!  Wir bieten Reiten f\u00fcr ALLE zug\u00e4nglich! - Kurse f\u00fcr Kinder ab 7 Jahren - Kurse f\u00fcr Erwachsene - Sommercamps f\u00fcr Kinder von 5 bis 12 Jahren - Geschenkideen f\u00fcr Pferde  F\u00fcr Informationen und Reservierungen wenden Sie sich bitte an unsere Rezeption!.\" \/>\n<meta name=\"robots\" content=\"index, follow, max-snippet:-1, max-image-preview:large, max-video-preview:-1\" \/>\n<link rel=\"canonical\" href=\"https:\/\/www.cremonahotels.it\/de\/cremona\/466-2\/\" \/>\n<meta property=\"og:locale\" content=\"de_DE\" \/>\n<meta property=\"og:type\" content=\"article\" \/>\n<meta property=\"og:title\" content=\"ASD MF QUARTER HORSE &#8226; Cremona hotels &#8226;\" \/>\n<meta property=\"og:description\" content=\"Werde auch ein Cowboy !!!  Wir bieten Reiten f\u00fcr ALLE zug\u00e4nglich! - Kurse f\u00fcr Kinder ab 7 Jahren - Kurse f\u00fcr Erwachsene - Sommercamps f\u00fcr Kinder von 5 bis 12 Jahren - Geschenkideen f\u00fcr Pferde  F\u00fcr Informationen und Reservierungen wenden Sie sich bitte an unsere Rezeption!.\" \/>\n<meta property=\"og:url\" content=\"https:\/\/www.cremonahotels.it\/de\/cremona\/466-2\/\" \/>\n<meta property=\"og:site_name\" content=\"Cremona hotels\" \/>\n<meta property=\"article:modified_time\" content=\"2023-02-08T17:43:42+00:00\" \/>\n<meta name=\"twitter:card\" content=\"summary_large_image\" \/>\n<script type=\"application\/ld+json\" class=\"yoast-schema-graph\">{\"@context\":\"https:\/\/schema.org\",\"@graph\":[{\"@type\":\"WebPage\",\"@id\":\"https:\/\/www.cremonahotels.it\/de\/cremona\/466-2\/\",\"url\":\"https:\/\/www.cremonahotels.it\/de\/cremona\/466-2\/\",\"name\":\"ASD MF QUARTER HORSE &#8226; Cremona hotels &#8226;\",\"isPartOf\":{\"@id\":\"https:\/\/www.cremonahotels.it\/de\/#website\"},\"datePublished\":\"2021-11-07T17:26:58+00:00\",\"dateModified\":\"2023-02-08T17:43:42+00:00\",\"description\":\"Werde auch ein Cowboy !!! Wir bieten Reiten f\u00fcr ALLE zug\u00e4nglich! - Kurse f\u00fcr Kinder ab 7 Jahren - Kurse f\u00fcr Erwachsene - Sommercamps f\u00fcr Kinder von 5 bis 12 Jahren - Geschenkideen f\u00fcr Pferde F\u00fcr Informationen und Reservierungen wenden Sie sich bitte an unsere Rezeption!.\",\"breadcrumb\":{\"@id\":\"https:\/\/www.cremonahotels.it\/de\/cremona\/466-2\/#breadcrumb\"},\"inLanguage\":\"de-DE\",\"potentialAction\":[{\"@type\":\"ReadAction\",\"target\":[\"https:\/\/www.cremonahotels.it\/de\/cremona\/466-2\/\"]}]},{\"@type\":\"BreadcrumbList\",\"@id\":\"https:\/\/www.cremonahotels.it\/de\/cremona\/466-2\/#breadcrumb\",\"itemListElement\":[{\"@type\":\"ListItem\",\"position\":1,\"name\":\"Home\",\"item\":\"https:\/\/www.cremonahotels.it\/de\/\"},{\"@type\":\"ListItem\",\"position\":2,\"name\":\"Cremona\",\"item\":\"https:\/\/www.cremonahotels.it\/de\/cremona\/\"},{\"@type\":\"ListItem\",\"position\":3,\"name\":\"ASD MF QUARTER HORSE\"}]},{\"@type\":\"WebSite\",\"@id\":\"https:\/\/www.cremonahotels.it\/de\/#website\",\"url\":\"https:\/\/www.cremonahotels.it\/de\/\",\"name\":\"Cremona hotels\",\"description\":\"Just another ms.decms.eu site\",\"potentialAction\":[{\"@type\":\"SearchAction\",\"target\":{\"@type\":\"EntryPoint\",\"urlTemplate\":\"https:\/\/www.cremonahotels.it\/de\/?s={search_term_string}\"},\"query-input\":{\"@type\":\"PropertyValueSpecification\",\"valueRequired\":true,\"valueName\":\"search_term_string\"}}],\"inLanguage\":\"de-DE\"}]}<\/script>\n<!-- \/ Yoast SEO plugin. -->","yoast_head_json":{"title":"ASD MF QUARTER HORSE &#8226; Cremona hotels &#8226;","description":"Werde auch ein Cowboy !!!  Wir bieten Reiten f\u00fcr ALLE zug\u00e4nglich! - Kurse f\u00fcr Kinder ab 7 Jahren - Kurse f\u00fcr Erwachsene - Sommercamps f\u00fcr Kinder von 5 bis 12 Jahren - Geschenkideen f\u00fcr Pferde  F\u00fcr Informationen und Reservierungen wenden Sie sich bitte an unsere Rezeption!.","robots":{"index":"index","follow":"follow","max-snippet":"max-snippet:-1","max-image-preview":"max-image-preview:large","max-video-preview":"max-video-preview:-1"},"canonical":"https:\/\/www.cremonahotels.it\/de\/cremona\/466-2\/","og_locale":"de_DE","og_type":"article","og_title":"ASD MF QUARTER HORSE &#8226; Cremona hotels &#8226;","og_description":"Werde auch ein Cowboy !!!  Wir bieten Reiten f\u00fcr ALLE zug\u00e4nglich! - Kurse f\u00fcr Kinder ab 7 Jahren - Kurse f\u00fcr Erwachsene - Sommercamps f\u00fcr Kinder von 5 bis 12 Jahren - Geschenkideen f\u00fcr Pferde  F\u00fcr Informationen und Reservierungen wenden Sie sich bitte an unsere Rezeption!.","og_url":"https:\/\/www.cremonahotels.it\/de\/cremona\/466-2\/","og_site_name":"Cremona hotels","article_modified_time":"2023-02-08T17:43:42+00:00","twitter_card":"summary_large_image","schema":{"@context":"https:\/\/schema.org","@graph":[{"@type":"WebPage","@id":"https:\/\/www.cremonahotels.it\/de\/cremona\/466-2\/","url":"https:\/\/www.cremonahotels.it\/de\/cremona\/466-2\/","name":"ASD MF QUARTER HORSE &#8226; Cremona hotels &#8226;","isPartOf":{"@id":"https:\/\/www.cremonahotels.it\/de\/#website"},"datePublished":"2021-11-07T17:26:58+00:00","dateModified":"2023-02-08T17:43:42+00:00","description":"Werde auch ein Cowboy !!! Wir bieten Reiten f\u00fcr ALLE zug\u00e4nglich! - Kurse f\u00fcr Kinder ab 7 Jahren - Kurse f\u00fcr Erwachsene - Sommercamps f\u00fcr Kinder von 5 bis 12 Jahren - Geschenkideen f\u00fcr Pferde F\u00fcr Informationen und Reservierungen wenden Sie sich bitte an unsere Rezeption!.","breadcrumb":{"@id":"https:\/\/www.cremonahotels.it\/de\/cremona\/466-2\/#breadcrumb"},"inLanguage":"de-DE","potentialAction":[{"@type":"ReadAction","target":["https:\/\/www.cremonahotels.it\/de\/cremona\/466-2\/"]}]},{"@type":"BreadcrumbList","@id":"https:\/\/www.cremonahotels.it\/de\/cremona\/466-2\/#breadcrumb","itemListElement":[{"@type":"ListItem","position":1,"name":"Home","item":"https:\/\/www.cremonahotels.it\/de\/"},{"@type":"ListItem","position":2,"name":"Cremona","item":"https:\/\/www.cremonahotels.it\/de\/cremona\/"},{"@type":"ListItem","position":3,"name":"ASD MF QUARTER HORSE"}]},{"@type":"WebSite","@id":"https:\/\/www.cremonahotels.it\/de\/#website","url":"https:\/\/www.cremonahotels.it\/de\/","name":"Cremona hotels","description":"Just another ms.decms.eu site","potentialAction":[{"@type":"SearchAction","target":{"@type":"EntryPoint","urlTemplate":"https:\/\/www.cremonahotels.it\/de\/?s={search_term_string}"},"query-input":{"@type":"PropertyValueSpecification","valueRequired":true,"valueName":"search_term_string"}}],"inLanguage":"de-DE"}]}},"acf":[],"_links":{"self":[{"href":"https:\/\/www.cremonahotels.it\/de\/wp-json\/wp\/v2\/pages\/466","targetHints":{"allow":["GET"]}}],"collection":[{"href":"https:\/\/www.cremonahotels.it\/de\/wp-json\/wp\/v2\/pages"}],"about":[{"href":"https:\/\/www.cremonahotels.it\/de\/wp-json\/wp\/v2\/types\/page"}],"author":[{"embeddable":true,"href":"https:\/\/www.cremonahotels.it\/de\/wp-json\/wp\/v2\/users\/344"}],"replies":[{"embeddable":true,"href":"https:\/\/www.cremonahotels.it\/de\/wp-json\/wp\/v2\/comments?post=466"}],"version-history":[{"count":0,"href":"https:\/\/www.cremonahotels.it\/de\/wp-json\/wp\/v2\/pages\/466\/revisions"}],"up":[{"embeddable":true,"href":"https:\/\/www.cremonahotels.it\/de\/wp-json\/wp\/v2\/pages\/324"}],"wp:attachment":[{"href":"https:\/\/www.cremonahotels.it\/de\/wp-json\/wp\/v2\/media?parent=466"}],"curies":[{"name":"wp","href":"https:\/\/api.w.org\/{rel}","templated":true}]}}