{"id":315,"date":"2021-09-17T12:24:01","date_gmt":"2021-09-17T12:24:01","guid":{"rendered":"https:\/\/cremona-hotels.ms.decms.eu\/?page_id=315"},"modified":"2021-09-17T13:41:41","modified_gmt":"2021-09-17T13:41:41","slug":"wellness","status":"publish","type":"page","link":"https:\/\/www.cremonahotels.it\/de\/dienstleistungen\/wellness\/","title":{"rendered":"Wellness"},"content":{"rendered":"<p><strong>Damen-Fitnessstudio Elasticamente<\/strong>, im Hotel Impero: die G\u00e4ste des Hotel Impero k\u00f6nnen das Fitness- und Wellnessbereich des DelleArti Design Hotel, nur 200 Meter entfernt, nutzen.<\/p>\n<p><strong>Gym Hotel Continental<\/strong>: Das Hotel verf\u00fcgt \u00fcber einen Panorama-Fitnessraum im vierten Stock. Dies ist von 08.00 bis 21.00 Uhr ge\u00f6ffnet.<\/p>\n<p><strong>Gym Hotel Dellearti<\/strong>: Das Dellearti verf\u00fcgt \u00fcber einen Wellnessbereich und einen Fitnessraum mit den neuesten Technogym-Ger\u00e4ten. Au\u00dferdem verf\u00fcgt es \u00fcber eine <strong>Physiotherm<\/strong>-Infrarotkabine. Das <strong>Physiotherm<\/strong>-Prinzip dank Ans\u00e4tzen innovative Infrarot-Technologie, wirkt als besonders sanfte, effektive und sichere W\u00e4rmebehandlung. Die beiden wichtigsten Komponenten sind die mit Lavasand gef\u00fcllten Keramiklampen und die\u00a0\u00a0 Infrarot Technik bei niedriger Temperatur.<\/p>\n","protected":false},"excerpt":{"rendered":"<p>Damen-Fitnessstudio Elasticamente, im Hotel Impero: die G\u00e4ste des Hotel Impero k\u00f6nnen das Fitness- und Wellnessbereich des DelleArti Design Hotel, nur 200 Meter entfernt, nutzen. Gym Hotel Continental: Das Hotel verf\u00fcgt \u00fcber einen Panorama-Fitnessraum im vierten Stock. Dies ist von 08.00 bis 21.00 Uhr ge\u00f6ffnet. Gym Hotel Dellearti: Das Dellearti verf\u00fcgt \u00fcber einen Wellnessbereich und einen [&hellip;]<\/p>\n","protected":false},"author":344,"featured_media":0,"parent":309,"menu_order":20,"comment_status":"closed","ping_status":"closed","template":"","meta":{"footnotes":""},"class_list":["post-315","page","type-page","status-publish","hentry"],"yoast_head":"<!-- This site is optimized with the Yoast SEO plugin v26.9 - https:\/\/yoast.com\/product\/yoast-seo-wordpress\/ -->\n<title>Wellness &#8226; Cremona hotels &#8226;<\/title>\n<meta name=\"description\" content=\"Damen-Fitnessstudio Elasticamente, im Hotel Impero: die G\u00e4ste des Hotel Impero k\u00f6nnen das Fitness- und Wellnessbereich des DelleArti Design Hotel, nur 200 Meter entfernt, nutzen.  Gym Hotel Continental: Das Hotel verf\u00fcgt \u00fcber einen Panorama-Fitnessraum im vierten Stock. Dies ist von 08.00 bis 21.00 Uhr ge\u00f6ffnet.  Gym Hotel Dellearti: Das Dellearti verf\u00fcgt \u00fcber einen Wellnessbereich und einen Fitnessraum mit den neuesten Technogym-Ger\u00e4ten\" \/>\n<meta name=\"robots\" content=\"index, follow, max-snippet:-1, max-image-preview:large, max-video-preview:-1\" \/>\n<link rel=\"canonical\" href=\"https:\/\/www.cremonahotels.it\/de\/dienstleistungen\/wellness\/\" \/>\n<meta property=\"og:locale\" content=\"de_DE\" \/>\n<meta property=\"og:type\" content=\"article\" \/>\n<meta property=\"og:title\" content=\"Wellness &#8226; Cremona hotels &#8226;\" \/>\n<meta property=\"og:description\" content=\"Damen-Fitnessstudio Elasticamente, im Hotel Impero: die G\u00e4ste des Hotel Impero k\u00f6nnen das Fitness- und Wellnessbereich des DelleArti Design Hotel, nur 200 Meter entfernt, nutzen.  Gym Hotel Continental: Das Hotel verf\u00fcgt \u00fcber einen Panorama-Fitnessraum im vierten Stock. Dies ist von 08.00 bis 21.00 Uhr ge\u00f6ffnet.  Gym Hotel Dellearti: Das Dellearti verf\u00fcgt \u00fcber einen Wellnessbereich und einen Fitnessraum mit den neuesten Technogym-Ger\u00e4ten\" \/>\n<meta property=\"og:url\" content=\"https:\/\/www.cremonahotels.it\/de\/dienstleistungen\/wellness\/\" \/>\n<meta property=\"og:site_name\" content=\"Cremona hotels\" \/>\n<meta property=\"article:modified_time\" content=\"2021-09-17T13:41:41+00:00\" \/>\n<meta name=\"twitter:card\" content=\"summary_large_image\" \/>\n<meta name=\"twitter:label1\" content=\"Gesch\u00e4tzte Lesezeit\" \/>\n\t<meta name=\"twitter:data1\" content=\"1 Minute\" \/>\n<script type=\"application\/ld+json\" class=\"yoast-schema-graph\">{\"@context\":\"https:\/\/schema.org\",\"@graph\":[{\"@type\":\"WebPage\",\"@id\":\"https:\/\/www.cremonahotels.it\/de\/dienstleistungen\/wellness\/\",\"url\":\"https:\/\/www.cremonahotels.it\/de\/dienstleistungen\/wellness\/\",\"name\":\"Wellness &#8226; Cremona hotels &#8226;\",\"isPartOf\":{\"@id\":\"https:\/\/www.cremonahotels.it\/de\/#website\"},\"datePublished\":\"2021-09-17T12:24:01+00:00\",\"dateModified\":\"2021-09-17T13:41:41+00:00\",\"description\":\"Damen-Fitnessstudio Elasticamente, im Hotel Impero: die G\u00e4ste des Hotel Impero k\u00f6nnen das Fitness- und Wellnessbereich des DelleArti Design Hotel, nur 200 Meter entfernt, nutzen. Gym Hotel Continental: Das Hotel verf\u00fcgt \u00fcber einen Panorama-Fitnessraum im vierten Stock. Dies ist von 08.00 bis 21.00 Uhr ge\u00f6ffnet. Gym Hotel Dellearti: Das Dellearti verf\u00fcgt \u00fcber einen Wellnessbereich und einen Fitnessraum mit den neuesten Technogym-Ger\u00e4ten\",\"breadcrumb\":{\"@id\":\"https:\/\/www.cremonahotels.it\/de\/dienstleistungen\/wellness\/#breadcrumb\"},\"inLanguage\":\"de-DE\",\"potentialAction\":[{\"@type\":\"ReadAction\",\"target\":[\"https:\/\/www.cremonahotels.it\/de\/dienstleistungen\/wellness\/\"]}]},{\"@type\":\"BreadcrumbList\",\"@id\":\"https:\/\/www.cremonahotels.it\/de\/dienstleistungen\/wellness\/#breadcrumb\",\"itemListElement\":[{\"@type\":\"ListItem\",\"position\":1,\"name\":\"Home\",\"item\":\"https:\/\/www.cremonahotels.it\/de\/\"},{\"@type\":\"ListItem\",\"position\":2,\"name\":\"Dienstleistungen\",\"item\":\"https:\/\/www.cremonahotels.it\/de\/dienstleistungen\/\"},{\"@type\":\"ListItem\",\"position\":3,\"name\":\"Wellness\"}]},{\"@type\":\"WebSite\",\"@id\":\"https:\/\/www.cremonahotels.it\/de\/#website\",\"url\":\"https:\/\/www.cremonahotels.it\/de\/\",\"name\":\"Cremona hotels\",\"description\":\"Just another ms.decms.eu site\",\"potentialAction\":[{\"@type\":\"SearchAction\",\"target\":{\"@type\":\"EntryPoint\",\"urlTemplate\":\"https:\/\/www.cremonahotels.it\/de\/?s={search_term_string}\"},\"query-input\":{\"@type\":\"PropertyValueSpecification\",\"valueRequired\":true,\"valueName\":\"search_term_string\"}}],\"inLanguage\":\"de-DE\"}]}<\/script>\n<!-- \/ Yoast SEO plugin. -->","yoast_head_json":{"title":"Wellness &#8226; Cremona hotels &#8226;","description":"Damen-Fitnessstudio Elasticamente, im Hotel Impero: die G\u00e4ste des Hotel Impero k\u00f6nnen das Fitness- und Wellnessbereich des DelleArti Design Hotel, nur 200 Meter entfernt, nutzen.  Gym Hotel Continental: Das Hotel verf\u00fcgt \u00fcber einen Panorama-Fitnessraum im vierten Stock. Dies ist von 08.00 bis 21.00 Uhr ge\u00f6ffnet.  Gym Hotel Dellearti: Das Dellearti verf\u00fcgt \u00fcber einen Wellnessbereich und einen Fitnessraum mit den neuesten Technogym-Ger\u00e4ten","robots":{"index":"index","follow":"follow","max-snippet":"max-snippet:-1","max-image-preview":"max-image-preview:large","max-video-preview":"max-video-preview:-1"},"canonical":"https:\/\/www.cremonahotels.it\/de\/dienstleistungen\/wellness\/","og_locale":"de_DE","og_type":"article","og_title":"Wellness &#8226; Cremona hotels &#8226;","og_description":"Damen-Fitnessstudio Elasticamente, im Hotel Impero: die G\u00e4ste des Hotel Impero k\u00f6nnen das Fitness- und Wellnessbereich des DelleArti Design Hotel, nur 200 Meter entfernt, nutzen.  Gym Hotel Continental: Das Hotel verf\u00fcgt \u00fcber einen Panorama-Fitnessraum im vierten Stock. Dies ist von 08.00 bis 21.00 Uhr ge\u00f6ffnet.  Gym Hotel Dellearti: Das Dellearti verf\u00fcgt \u00fcber einen Wellnessbereich und einen Fitnessraum mit den neuesten Technogym-Ger\u00e4ten","og_url":"https:\/\/www.cremonahotels.it\/de\/dienstleistungen\/wellness\/","og_site_name":"Cremona hotels","article_modified_time":"2021-09-17T13:41:41+00:00","twitter_card":"summary_large_image","twitter_misc":{"Gesch\u00e4tzte Lesezeit":"1 Minute"},"schema":{"@context":"https:\/\/schema.org","@graph":[{"@type":"WebPage","@id":"https:\/\/www.cremonahotels.it\/de\/dienstleistungen\/wellness\/","url":"https:\/\/www.cremonahotels.it\/de\/dienstleistungen\/wellness\/","name":"Wellness &#8226; Cremona hotels &#8226;","isPartOf":{"@id":"https:\/\/www.cremonahotels.it\/de\/#website"},"datePublished":"2021-09-17T12:24:01+00:00","dateModified":"2021-09-17T13:41:41+00:00","description":"Damen-Fitnessstudio Elasticamente, im Hotel Impero: die G\u00e4ste des Hotel Impero k\u00f6nnen das Fitness- und Wellnessbereich des DelleArti Design Hotel, nur 200 Meter entfernt, nutzen. Gym Hotel Continental: Das Hotel verf\u00fcgt \u00fcber einen Panorama-Fitnessraum im vierten Stock. Dies ist von 08.00 bis 21.00 Uhr ge\u00f6ffnet. Gym Hotel Dellearti: Das Dellearti verf\u00fcgt \u00fcber einen Wellnessbereich und einen Fitnessraum mit den neuesten Technogym-Ger\u00e4ten","breadcrumb":{"@id":"https:\/\/www.cremonahotels.it\/de\/dienstleistungen\/wellness\/#breadcrumb"},"inLanguage":"de-DE","potentialAction":[{"@type":"ReadAction","target":["https:\/\/www.cremonahotels.it\/de\/dienstleistungen\/wellness\/"]}]},{"@type":"BreadcrumbList","@id":"https:\/\/www.cremonahotels.it\/de\/dienstleistungen\/wellness\/#breadcrumb","itemListElement":[{"@type":"ListItem","position":1,"name":"Home","item":"https:\/\/www.cremonahotels.it\/de\/"},{"@type":"ListItem","position":2,"name":"Dienstleistungen","item":"https:\/\/www.cremonahotels.it\/de\/dienstleistungen\/"},{"@type":"ListItem","position":3,"name":"Wellness"}]},{"@type":"WebSite","@id":"https:\/\/www.cremonahotels.it\/de\/#website","url":"https:\/\/www.cremonahotels.it\/de\/","name":"Cremona hotels","description":"Just another ms.decms.eu site","potentialAction":[{"@type":"SearchAction","target":{"@type":"EntryPoint","urlTemplate":"https:\/\/www.cremonahotels.it\/de\/?s={search_term_string}"},"query-input":{"@type":"PropertyValueSpecification","valueRequired":true,"valueName":"search_term_string"}}],"inLanguage":"de-DE"}]}},"acf":[],"_links":{"self":[{"href":"https:\/\/www.cremonahotels.it\/de\/wp-json\/wp\/v2\/pages\/315","targetHints":{"allow":["GET"]}}],"collection":[{"href":"https:\/\/www.cremonahotels.it\/de\/wp-json\/wp\/v2\/pages"}],"about":[{"href":"https:\/\/www.cremonahotels.it\/de\/wp-json\/wp\/v2\/types\/page"}],"author":[{"embeddable":true,"href":"https:\/\/www.cremonahotels.it\/de\/wp-json\/wp\/v2\/users\/344"}],"replies":[{"embeddable":true,"href":"https:\/\/www.cremonahotels.it\/de\/wp-json\/wp\/v2\/comments?post=315"}],"version-history":[{"count":0,"href":"https:\/\/www.cremonahotels.it\/de\/wp-json\/wp\/v2\/pages\/315\/revisions"}],"up":[{"embeddable":true,"href":"https:\/\/www.cremonahotels.it\/de\/wp-json\/wp\/v2\/pages\/309"}],"wp:attachment":[{"href":"https:\/\/www.cremonahotels.it\/de\/wp-json\/wp\/v2\/media?parent=315"}],"curies":[{"name":"wp","href":"https:\/\/api.w.org\/{rel}","templated":true}]}}