{"id":312,"date":"2021-09-17T12:18:03","date_gmt":"2021-09-17T12:18:03","guid":{"rendered":"https:\/\/cremona-hotels.ms.decms.eu\/?page_id=312"},"modified":"2025-07-08T13:22:21","modified_gmt":"2025-07-08T13:22:21","slug":"restaurant","status":"publish","type":"page","link":"https:\/\/www.cremonahotels.it\/de\/dienstleistungen\/restaurant\/","title":{"rendered":"Restaurant"},"content":{"rendered":"<p><strong><u>AlQuarto- ein Rooftop Garden Restaurant im Hotel Continental<\/u><\/strong><\/p>\n<p><span style=\"color: #ff0000\">Das Restaurant \u201eQuarto\u201c ist bis zum 30.08.2025 ge\u00f6ffnet.<\/span><\/p>\n<p>Wir erwarten Sie mit den frischesten mediterranen Gerichten, einem Glas der besten Weine und einem Cocktail unter die Sterne. Ein bezauberndes Juwel im vierten Stock des Continental Hotels, das beste des Lebens in Cremona, elegant und am besten mit \u201edem Haar im Wind\u201c auf der Terrasse Genie\u00dfen.<\/p>\n<p>Eine moderne und helle Umgebung mit einer gro\u00dfen Panoramaterrasse mit Blick auf den Dom und Torrazzo. Stefano Minchillo de AlQuarto bietet mediterrane K\u00fcche, die haupts\u00e4chlich auf Fisch basiert.<\/p>\n<p>Die Terrasse und das Restaurant sind von 18.45 Uhr bis Mitternacht ge\u00f6ffnet<\/p>\n<div id=\"tw-container\" class=\"\" data-cp=\"1\" data-is-ver=\"false\" data-nnttsvi=\"1\" data-sm=\"1\" data-sugg-time=\"500\" data-sugg-url=\"https:\/\/clients1.google.com\/complete\/search\" data-uilc=\"it\">\n<div id=\"tw-ob\" class=\"tw-src-ltr\">\n<div class=\"oSioSc\">\n<div id=\"tw-target\">\n<div id=\"kAz1tf\" class=\"g9WsWb\">\n<div id=\"tw-target-text-container\" class=\"tw-ta-container F0azHf tw-nfl\">\n<p>Sonntag geschlossen<\/p>\n<p>Tel: +39 3318955792<br \/>\n<a href=\"https:\/\/www.alquartoristorante.com\/\">www.alquartoristorante.com<\/a><\/p>\n<\/div>\n<div id=\"tw-target-text-container\" class=\"tw-ta-container F0azHf tw-nfl\">\n<p><strong>PIZZERIA D\u2019AUTORE<\/strong>, gelegen im eleganten <strong>Hotel Continental<\/strong>,<\/p>\n<p>ist weit mehr als nur eine einfache Pizzeria: Sie ist ein Ort, an dem die Leidenschaft f\u00fcr die Kunst des Pizzabackens auf erstklassige Zutaten und die kreative Handschrift eines Meister-Pizzaiolos trifft. Jede Pizza wird als ein echtes Meisterwerk kreiert \u2013 mit lang gereiftem Teig, sorgf\u00e4ltig ausgew\u00e4hlten Mehlen und Bel\u00e4gen, die die Aromen der Region hervorheben, ohne auf raffinierte Gourmet-Einfl\u00fcsse zu verzichten.<\/p>\n<p>Das stilvolle und zugleich einladende Ambiente, kombiniert mit aufmerksamem und sorgf\u00e4ltigem Service, macht die <strong>PIZZERIA D\u2019AUTORE<\/strong> zur idealen Wahl f\u00fcr alle, die ein einzigartiges kulinarisches Erlebnis im Herzen von Cremona suchen \u2013 zwischen Tradition, Innovation und einer Prise Stil.<\/p>\n<p>Die Pizzeria ist zum Mittag- und Abendessen ge\u00f6ffnet. Ruhetag: Dienstag.<\/p>\n<p><strong>Tel.: <\/strong>+39 333-3797950<\/p>\n<p><strong>Hamburgeria Buf\u00e9t Burger im Hotel Astoria<\/strong><br \/>\nIm Erdgeschoss k\u00f6nnen Sie k\u00f6stliche Hamburger und Bier genie\u00dfen.<br \/>\nGe\u00f6ffnet von 07:00 bis 14:00 Uhr und von 19:00 bis 22:30 Uhr, Samstag und Sonntag bis 23:00 Uhr<\/p>\n<p><strong>Die Hotels Continental und Dellearti haben Bars, die nur ihren Kunden vorbehalten sind.<\/strong><\/p>\n<div id=\"tw-container\" class=\"\" data-cp=\"1\" data-is-ver=\"false\" data-nnttsvi=\"1\" data-sm=\"1\" data-sugg-time=\"500\" data-sugg-url=\"https:\/\/clients1.google.com\/complete\/search\" data-uilc=\"it\">\n<div id=\"tw-ob\" class=\"tw-src-ltr\">\n<div class=\"oSioSc\">\n<div id=\"tw-target\">\n<div id=\"kAz1tf\" class=\"g9WsWb\">\n<div id=\"tw-target-text-container\" class=\"tw-ta-container F0azHf tw-nfl\">\n<p>&nbsp;<\/p>\n<\/div>\n<\/div>\n<\/div>\n<\/div>\n<\/div>\n<\/div>\n<\/div>\n<\/div>\n<\/div>\n<\/div>\n<\/div>\n<\/div>\n","protected":false},"excerpt":{"rendered":"<p>AlQuarto- ein Rooftop Garden Restaurant im Hotel Continental Das Restaurant \u201eQuarto\u201c ist bis zum 30.08.2025 ge\u00f6ffnet. Wir erwarten Sie mit den frischesten mediterranen Gerichten, einem Glas der besten Weine und einem Cocktail unter die Sterne. Ein bezauberndes Juwel im vierten Stock des Continental Hotels, das beste des Lebens in Cremona, elegant und am besten mit [&hellip;]<\/p>\n","protected":false},"author":344,"featured_media":0,"parent":309,"menu_order":10,"comment_status":"closed","ping_status":"closed","template":"","meta":{"footnotes":""},"class_list":["post-312","page","type-page","status-publish","hentry"],"yoast_head":"<!-- This site is optimized with the Yoast SEO plugin v26.9 - https:\/\/yoast.com\/product\/yoast-seo-wordpress\/ -->\n<title>Restaurant &#8226; Cremona hotels &#8226;<\/title>\n<meta name=\"description\" content=\"AlQuarto- ein Rooftop Garden Restaurant im Hotel Continental  Das Restaurant \u201eQuarto\u201c ist bis zum 30.08.2025 ge\u00f6ffnet.  Wir erwarten Sie mit den frischesten mediterranen Gerichten, einem Glas der besten Weine und einem Cocktail unter die Sterne. Ein bezauberndes Juwel im vierten Stock des Continental Hotels, das beste des Lebens in Cremona, elegant und am besten mit \u201edem Haar im Wind\u201c auf der Terrasse Genie\u00dfen.  Eine moderne und helle Umgebung mit einer gro\u00dfen Panoramaterrasse mit Blick auf den Dom und Torrazzo\" \/>\n<meta name=\"robots\" content=\"index, follow, max-snippet:-1, max-image-preview:large, max-video-preview:-1\" \/>\n<link rel=\"canonical\" href=\"https:\/\/www.cremonahotels.it\/de\/dienstleistungen\/restaurant\/\" \/>\n<meta property=\"og:locale\" content=\"de_DE\" \/>\n<meta property=\"og:type\" content=\"article\" \/>\n<meta property=\"og:title\" content=\"Restaurant &#8226; Cremona hotels &#8226;\" \/>\n<meta property=\"og:description\" content=\"AlQuarto- ein Rooftop Garden Restaurant im Hotel Continental  Das Restaurant \u201eQuarto\u201c ist bis zum 30.08.2025 ge\u00f6ffnet.  Wir erwarten Sie mit den frischesten mediterranen Gerichten, einem Glas der besten Weine und einem Cocktail unter die Sterne. Ein bezauberndes Juwel im vierten Stock des Continental Hotels, das beste des Lebens in Cremona, elegant und am besten mit \u201edem Haar im Wind\u201c auf der Terrasse Genie\u00dfen.  Eine moderne und helle Umgebung mit einer gro\u00dfen Panoramaterrasse mit Blick auf den Dom und Torrazzo\" \/>\n<meta property=\"og:url\" content=\"https:\/\/www.cremonahotels.it\/de\/dienstleistungen\/restaurant\/\" \/>\n<meta property=\"og:site_name\" content=\"Cremona hotels\" \/>\n<meta property=\"article:modified_time\" content=\"2025-07-08T13:22:21+00:00\" \/>\n<meta name=\"twitter:card\" content=\"summary_large_image\" \/>\n<meta name=\"twitter:label1\" content=\"Gesch\u00e4tzte Lesezeit\" \/>\n\t<meta name=\"twitter:data1\" content=\"2 Minuten\" \/>\n<script type=\"application\/ld+json\" class=\"yoast-schema-graph\">{\"@context\":\"https:\/\/schema.org\",\"@graph\":[{\"@type\":\"WebPage\",\"@id\":\"https:\/\/www.cremonahotels.it\/de\/dienstleistungen\/restaurant\/\",\"url\":\"https:\/\/www.cremonahotels.it\/de\/dienstleistungen\/restaurant\/\",\"name\":\"Restaurant &#8226; Cremona hotels &#8226;\",\"isPartOf\":{\"@id\":\"https:\/\/www.cremonahotels.it\/de\/#website\"},\"datePublished\":\"2021-09-17T12:18:03+00:00\",\"dateModified\":\"2025-07-08T13:22:21+00:00\",\"description\":\"AlQuarto- ein Rooftop Garden Restaurant im Hotel Continental Das Restaurant \u201eQuarto\u201c ist bis zum 30.08.2025 ge\u00f6ffnet. Wir erwarten Sie mit den frischesten mediterranen Gerichten, einem Glas der besten Weine und einem Cocktail unter die Sterne. Ein bezauberndes Juwel im vierten Stock des Continental Hotels, das beste des Lebens in Cremona, elegant und am besten mit \u201edem Haar im Wind\u201c auf der Terrasse Genie\u00dfen. Eine moderne und helle Umgebung mit einer gro\u00dfen Panoramaterrasse mit Blick auf den Dom und Torrazzo\",\"breadcrumb\":{\"@id\":\"https:\/\/www.cremonahotels.it\/de\/dienstleistungen\/restaurant\/#breadcrumb\"},\"inLanguage\":\"de-DE\",\"potentialAction\":[{\"@type\":\"ReadAction\",\"target\":[\"https:\/\/www.cremonahotels.it\/de\/dienstleistungen\/restaurant\/\"]}]},{\"@type\":\"BreadcrumbList\",\"@id\":\"https:\/\/www.cremonahotels.it\/de\/dienstleistungen\/restaurant\/#breadcrumb\",\"itemListElement\":[{\"@type\":\"ListItem\",\"position\":1,\"name\":\"Home\",\"item\":\"https:\/\/www.cremonahotels.it\/de\/\"},{\"@type\":\"ListItem\",\"position\":2,\"name\":\"Dienstleistungen\",\"item\":\"https:\/\/www.cremonahotels.it\/de\/dienstleistungen\/\"},{\"@type\":\"ListItem\",\"position\":3,\"name\":\"Restaurant\"}]},{\"@type\":\"WebSite\",\"@id\":\"https:\/\/www.cremonahotels.it\/de\/#website\",\"url\":\"https:\/\/www.cremonahotels.it\/de\/\",\"name\":\"Cremona hotels\",\"description\":\"Just another ms.decms.eu site\",\"potentialAction\":[{\"@type\":\"SearchAction\",\"target\":{\"@type\":\"EntryPoint\",\"urlTemplate\":\"https:\/\/www.cremonahotels.it\/de\/?s={search_term_string}\"},\"query-input\":{\"@type\":\"PropertyValueSpecification\",\"valueRequired\":true,\"valueName\":\"search_term_string\"}}],\"inLanguage\":\"de-DE\"}]}<\/script>\n<!-- \/ Yoast SEO plugin. -->","yoast_head_json":{"title":"Restaurant &#8226; Cremona hotels &#8226;","description":"AlQuarto- ein Rooftop Garden Restaurant im Hotel Continental  Das Restaurant \u201eQuarto\u201c ist bis zum 30.08.2025 ge\u00f6ffnet.  Wir erwarten Sie mit den frischesten mediterranen Gerichten, einem Glas der besten Weine und einem Cocktail unter die Sterne. Ein bezauberndes Juwel im vierten Stock des Continental Hotels, das beste des Lebens in Cremona, elegant und am besten mit \u201edem Haar im Wind\u201c auf der Terrasse Genie\u00dfen.  Eine moderne und helle Umgebung mit einer gro\u00dfen Panoramaterrasse mit Blick auf den Dom und Torrazzo","robots":{"index":"index","follow":"follow","max-snippet":"max-snippet:-1","max-image-preview":"max-image-preview:large","max-video-preview":"max-video-preview:-1"},"canonical":"https:\/\/www.cremonahotels.it\/de\/dienstleistungen\/restaurant\/","og_locale":"de_DE","og_type":"article","og_title":"Restaurant &#8226; Cremona hotels &#8226;","og_description":"AlQuarto- ein Rooftop Garden Restaurant im Hotel Continental  Das Restaurant \u201eQuarto\u201c ist bis zum 30.08.2025 ge\u00f6ffnet.  Wir erwarten Sie mit den frischesten mediterranen Gerichten, einem Glas der besten Weine und einem Cocktail unter die Sterne. Ein bezauberndes Juwel im vierten Stock des Continental Hotels, das beste des Lebens in Cremona, elegant und am besten mit \u201edem Haar im Wind\u201c auf der Terrasse Genie\u00dfen.  Eine moderne und helle Umgebung mit einer gro\u00dfen Panoramaterrasse mit Blick auf den Dom und Torrazzo","og_url":"https:\/\/www.cremonahotels.it\/de\/dienstleistungen\/restaurant\/","og_site_name":"Cremona hotels","article_modified_time":"2025-07-08T13:22:21+00:00","twitter_card":"summary_large_image","twitter_misc":{"Gesch\u00e4tzte Lesezeit":"2 Minuten"},"schema":{"@context":"https:\/\/schema.org","@graph":[{"@type":"WebPage","@id":"https:\/\/www.cremonahotels.it\/de\/dienstleistungen\/restaurant\/","url":"https:\/\/www.cremonahotels.it\/de\/dienstleistungen\/restaurant\/","name":"Restaurant &#8226; Cremona hotels &#8226;","isPartOf":{"@id":"https:\/\/www.cremonahotels.it\/de\/#website"},"datePublished":"2021-09-17T12:18:03+00:00","dateModified":"2025-07-08T13:22:21+00:00","description":"AlQuarto- ein Rooftop Garden Restaurant im Hotel Continental Das Restaurant \u201eQuarto\u201c ist bis zum 30.08.2025 ge\u00f6ffnet. Wir erwarten Sie mit den frischesten mediterranen Gerichten, einem Glas der besten Weine und einem Cocktail unter die Sterne. Ein bezauberndes Juwel im vierten Stock des Continental Hotels, das beste des Lebens in Cremona, elegant und am besten mit \u201edem Haar im Wind\u201c auf der Terrasse Genie\u00dfen. Eine moderne und helle Umgebung mit einer gro\u00dfen Panoramaterrasse mit Blick auf den Dom und Torrazzo","breadcrumb":{"@id":"https:\/\/www.cremonahotels.it\/de\/dienstleistungen\/restaurant\/#breadcrumb"},"inLanguage":"de-DE","potentialAction":[{"@type":"ReadAction","target":["https:\/\/www.cremonahotels.it\/de\/dienstleistungen\/restaurant\/"]}]},{"@type":"BreadcrumbList","@id":"https:\/\/www.cremonahotels.it\/de\/dienstleistungen\/restaurant\/#breadcrumb","itemListElement":[{"@type":"ListItem","position":1,"name":"Home","item":"https:\/\/www.cremonahotels.it\/de\/"},{"@type":"ListItem","position":2,"name":"Dienstleistungen","item":"https:\/\/www.cremonahotels.it\/de\/dienstleistungen\/"},{"@type":"ListItem","position":3,"name":"Restaurant"}]},{"@type":"WebSite","@id":"https:\/\/www.cremonahotels.it\/de\/#website","url":"https:\/\/www.cremonahotels.it\/de\/","name":"Cremona hotels","description":"Just another ms.decms.eu site","potentialAction":[{"@type":"SearchAction","target":{"@type":"EntryPoint","urlTemplate":"https:\/\/www.cremonahotels.it\/de\/?s={search_term_string}"},"query-input":{"@type":"PropertyValueSpecification","valueRequired":true,"valueName":"search_term_string"}}],"inLanguage":"de-DE"}]}},"acf":[],"_links":{"self":[{"href":"https:\/\/www.cremonahotels.it\/de\/wp-json\/wp\/v2\/pages\/312","targetHints":{"allow":["GET"]}}],"collection":[{"href":"https:\/\/www.cremonahotels.it\/de\/wp-json\/wp\/v2\/pages"}],"about":[{"href":"https:\/\/www.cremonahotels.it\/de\/wp-json\/wp\/v2\/types\/page"}],"author":[{"embeddable":true,"href":"https:\/\/www.cremonahotels.it\/de\/wp-json\/wp\/v2\/users\/344"}],"replies":[{"embeddable":true,"href":"https:\/\/www.cremonahotels.it\/de\/wp-json\/wp\/v2\/comments?post=312"}],"version-history":[{"count":0,"href":"https:\/\/www.cremonahotels.it\/de\/wp-json\/wp\/v2\/pages\/312\/revisions"}],"up":[{"embeddable":true,"href":"https:\/\/www.cremonahotels.it\/de\/wp-json\/wp\/v2\/pages\/309"}],"wp:attachment":[{"href":"https:\/\/www.cremonahotels.it\/de\/wp-json\/wp\/v2\/media?parent=312"}],"curies":[{"name":"wp","href":"https:\/\/api.w.org\/{rel}","templated":true}]}}