{"id":306,"date":"2021-09-17T12:12:40","date_gmt":"2021-09-17T12:12:40","guid":{"rendered":"https:\/\/cremona-hotels.ms.decms.eu\/?page_id=306"},"modified":"2024-02-19T10:50:09","modified_gmt":"2024-02-19T10:50:09","slug":"meeting","status":"publish","type":"page","link":"https:\/\/www.cremonahotels.it\/de\/meeting\/","title":{"rendered":"Meeting"},"content":{"rendered":"<p><strong>Hotel Continental<\/strong> hat eine strategische Lage am Eingang der Stadt, wo das historische Zentrum, Autobahnzufahrten, das Messeviertel, das Stadion Zini, das PalaRadi und der Bahnhof nah beieinander liegen. Dem Continental gegen\u00fcber befindet sich der kostenlose st\u00e4dtische Parkplatz f\u00fcr die Touristenbusse und ein gro\u00dfer, freier Parkplatz f\u00fcr Privatwagen.<\/p>\n<p>Das Kongresszentrum des <strong>Hotels Continental<\/strong> stellt f\u00fcr Meetings, Ausbildungskurse und andere Ereignisse den gro\u00dfen \u201cStradivari-Saal\u201d zur Verf\u00fcgung, der bis zu 100 Personen aufnehmen kann. Dazu kommt ein \u201cBoardroom\u201d f\u00fcr kleinere Meetings von h\u00f6chstens 20 Personen. Beide S\u00e4le haben Tageslicht und sind mit moderner Technologie ausgestattet.<\/p>\n<p>Der Meetingssaal des <strong>DelleArti Design Hotel <\/strong>befindet sich in den Ausstellungsr\u00e4umlichkeiten der zeitgen\u00f6ssischen Kunstgalerie innerhalb des Hotels. Der Saal befasst maximal 60 Personen und kann auf Wunsch mit jeder Anlage und Einrichtung versehen werden.<\/p>\n<p>Der kleine, daneben liegende Saal f\u00fcr ca. 20 Personen kann dazu benutzt werden, ein Meeting in verschiedene Arbeitsgruppen einzuteilen oder er kann von kleinen Gruppen benutzt werden.<\/p>\n<p>In allen Strukturen bieten wir die M\u00f6glichkeit Welcome Coffee, Coffee Break, Lunch und Dinner zu organisieren.<\/p>\n<p>F\u00fcr Informationen:<\/p>\n<p>e-mail:<a href=\"mailto:corporate@cremonahotels.it\">corporate@cremonahotels.it<\/a><\/p>\n<p>tel: 0372-434141 ext 2<\/p>\n","protected":false},"excerpt":{"rendered":"<p>Hotel Continental hat eine strategische Lage am Eingang der Stadt, wo das historische Zentrum, Autobahnzufahrten, das Messeviertel, das Stadion Zini, das PalaRadi und der Bahnhof nah beieinander liegen. Dem Continental gegen\u00fcber befindet sich der kostenlose st\u00e4dtische Parkplatz f\u00fcr die Touristenbusse und ein gro\u00dfer, freier Parkplatz f\u00fcr Privatwagen. Das Kongresszentrum des Hotels Continental stellt f\u00fcr Meetings, [&hellip;]<\/p>\n","protected":false},"author":344,"featured_media":0,"parent":0,"menu_order":40,"comment_status":"closed","ping_status":"closed","template":"","meta":{"footnotes":""},"class_list":["post-306","page","type-page","status-publish","hentry"],"yoast_head":"<!-- This site is optimized with the Yoast SEO plugin v26.9 - https:\/\/yoast.com\/product\/yoast-seo-wordpress\/ -->\n<title>Meeting &#8226; Cremona hotels &#8226;<\/title>\n<meta name=\"description\" content=\"Hotel Continental hat eine strategische Lage am Eingang der Stadt, wo das historische Zentrum, Autobahnzufahrten, das Messeviertel, das Stadion Zini, das PalaRadi und der Bahnhof nah beieinander liegen. Dem Continental gegen\u00fcber befindet sich der kostenlose st\u00e4dtische Parkplatz f\u00fcr die Touristenbusse und ein gro\u00dfer, freier Parkplatz f\u00fcr Privatwagen.  Das Kongresszentrum des Hotels Continental stellt f\u00fcr Meetings, Ausbildungskurse und andere Ereignisse den gro\u00dfen \u201cStradivari-Saal\u201d zur Verf\u00fcgung, der bis zu 100 Personen aufnehmen kann\" \/>\n<meta name=\"robots\" content=\"index, follow, max-snippet:-1, max-image-preview:large, max-video-preview:-1\" \/>\n<link rel=\"canonical\" href=\"https:\/\/www.cremonahotels.it\/de\/meeting\/\" \/>\n<meta property=\"og:locale\" content=\"de_DE\" \/>\n<meta property=\"og:type\" content=\"article\" \/>\n<meta property=\"og:title\" content=\"Meeting &#8226; Cremona hotels &#8226;\" \/>\n<meta property=\"og:description\" content=\"Hotel Continental hat eine strategische Lage am Eingang der Stadt, wo das historische Zentrum, Autobahnzufahrten, das Messeviertel, das Stadion Zini, das PalaRadi und der Bahnhof nah beieinander liegen. Dem Continental gegen\u00fcber befindet sich der kostenlose st\u00e4dtische Parkplatz f\u00fcr die Touristenbusse und ein gro\u00dfer, freier Parkplatz f\u00fcr Privatwagen.  Das Kongresszentrum des Hotels Continental stellt f\u00fcr Meetings, Ausbildungskurse und andere Ereignisse den gro\u00dfen \u201cStradivari-Saal\u201d zur Verf\u00fcgung, der bis zu 100 Personen aufnehmen kann\" \/>\n<meta property=\"og:url\" content=\"https:\/\/www.cremonahotels.it\/de\/meeting\/\" \/>\n<meta property=\"og:site_name\" content=\"Cremona hotels\" \/>\n<meta property=\"article:modified_time\" content=\"2024-02-19T10:50:09+00:00\" \/>\n<meta name=\"twitter:card\" content=\"summary_large_image\" \/>\n<meta name=\"twitter:label1\" content=\"Gesch\u00e4tzte Lesezeit\" \/>\n\t<meta name=\"twitter:data1\" content=\"1 Minute\" \/>\n<script type=\"application\/ld+json\" class=\"yoast-schema-graph\">{\"@context\":\"https:\/\/schema.org\",\"@graph\":[{\"@type\":\"WebPage\",\"@id\":\"https:\/\/www.cremonahotels.it\/de\/meeting\/\",\"url\":\"https:\/\/www.cremonahotels.it\/de\/meeting\/\",\"name\":\"Meeting &#8226; Cremona hotels &#8226;\",\"isPartOf\":{\"@id\":\"https:\/\/www.cremonahotels.it\/de\/#website\"},\"datePublished\":\"2021-09-17T12:12:40+00:00\",\"dateModified\":\"2024-02-19T10:50:09+00:00\",\"description\":\"Hotel Continental hat eine strategische Lage am Eingang der Stadt, wo das historische Zentrum, Autobahnzufahrten, das Messeviertel, das Stadion Zini, das PalaRadi und der Bahnhof nah beieinander liegen. Dem Continental gegen\u00fcber befindet sich der kostenlose st\u00e4dtische Parkplatz f\u00fcr die Touristenbusse und ein gro\u00dfer, freier Parkplatz f\u00fcr Privatwagen. Das Kongresszentrum des Hotels Continental stellt f\u00fcr Meetings, Ausbildungskurse und andere Ereignisse den gro\u00dfen \u201cStradivari-Saal\u201d zur Verf\u00fcgung, der bis zu 100 Personen aufnehmen kann\",\"breadcrumb\":{\"@id\":\"https:\/\/www.cremonahotels.it\/de\/meeting\/#breadcrumb\"},\"inLanguage\":\"de-DE\",\"potentialAction\":[{\"@type\":\"ReadAction\",\"target\":[\"https:\/\/www.cremonahotels.it\/de\/meeting\/\"]}]},{\"@type\":\"BreadcrumbList\",\"@id\":\"https:\/\/www.cremonahotels.it\/de\/meeting\/#breadcrumb\",\"itemListElement\":[{\"@type\":\"ListItem\",\"position\":1,\"name\":\"Home\",\"item\":\"https:\/\/www.cremonahotels.it\/de\/\"},{\"@type\":\"ListItem\",\"position\":2,\"name\":\"Meeting\"}]},{\"@type\":\"WebSite\",\"@id\":\"https:\/\/www.cremonahotels.it\/de\/#website\",\"url\":\"https:\/\/www.cremonahotels.it\/de\/\",\"name\":\"Cremona hotels\",\"description\":\"Just another ms.decms.eu site\",\"potentialAction\":[{\"@type\":\"SearchAction\",\"target\":{\"@type\":\"EntryPoint\",\"urlTemplate\":\"https:\/\/www.cremonahotels.it\/de\/?s={search_term_string}\"},\"query-input\":{\"@type\":\"PropertyValueSpecification\",\"valueRequired\":true,\"valueName\":\"search_term_string\"}}],\"inLanguage\":\"de-DE\"}]}<\/script>\n<!-- \/ Yoast SEO plugin. -->","yoast_head_json":{"title":"Meeting &#8226; Cremona hotels &#8226;","description":"Hotel Continental hat eine strategische Lage am Eingang der Stadt, wo das historische Zentrum, Autobahnzufahrten, das Messeviertel, das Stadion Zini, das PalaRadi und der Bahnhof nah beieinander liegen. Dem Continental gegen\u00fcber befindet sich der kostenlose st\u00e4dtische Parkplatz f\u00fcr die Touristenbusse und ein gro\u00dfer, freier Parkplatz f\u00fcr Privatwagen.  Das Kongresszentrum des Hotels Continental stellt f\u00fcr Meetings, Ausbildungskurse und andere Ereignisse den gro\u00dfen \u201cStradivari-Saal\u201d zur Verf\u00fcgung, der bis zu 100 Personen aufnehmen kann","robots":{"index":"index","follow":"follow","max-snippet":"max-snippet:-1","max-image-preview":"max-image-preview:large","max-video-preview":"max-video-preview:-1"},"canonical":"https:\/\/www.cremonahotels.it\/de\/meeting\/","og_locale":"de_DE","og_type":"article","og_title":"Meeting &#8226; Cremona hotels &#8226;","og_description":"Hotel Continental hat eine strategische Lage am Eingang der Stadt, wo das historische Zentrum, Autobahnzufahrten, das Messeviertel, das Stadion Zini, das PalaRadi und der Bahnhof nah beieinander liegen. Dem Continental gegen\u00fcber befindet sich der kostenlose st\u00e4dtische Parkplatz f\u00fcr die Touristenbusse und ein gro\u00dfer, freier Parkplatz f\u00fcr Privatwagen.  Das Kongresszentrum des Hotels Continental stellt f\u00fcr Meetings, Ausbildungskurse und andere Ereignisse den gro\u00dfen \u201cStradivari-Saal\u201d zur Verf\u00fcgung, der bis zu 100 Personen aufnehmen kann","og_url":"https:\/\/www.cremonahotels.it\/de\/meeting\/","og_site_name":"Cremona hotels","article_modified_time":"2024-02-19T10:50:09+00:00","twitter_card":"summary_large_image","twitter_misc":{"Gesch\u00e4tzte Lesezeit":"1 Minute"},"schema":{"@context":"https:\/\/schema.org","@graph":[{"@type":"WebPage","@id":"https:\/\/www.cremonahotels.it\/de\/meeting\/","url":"https:\/\/www.cremonahotels.it\/de\/meeting\/","name":"Meeting &#8226; Cremona hotels &#8226;","isPartOf":{"@id":"https:\/\/www.cremonahotels.it\/de\/#website"},"datePublished":"2021-09-17T12:12:40+00:00","dateModified":"2024-02-19T10:50:09+00:00","description":"Hotel Continental hat eine strategische Lage am Eingang der Stadt, wo das historische Zentrum, Autobahnzufahrten, das Messeviertel, das Stadion Zini, das PalaRadi und der Bahnhof nah beieinander liegen. Dem Continental gegen\u00fcber befindet sich der kostenlose st\u00e4dtische Parkplatz f\u00fcr die Touristenbusse und ein gro\u00dfer, freier Parkplatz f\u00fcr Privatwagen. Das Kongresszentrum des Hotels Continental stellt f\u00fcr Meetings, Ausbildungskurse und andere Ereignisse den gro\u00dfen \u201cStradivari-Saal\u201d zur Verf\u00fcgung, der bis zu 100 Personen aufnehmen kann","breadcrumb":{"@id":"https:\/\/www.cremonahotels.it\/de\/meeting\/#breadcrumb"},"inLanguage":"de-DE","potentialAction":[{"@type":"ReadAction","target":["https:\/\/www.cremonahotels.it\/de\/meeting\/"]}]},{"@type":"BreadcrumbList","@id":"https:\/\/www.cremonahotels.it\/de\/meeting\/#breadcrumb","itemListElement":[{"@type":"ListItem","position":1,"name":"Home","item":"https:\/\/www.cremonahotels.it\/de\/"},{"@type":"ListItem","position":2,"name":"Meeting"}]},{"@type":"WebSite","@id":"https:\/\/www.cremonahotels.it\/de\/#website","url":"https:\/\/www.cremonahotels.it\/de\/","name":"Cremona hotels","description":"Just another ms.decms.eu site","potentialAction":[{"@type":"SearchAction","target":{"@type":"EntryPoint","urlTemplate":"https:\/\/www.cremonahotels.it\/de\/?s={search_term_string}"},"query-input":{"@type":"PropertyValueSpecification","valueRequired":true,"valueName":"search_term_string"}}],"inLanguage":"de-DE"}]}},"acf":[],"_links":{"self":[{"href":"https:\/\/www.cremonahotels.it\/de\/wp-json\/wp\/v2\/pages\/306","targetHints":{"allow":["GET"]}}],"collection":[{"href":"https:\/\/www.cremonahotels.it\/de\/wp-json\/wp\/v2\/pages"}],"about":[{"href":"https:\/\/www.cremonahotels.it\/de\/wp-json\/wp\/v2\/types\/page"}],"author":[{"embeddable":true,"href":"https:\/\/www.cremonahotels.it\/de\/wp-json\/wp\/v2\/users\/344"}],"replies":[{"embeddable":true,"href":"https:\/\/www.cremonahotels.it\/de\/wp-json\/wp\/v2\/comments?post=306"}],"version-history":[{"count":0,"href":"https:\/\/www.cremonahotels.it\/de\/wp-json\/wp\/v2\/pages\/306\/revisions"}],"wp:attachment":[{"href":"https:\/\/www.cremonahotels.it\/de\/wp-json\/wp\/v2\/media?parent=306"}],"curies":[{"name":"wp","href":"https:\/\/api.w.org\/{rel}","templated":true}]}}